{"id":44846,"date":"2025-05-08T03:21:37","date_gmt":"2025-05-08T03:21:37","guid":{"rendered":"https:\/\/kamolhospital.com\/about-us\/"},"modified":"2025-09-09T13:51:14","modified_gmt":"2025-09-09T13:51:14","slug":"about-us","status":"publish","type":"page","link":"https:\/\/backup.kamolhospital.com\/es\/about-us\/","title":{"rendered":"Sobre nosotros"},"content":{"rendered":"<p>Kamol Cosmetic Hospital es un hospital excepcional de cirug\u00eda est\u00e9tica y pl\u00e1stica donde los sue\u00f1os se hacen realidad. Acreditado por la Joint Commission International, el est\u00e1ndar de oro en atenci\u00f3n m\u00e9dica global, nuestros cirujanos son reconocidos como los m\u00e1s capacitados y experimentados en la industria. La experiencia m\u00e9dica de clase mundial disponible aqu\u00ed ofrece una nueva vida a quienes cruzan sus puertas.<br \/>Ubicado en Bangkok, Tailandia, los clientes describen una sensaci\u00f3n de \u201crenacimiento\u201d tras su tratamiento en nuestro hospital elegantemente dise\u00f1ado.<\/p>\n<p>\t\t\t\t\t\t\t\t\t\t\t\t\t<img fetchpriority=\"high\" decoding=\"async\" width=\"1920\" height=\"1080\" src=\"https:\/\/kamolhospital.com\/wp-content\/uploads\/2025\/05\/08272df137e9054525c67ee980b7ab10ee74a94d-min.jpg\" alt=\"\" srcset=\"https:\/\/kamolhospital.com\/wp-content\/uploads\/2025\/05\/08272df137e9054525c67ee980b7ab10ee74a94d-min.jpg 1920w, https:\/\/kamolhospital.com\/wp-content\/uploads\/2025\/05\/08272df137e9054525c67ee980b7ab10ee74a94d-min-300x169.jpg 300w, https:\/\/kamolhospital.com\/wp-content\/uploads\/2025\/05\/08272df137e9054525c67ee980b7ab10ee74a94d-min-1024x576.jpg 1024w, https:\/\/kamolhospital.com\/wp-content\/uploads\/2025\/05\/08272df137e9054525c67ee980b7ab10ee74a94d-min-768x432.jpg 768w, https:\/\/kamolhospital.com\/wp-content\/uploads\/2025\/05\/08272df137e9054525c67ee980b7ab10ee74a94d-min-1536x864.jpg 1536w\" sizes=\"(max-width: 1920px) 100vw, 1920px\" \/>\t\t\t\t\t\t\t\t\t\t\t\t\t\t\t\t\t\t\t\t\t\t\t\t\t\t<img decoding=\"async\" width=\"74\" height=\"74\" src=\"https:\/\/kamolhospital.com\/wp-content\/uploads\/2025\/05\/Frame-204.svg\" alt=\"\" \/>\t\t\t\t\t\t\t\t\t\t\t\t\t\t\t\t\t\t\t<\/p>\n<h2>Pioneros en Cirug\u00eda Est\u00e9tica y Cirug\u00eda de Afirmaci\u00f3n de G\u00e9nero desde los a\u00f1os 2000<\/h2>\n<p>Durante m\u00e1s de 25 a\u00f1os, el Hospital Cosm\u00e9tico Kamol se enorgullece de presentar uno de los equipos quir\u00fargicos m\u00e1s talentosos del mundo, liderado por el Dr. Kamol Pansritum, quien ha realizado m\u00e1s de 20,000 casos de cirug\u00eda de reasignaci\u00f3n de sexo y cirug\u00eda de feminizaci\u00f3n facial.<\/p>\n<p>Nuestro equipo est\u00e1 compuesto por cirujanos pl\u00e1sticos profesionales, anestesi\u00f3logos, ginec\u00f3logos y varios otros especialistas altamente capacitados. Trabajan como cirujanos y dise\u00f1adores art\u00edsticos para lograr que tu rostro y cuerpo tengan proporciones perfectamente armoniosas.<\/p>\n<p>\t\t\t\t\t\t\t\t\t\t\t\t\t<img decoding=\"async\" width=\"710\" height=\"862\" src=\"https:\/\/kamolhospital.com\/wp-content\/uploads\/2025\/06\/1694864135623.jpg\" alt=\"\" srcset=\"https:\/\/kamolhospital.com\/wp-content\/uploads\/2025\/06\/1694864135623.jpg 710w, https:\/\/kamolhospital.com\/wp-content\/uploads\/2025\/06\/1694864135623-247x300.jpg 247w\" sizes=\"(max-width: 710px) 100vw, 710px\" \/>\t\t\t\t\t\t\t\t\t\t\t\t\t\t\t\t\t\t\t\t\t\t\t\t\t\t<img loading=\"lazy\" decoding=\"async\" width=\"286\" height=\"287\" src=\"https:\/\/kamolhospital.com\/wp-content\/uploads\/2025\/05\/Frame-995-1.png\" alt=\"\" srcset=\"https:\/\/kamolhospital.com\/wp-content\/uploads\/2025\/05\/Frame-995-1.png 286w, https:\/\/kamolhospital.com\/wp-content\/uploads\/2025\/05\/Frame-995-1-150x150.png 150w\" sizes=\"(max-width: 286px) 100vw, 286px\" \/>\t\t\t\t\t\t\t\t\t\t\t\t\t\t\t\t\t\t\t\t\t\t\t\t\t\t<img loading=\"lazy\" decoding=\"async\" width=\"800\" height=\"601\" src=\"https:\/\/kamolhospital.com\/wp-content\/uploads\/2025\/06\/IMG_0011-1024x769.jpg\" alt=\"\" srcset=\"https:\/\/kamolhospital.com\/wp-content\/uploads\/2025\/06\/IMG_0011-1024x769.jpg 1024w, https:\/\/kamolhospital.com\/wp-content\/uploads\/2025\/06\/IMG_0011-300x225.jpg 300w, https:\/\/kamolhospital.com\/wp-content\/uploads\/2025\/06\/IMG_0011-768x577.jpg 768w, https:\/\/kamolhospital.com\/wp-content\/uploads\/2025\/06\/IMG_0011-1536x1154.jpg 1536w, https:\/\/kamolhospital.com\/wp-content\/uploads\/2025\/06\/IMG_0011-2048x1539.jpg 2048w\" sizes=\"(max-width: 800px) 100vw, 800px\" \/>\t\t\t\t\t\t\t\t\t\t\t\t\t\t\t\t\t\t\t\t\t\t\t\t\t\t<img loading=\"lazy\" decoding=\"async\" width=\"286\" height=\"287\" src=\"https:\/\/kamolhospital.com\/wp-content\/uploads\/2025\/05\/Frame-996.png\" alt=\"\" srcset=\"https:\/\/kamolhospital.com\/wp-content\/uploads\/2025\/05\/Frame-996.png 286w, https:\/\/kamolhospital.com\/wp-content\/uploads\/2025\/05\/Frame-996-150x150.png 150w\" sizes=\"(max-width: 286px) 100vw, 286px\" \/>\t\t\t\t\t\t\t\t\t\t\t\t\t\t\t\t\t\t\t\t\t\t\t\t\t\t<img loading=\"lazy\" decoding=\"async\" width=\"286\" height=\"287\" src=\"https:\/\/kamolhospital.com\/wp-content\/uploads\/2025\/05\/Frame-995.png\" alt=\"\" srcset=\"https:\/\/kamolhospital.com\/wp-content\/uploads\/2025\/05\/Frame-995.png 286w, https:\/\/kamolhospital.com\/wp-content\/uploads\/2025\/05\/Frame-995-150x150.png 150w\" sizes=\"(max-width: 286px) 100vw, 286px\" \/>\t\t\t\t\t\t\t\t\t\t\t\t\t\t\t\t\t\t\t\t\t\t\t\t\t\t<img loading=\"lazy\" decoding=\"async\" width=\"576\" height=\"1024\" src=\"https:\/\/kamolhospital.com\/wp-content\/uploads\/2025\/06\/LINE_ALBUM_Saline_250331_3-576x1024.jpg\" alt=\"\" srcset=\"https:\/\/kamolhospital.com\/wp-content\/uploads\/2025\/06\/LINE_ALBUM_Saline_250331_3-576x1024.jpg 576w, https:\/\/kamolhospital.com\/wp-content\/uploads\/2025\/06\/LINE_ALBUM_Saline_250331_3-169x300.jpg 169w, https:\/\/kamolhospital.com\/wp-content\/uploads\/2025\/06\/LINE_ALBUM_Saline_250331_3-768x1367.jpg 768w, https:\/\/kamolhospital.com\/wp-content\/uploads\/2025\/06\/LINE_ALBUM_Saline_250331_3-863x1536.jpg 863w, https:\/\/kamolhospital.com\/wp-content\/uploads\/2025\/06\/LINE_ALBUM_Saline_250331_3.jpg 1151w\" sizes=\"(max-width: 576px) 100vw, 576px\" \/>\t\t\t\t\t\t\t\t\t\t\t\t\t\t\t\t\t\t\t\t\t\t\t\t\t\t<img loading=\"lazy\" decoding=\"async\" width=\"286\" height=\"287\" src=\"https:\/\/kamolhospital.com\/wp-content\/uploads\/2025\/05\/Frame-153-1.png\" alt=\"\" srcset=\"https:\/\/kamolhospital.com\/wp-content\/uploads\/2025\/05\/Frame-153-1.png 286w, https:\/\/kamolhospital.com\/wp-content\/uploads\/2025\/05\/Frame-153-1-150x150.png 150w\" sizes=\"(max-width: 286px) 100vw, 286px\" \/>\t\t\t\t\t\t\t\t\t\t\t\t\t\t\t\t\t\t\t\t\t\t\t\t\t\t<img loading=\"lazy\" decoding=\"async\" width=\"183\" height=\"178\" src=\"https:\/\/kamolhospital.com\/wp-content\/uploads\/2025\/05\/Frame-164.jpg\" alt=\"\" \/>\t\t\t\t\t\t\t\t\t\t\t\t\t\t\t\t\t\t\t\t\t\t\t\t\t\t<img loading=\"lazy\" decoding=\"async\" width=\"800\" height=\"450\" src=\"https:\/\/kamolhospital.com\/wp-content\/uploads\/2025\/06\/LINE_ALBUM_Book_250331_2-1024x576.jpg\" alt=\"\" srcset=\"https:\/\/kamolhospital.com\/wp-content\/uploads\/2025\/06\/LINE_ALBUM_Book_250331_2-1024x576.jpg 1024w, https:\/\/kamolhospital.com\/wp-content\/uploads\/2025\/06\/LINE_ALBUM_Book_250331_2-300x169.jpg 300w, https:\/\/kamolhospital.com\/wp-content\/uploads\/2025\/06\/LINE_ALBUM_Book_250331_2-768x432.jpg 768w, https:\/\/kamolhospital.com\/wp-content\/uploads\/2025\/06\/LINE_ALBUM_Book_250331_2-1536x864.jpg 1536w, https:\/\/kamolhospital.com\/wp-content\/uploads\/2025\/06\/LINE_ALBUM_Book_250331_2.jpg 2048w\" sizes=\"(max-width: 800px) 100vw, 800px\" \/>\t\t\t\t\t\t\t\t\t\t\t\t\t\t\t\t\t\t\t\t\t\t\t\t\t\t<img loading=\"lazy\" decoding=\"async\" width=\"800\" height=\"1000\" src=\"https:\/\/kamolhospital.com\/wp-content\/uploads\/2025\/06\/50SiKIEf-819x1024.jpeg\" alt=\"\" srcset=\"https:\/\/kamolhospital.com\/wp-content\/uploads\/2025\/06\/50SiKIEf-819x1024.jpeg 819w, https:\/\/kamolhospital.com\/wp-content\/uploads\/2025\/06\/50SiKIEf-240x300.jpeg 240w, https:\/\/kamolhospital.com\/wp-content\/uploads\/2025\/06\/50SiKIEf-768x960.jpeg 768w, https:\/\/kamolhospital.com\/wp-content\/uploads\/2025\/06\/50SiKIEf-1229x1536.jpeg 1229w, https:\/\/kamolhospital.com\/wp-content\/uploads\/2025\/06\/50SiKIEf-1638x2048.jpeg 1638w, https:\/\/kamolhospital.com\/wp-content\/uploads\/2025\/06\/50SiKIEf-scaled.jpeg 2048w\" sizes=\"(max-width: 800px) 100vw, 800px\" \/>\t\t\t\t\t\t\t\t\t\t\t\t\t\t\t\t<\/p>\n<h2>Nuestra misi\u00f3n<\/h2>\n<p>Brindar cirug\u00edas cosm\u00e9ticas y de confirmaci\u00f3n de g\u00e9nero de clase mundial mediante atenci\u00f3n personalizada, t\u00e9cnicas innovadoras y un compromiso inquebrantable con el bienestar del paciente. Defendemos la inclusi\u00f3n, la compasi\u00f3n y el empoderamiento, ayudando a cada persona a convertirse en la versi\u00f3n m\u00e1s aut\u00e9ntica de s\u00ed misma.<\/p>\n<p>\t\t\t\t\t\t\t\t\t\t\t\t\t<img loading=\"lazy\" decoding=\"async\" width=\"1280\" height=\"720\" src=\"https:\/\/kamolhospital.com\/wp-content\/uploads\/2025\/06\/kamol-hospital-mission.jpg\" alt=\"\" srcset=\"https:\/\/kamolhospital.com\/wp-content\/uploads\/2025\/06\/kamol-hospital-mission.jpg 1280w, https:\/\/kamolhospital.com\/wp-content\/uploads\/2025\/06\/kamol-hospital-mission-300x169.jpg 300w, https:\/\/kamolhospital.com\/wp-content\/uploads\/2025\/06\/kamol-hospital-mission-1024x576.jpg 1024w, https:\/\/kamolhospital.com\/wp-content\/uploads\/2025\/06\/kamol-hospital-mission-768x432.jpg 768w\" sizes=\"(max-width: 1280px) 100vw, 1280px\" \/>\t\t\t\t\t\t\t\t\t\t\t\t\t\t\t\t\t\t\t\t\t\t\t\t\t\t<img loading=\"lazy\" decoding=\"async\" width=\"2560\" height=\"1707\" src=\"https:\/\/kamolhospital.com\/wp-content\/uploads\/2025\/05\/61dc1feff66708b5ee47a5bcdb91a9d2045a3006-scaled.jpg\" alt=\"\" srcset=\"https:\/\/kamolhospital.com\/wp-content\/uploads\/2025\/05\/61dc1feff66708b5ee47a5bcdb91a9d2045a3006-scaled.jpg 2560w, https:\/\/kamolhospital.com\/wp-content\/uploads\/2025\/05\/61dc1feff66708b5ee47a5bcdb91a9d2045a3006-300x200.jpg 300w, https:\/\/kamolhospital.com\/wp-content\/uploads\/2025\/05\/61dc1feff66708b5ee47a5bcdb91a9d2045a3006-1024x683.jpg 1024w, https:\/\/kamolhospital.com\/wp-content\/uploads\/2025\/05\/61dc1feff66708b5ee47a5bcdb91a9d2045a3006-768x512.jpg 768w, https:\/\/kamolhospital.com\/wp-content\/uploads\/2025\/05\/61dc1feff66708b5ee47a5bcdb91a9d2045a3006-1536x1024.jpg 1536w, https:\/\/kamolhospital.com\/wp-content\/uploads\/2025\/05\/61dc1feff66708b5ee47a5bcdb91a9d2045a3006-2048x1366.jpg 2048w\" sizes=\"(max-width: 2560px) 100vw, 2560px\" \/>\t\t\t\t\t\t\t\t\t\t\t\t\t\t\t\t\t\t\t\t\t\t\t\t\t\t<img loading=\"lazy\" decoding=\"async\" width=\"2048\" height=\"2560\" src=\"https:\/\/kamolhospital.com\/wp-content\/uploads\/2025\/05\/Founders-crop-scaled.jpg\" alt=\"\" srcset=\"https:\/\/kamolhospital.com\/wp-content\/uploads\/2025\/05\/Founders-crop-scaled.jpg 2048w, https:\/\/kamolhospital.com\/wp-content\/uploads\/2025\/05\/Founders-crop-240x300.jpg 240w, https:\/\/kamolhospital.com\/wp-content\/uploads\/2025\/05\/Founders-crop-819x1024.jpg 819w, https:\/\/kamolhospital.com\/wp-content\/uploads\/2025\/05\/Founders-crop-768x960.jpg 768w, https:\/\/kamolhospital.com\/wp-content\/uploads\/2025\/05\/Founders-crop-1229x1536.jpg 1229w, https:\/\/kamolhospital.com\/wp-content\/uploads\/2025\/05\/Founders-crop-1639x2048.jpg 1639w\" sizes=\"(max-width: 2048px) 100vw, 2048px\" \/>\t\t\t\t\t\t\t\t\t\t\t\t\t\t\t\t<\/p>\n<h2>Nuestro fundador<\/h2>\n<p>Dirigido por el Dr. Kamol Pansritum, un pionero reconocido mundialmente en procedimientos de afirmaci\u00f3n de g\u00e9nero, nuestro hospital se ha construido sobre d\u00e9cadas de experiencia quir\u00fargica. El Dr. Kamol y su equipo altamente capacitado de cirujanos certificados, enfermeras y cuidadores han realizado miles de procedimientos que cambian vidas con precisi\u00f3n, arte y empat\u00eda.<\/p>\n<h2>Nuestra historia<\/h2>\n<p>Kamol Cosmetic Hospital naci\u00f3 con una visi\u00f3n, arraigada en la empat\u00eda, la precisi\u00f3n y el deseo de cambiar vidas. Fundado por el Dr. Kamol Pansritum, pionero en cirug\u00eda est\u00e9tica y de afirmaci\u00f3n de g\u00e9nero, nuestro camino comenz\u00f3 hace m\u00e1s de tres d\u00e9cadas con un \u00fanico prop\u00f3sito: ayudar a las personas a sentirse realmente en casa en su propio cuerpo.<\/p>\n<p>Desde comienzos humildes en Bangkok, la experiencia y el enfoque compasivo del Dr. Kamol atrajeron a pacientes de toda Tailandia y, eventualmente, del mundo entero. A medida que las t\u00e9cnicas evolucionaban y la demanda crec\u00eda, tambi\u00e9n lo hac\u00eda nuestro compromiso con la excelencia. Con los a\u00f1os, Kamol Cosmetic Hospital se convirti\u00f3 en un centro m\u00e9dico de clase mundial, combinando las \u00faltimas innovaciones quir\u00fargicas con una atenci\u00f3n personalizada y sincera.<\/p>\n<p>Hoy en d\u00eda, ubicado en el coraz\u00f3n de Bangkok, Kamol Cosmetic Hospital se erige como uno de los principales centros del mundo en cirug\u00eda est\u00e9tica y de afirmaci\u00f3n de g\u00e9nero. Nuestro legado est\u00e1 construido sobre decenas de miles de procedimientos exitosos, un profundo respeto por la identidad individual y la convicci\u00f3n de que la transformaci\u00f3n no es solo f\u00edsica, sino un poderoso viaje de autoafirmaci\u00f3n, confianza y verdad personal.<\/p>\n<p>\t\t\t\t\t\t\t\t\t\t\t\t\t<img loading=\"lazy\" decoding=\"async\" width=\"120\" height=\"121\" src=\"https:\/\/kamolhospital.com\/wp-content\/uploads\/2025\/05\/Frame-910.png\" alt=\"\" \/>\t\t\t\t\t\t\t\t\t\t\t\t\t\t\t\t<\/p>\n<h4>\u2014 Dr. Kamol Pansritum<\/h4>\n<h5>Founder &amp; Leading Surgeon, Kamol Cosmetic Hospital<\/h5>\n","protected":false},"excerpt":{"rendered":"<p>Kamol Cosmetic Hospital es un hospital excepcional de cirug\u00eda est\u00e9tica y pl\u00e1stica donde los sue\u00f1os se hacen realidad. Acreditado por la Joint Commission International, el est\u00e1ndar de oro en atenci\u00f3n m\u00e9dica global, nuestros cirujanos son reconocidos como los m\u00e1s capacitados y experimentados en la industria. La experiencia m\u00e9dica de clase mundial disponible aqu\u00ed ofrece una [&hellip;]<\/p>\n","protected":false},"author":2,"featured_media":0,"parent":0,"menu_order":0,"comment_status":"closed","ping_status":"closed","template":"","meta":{"_acf_changed":false,"footnotes":""},"class_list":["post-44846","page","type-page","status-publish","hentry"],"acf":[],"yoast_head":"<!-- This site is optimized with the Yoast SEO plugin v26.0 - https:\/\/yoast.com\/wordpress\/plugins\/seo\/ -->\n<title>Sobre nosotros - Kamol Hospital<\/title>\n<meta name=\"robots\" content=\"noindex, follow, max-snippet:-1, max-image-preview:large, max-video-preview:-1\" \/>\n<meta property=\"og:locale\" content=\"es_ES\" \/>\n<meta property=\"og:type\" content=\"article\" \/>\n<meta property=\"og:title\" content=\"Sobre nosotros - Kamol Hospital\" \/>\n<meta property=\"og:description\" content=\"Kamol Cosmetic Hospital es un hospital excepcional de cirug\u00eda est\u00e9tica y pl\u00e1stica donde los sue\u00f1os se hacen realidad. Acreditado por la Joint Commission International, el est\u00e1ndar de oro en atenci\u00f3n m\u00e9dica global, nuestros cirujanos son reconocidos como los m\u00e1s capacitados y experimentados en la industria. La experiencia m\u00e9dica de clase mundial disponible aqu\u00ed ofrece una [&hellip;]\" \/>\n<meta property=\"og:url\" content=\"https:\/\/backup.kamolhospital.com\/es\/about-us\/\" \/>\n<meta property=\"og:site_name\" content=\"Kamol Hospital\" \/>\n<meta property=\"article:modified_time\" content=\"2025-09-09T13:51:14+00:00\" \/>\n<meta property=\"og:image\" content=\"https:\/\/kamolhospital.com\/wp-content\/uploads\/2025\/05\/08272df137e9054525c67ee980b7ab10ee74a94d-min.jpg\" \/>\n<meta name=\"twitter:card\" content=\"summary_large_image\" \/>\n<meta name=\"twitter:label1\" content=\"Tiempo de lectura\" \/>\n\t<meta name=\"twitter:data1\" content=\"3 minutos\" \/>\n<script type=\"application\/ld+json\" class=\"yoast-schema-graph\">{\"@context\":\"https:\/\/schema.org\",\"@graph\":[{\"@type\":\"WebPage\",\"@id\":\"https:\/\/backup.kamolhospital.com\/es\/about-us\/\",\"url\":\"https:\/\/backup.kamolhospital.com\/es\/about-us\/\",\"name\":\"Sobre nosotros - Kamol Hospital\",\"isPartOf\":{\"@id\":\"https:\/\/backup.kamolhospital.com\/es\/#website\"},\"primaryImageOfPage\":{\"@id\":\"https:\/\/backup.kamolhospital.com\/es\/about-us\/#primaryimage\"},\"image\":{\"@id\":\"https:\/\/backup.kamolhospital.com\/es\/about-us\/#primaryimage\"},\"thumbnailUrl\":\"https:\/\/kamolhospital.com\/wp-content\/uploads\/2025\/05\/08272df137e9054525c67ee980b7ab10ee74a94d-min.jpg\",\"datePublished\":\"2025-05-08T03:21:37+00:00\",\"dateModified\":\"2025-09-09T13:51:14+00:00\",\"breadcrumb\":{\"@id\":\"https:\/\/backup.kamolhospital.com\/es\/about-us\/#breadcrumb\"},\"inLanguage\":\"es\",\"potentialAction\":[{\"@type\":\"ReadAction\",\"target\":[\"https:\/\/backup.kamolhospital.com\/es\/about-us\/\"]}]},{\"@type\":\"ImageObject\",\"inLanguage\":\"es\",\"@id\":\"https:\/\/backup.kamolhospital.com\/es\/about-us\/#primaryimage\",\"url\":\"https:\/\/kamolhospital.com\/wp-content\/uploads\/2025\/05\/08272df137e9054525c67ee980b7ab10ee74a94d-min.jpg\",\"contentUrl\":\"https:\/\/kamolhospital.com\/wp-content\/uploads\/2025\/05\/08272df137e9054525c67ee980b7ab10ee74a94d-min.jpg\"},{\"@type\":\"BreadcrumbList\",\"@id\":\"https:\/\/backup.kamolhospital.com\/es\/about-us\/#breadcrumb\",\"itemListElement\":[{\"@type\":\"ListItem\",\"position\":1,\"name\":\"Home\",\"item\":\"https:\/\/backup.kamolhospital.com\/es\/\"},{\"@type\":\"ListItem\",\"position\":2,\"name\":\"Sobre nosotros\"}]},{\"@type\":\"WebSite\",\"@id\":\"https:\/\/backup.kamolhospital.com\/es\/#website\",\"url\":\"https:\/\/backup.kamolhospital.com\/es\/\",\"name\":\"Kamol Hospital\",\"description\":\"\",\"publisher\":{\"@id\":\"https:\/\/backup.kamolhospital.com\/es\/#organization\"},\"potentialAction\":[{\"@type\":\"SearchAction\",\"target\":{\"@type\":\"EntryPoint\",\"urlTemplate\":\"https:\/\/backup.kamolhospital.com\/es\/?s={search_term_string}\"},\"query-input\":{\"@type\":\"PropertyValueSpecification\",\"valueRequired\":true,\"valueName\":\"search_term_string\"}}],\"inLanguage\":\"es\"},{\"@type\":\"Organization\",\"@id\":\"https:\/\/backup.kamolhospital.com\/es\/#organization\",\"name\":\"Kamol Hospital\",\"url\":\"https:\/\/backup.kamolhospital.com\/es\/\",\"logo\":{\"@type\":\"ImageObject\",\"inLanguage\":\"es\",\"@id\":\"https:\/\/backup.kamolhospital.com\/es\/#\/schema\/logo\/image\/\",\"url\":\"https:\/\/backup.kamolhospital.com\/wp-content\/uploads\/2025\/04\/kamol-logo.svg\",\"contentUrl\":\"https:\/\/backup.kamolhospital.com\/wp-content\/uploads\/2025\/04\/kamol-logo.svg\",\"width\":157,\"height\":51,\"caption\":\"Kamol Hospital\"},\"image\":{\"@id\":\"https:\/\/backup.kamolhospital.com\/es\/#\/schema\/logo\/image\/\"}}]}<\/script>\n<!-- \/ Yoast SEO plugin. -->","yoast_head_json":{"title":"Sobre nosotros - Kamol Hospital","robots":{"index":"noindex","follow":"follow","max-snippet":"max-snippet:-1","max-image-preview":"max-image-preview:large","max-video-preview":"max-video-preview:-1"},"og_locale":"es_ES","og_type":"article","og_title":"Sobre nosotros - Kamol Hospital","og_description":"Kamol Cosmetic Hospital es un hospital excepcional de cirug\u00eda est\u00e9tica y pl\u00e1stica donde los sue\u00f1os se hacen realidad. Acreditado por la Joint Commission International, el est\u00e1ndar de oro en atenci\u00f3n m\u00e9dica global, nuestros cirujanos son reconocidos como los m\u00e1s capacitados y experimentados en la industria. La experiencia m\u00e9dica de clase mundial disponible aqu\u00ed ofrece una [&hellip;]","og_url":"https:\/\/backup.kamolhospital.com\/es\/about-us\/","og_site_name":"Kamol Hospital","article_modified_time":"2025-09-09T13:51:14+00:00","og_image":[{"url":"https:\/\/kamolhospital.com\/wp-content\/uploads\/2025\/05\/08272df137e9054525c67ee980b7ab10ee74a94d-min.jpg","type":"","width":"","height":""}],"twitter_card":"summary_large_image","twitter_misc":{"Tiempo de lectura":"3 minutos"},"schema":{"@context":"https:\/\/schema.org","@graph":[{"@type":"WebPage","@id":"https:\/\/backup.kamolhospital.com\/es\/about-us\/","url":"https:\/\/backup.kamolhospital.com\/es\/about-us\/","name":"Sobre nosotros - Kamol Hospital","isPartOf":{"@id":"https:\/\/backup.kamolhospital.com\/es\/#website"},"primaryImageOfPage":{"@id":"https:\/\/backup.kamolhospital.com\/es\/about-us\/#primaryimage"},"image":{"@id":"https:\/\/backup.kamolhospital.com\/es\/about-us\/#primaryimage"},"thumbnailUrl":"https:\/\/kamolhospital.com\/wp-content\/uploads\/2025\/05\/08272df137e9054525c67ee980b7ab10ee74a94d-min.jpg","datePublished":"2025-05-08T03:21:37+00:00","dateModified":"2025-09-09T13:51:14+00:00","breadcrumb":{"@id":"https:\/\/backup.kamolhospital.com\/es\/about-us\/#breadcrumb"},"inLanguage":"es","potentialAction":[{"@type":"ReadAction","target":["https:\/\/backup.kamolhospital.com\/es\/about-us\/"]}]},{"@type":"ImageObject","inLanguage":"es","@id":"https:\/\/backup.kamolhospital.com\/es\/about-us\/#primaryimage","url":"https:\/\/kamolhospital.com\/wp-content\/uploads\/2025\/05\/08272df137e9054525c67ee980b7ab10ee74a94d-min.jpg","contentUrl":"https:\/\/kamolhospital.com\/wp-content\/uploads\/2025\/05\/08272df137e9054525c67ee980b7ab10ee74a94d-min.jpg"},{"@type":"BreadcrumbList","@id":"https:\/\/backup.kamolhospital.com\/es\/about-us\/#breadcrumb","itemListElement":[{"@type":"ListItem","position":1,"name":"Home","item":"https:\/\/backup.kamolhospital.com\/es\/"},{"@type":"ListItem","position":2,"name":"Sobre nosotros"}]},{"@type":"WebSite","@id":"https:\/\/backup.kamolhospital.com\/es\/#website","url":"https:\/\/backup.kamolhospital.com\/es\/","name":"Kamol Hospital","description":"","publisher":{"@id":"https:\/\/backup.kamolhospital.com\/es\/#organization"},"potentialAction":[{"@type":"SearchAction","target":{"@type":"EntryPoint","urlTemplate":"https:\/\/backup.kamolhospital.com\/es\/?s={search_term_string}"},"query-input":{"@type":"PropertyValueSpecification","valueRequired":true,"valueName":"search_term_string"}}],"inLanguage":"es"},{"@type":"Organization","@id":"https:\/\/backup.kamolhospital.com\/es\/#organization","name":"Kamol Hospital","url":"https:\/\/backup.kamolhospital.com\/es\/","logo":{"@type":"ImageObject","inLanguage":"es","@id":"https:\/\/backup.kamolhospital.com\/es\/#\/schema\/logo\/image\/","url":"https:\/\/backup.kamolhospital.com\/wp-content\/uploads\/2025\/04\/kamol-logo.svg","contentUrl":"https:\/\/backup.kamolhospital.com\/wp-content\/uploads\/2025\/04\/kamol-logo.svg","width":157,"height":51,"caption":"Kamol Hospital"},"image":{"@id":"https:\/\/backup.kamolhospital.com\/es\/#\/schema\/logo\/image\/"}}]}},"_links":{"self":[{"href":"https:\/\/backup.kamolhospital.com\/es\/wp-json\/wp\/v2\/pages\/44846","targetHints":{"allow":["GET"]}}],"collection":[{"href":"https:\/\/backup.kamolhospital.com\/es\/wp-json\/wp\/v2\/pages"}],"about":[{"href":"https:\/\/backup.kamolhospital.com\/es\/wp-json\/wp\/v2\/types\/page"}],"author":[{"embeddable":true,"href":"https:\/\/backup.kamolhospital.com\/es\/wp-json\/wp\/v2\/users\/2"}],"replies":[{"embeddable":true,"href":"https:\/\/backup.kamolhospital.com\/es\/wp-json\/wp\/v2\/comments?post=44846"}],"version-history":[{"count":10,"href":"https:\/\/backup.kamolhospital.com\/es\/wp-json\/wp\/v2\/pages\/44846\/revisions"}],"predecessor-version":[{"id":78639,"href":"https:\/\/backup.kamolhospital.com\/es\/wp-json\/wp\/v2\/pages\/44846\/revisions\/78639"}],"wp:attachment":[{"href":"https:\/\/backup.kamolhospital.com\/es\/wp-json\/wp\/v2\/media?parent=44846"}],"curies":[{"name":"wp","href":"https:\/\/api.w.org\/{rel}","templated":true}]}}