{"id":46180,"date":"2025-06-06T06:18:30","date_gmt":"2025-06-06T06:18:30","guid":{"rendered":"https:\/\/kamolhospital.com\/videos\/"},"modified":"2025-09-18T16:11:53","modified_gmt":"2025-09-18T16:11:53","slug":"videos","status":"publish","type":"page","link":"https:\/\/backup.kamolhospital.com\/es\/videos\/","title":{"rendered":"Videos"},"content":{"rendered":"<h1>Videos<\/h1>\n<p>\t\t\t\t\tTransformaciones en movimiento:<br \/>Historias reales y trayectorias quir\u00fargicas\t\t<\/p>\n<p>Explore poderosos testimonios de pacientes, perspectivas detr\u00e1s de escena y procedimientos que cambian vidas a trav\u00e9s de nuestra biblioteca de videos, que capturan la experiencia, el cuidado y la transformaci\u00f3n que definen a Kamol Hospital.<\/p>\n","protected":false},"excerpt":{"rendered":"<p>Videos Transformaciones en movimiento:Historias reales y trayectorias quir\u00fargicas Explore poderosos testimonios de pacientes, perspectivas detr\u00e1s de escena y procedimientos que cambian vidas a trav\u00e9s de nuestra biblioteca de videos, que capturan la experiencia, el cuidado y la transformaci\u00f3n que definen a Kamol Hospital.<\/p>\n","protected":false},"author":2,"featured_media":0,"parent":0,"menu_order":0,"comment_status":"closed","ping_status":"closed","template":"","meta":{"_acf_changed":false,"footnotes":""},"class_list":["post-46180","page","type-page","status-publish","hentry"],"acf":[],"yoast_head":"<!-- This site is optimized with the Yoast SEO plugin v26.0 - https:\/\/yoast.com\/wordpress\/plugins\/seo\/ -->\n<title>Videos - Kamol Hospital<\/title>\n<meta name=\"robots\" content=\"noindex, follow, max-snippet:-1, max-image-preview:large, max-video-preview:-1\" \/>\n<meta property=\"og:locale\" content=\"es_ES\" \/>\n<meta property=\"og:type\" content=\"article\" \/>\n<meta property=\"og:title\" content=\"Videos - Kamol Hospital\" \/>\n<meta property=\"og:description\" content=\"Videos Transformaciones en movimiento:Historias reales y trayectorias quir\u00fargicas Explore poderosos testimonios de pacientes, perspectivas detr\u00e1s de escena y procedimientos que cambian vidas a trav\u00e9s de nuestra biblioteca de videos, que capturan la experiencia, el cuidado y la transformaci\u00f3n que definen a Kamol Hospital.\" \/>\n<meta property=\"og:url\" content=\"https:\/\/backup.kamolhospital.com\/es\/videos\/\" \/>\n<meta property=\"og:site_name\" content=\"Kamol Hospital\" \/>\n<meta property=\"article:modified_time\" content=\"2025-09-18T16:11:53+00:00\" \/>\n<meta name=\"twitter:card\" content=\"summary_large_image\" \/>\n<script type=\"application\/ld+json\" class=\"yoast-schema-graph\">{\"@context\":\"https:\/\/schema.org\",\"@graph\":[{\"@type\":\"WebPage\",\"@id\":\"https:\/\/backup.kamolhospital.com\/es\/videos\/\",\"url\":\"https:\/\/backup.kamolhospital.com\/es\/videos\/\",\"name\":\"Videos - Kamol Hospital\",\"isPartOf\":{\"@id\":\"https:\/\/backup.kamolhospital.com\/es\/#website\"},\"datePublished\":\"2025-06-06T06:18:30+00:00\",\"dateModified\":\"2025-09-18T16:11:53+00:00\",\"breadcrumb\":{\"@id\":\"https:\/\/backup.kamolhospital.com\/es\/videos\/#breadcrumb\"},\"inLanguage\":\"es\",\"potentialAction\":[{\"@type\":\"ReadAction\",\"target\":[\"https:\/\/backup.kamolhospital.com\/es\/videos\/\"]}]},{\"@type\":\"BreadcrumbList\",\"@id\":\"https:\/\/backup.kamolhospital.com\/es\/videos\/#breadcrumb\",\"itemListElement\":[{\"@type\":\"ListItem\",\"position\":1,\"name\":\"Home\",\"item\":\"https:\/\/backup.kamolhospital.com\/es\/\"},{\"@type\":\"ListItem\",\"position\":2,\"name\":\"Videos\"}]},{\"@type\":\"WebSite\",\"@id\":\"https:\/\/backup.kamolhospital.com\/es\/#website\",\"url\":\"https:\/\/backup.kamolhospital.com\/es\/\",\"name\":\"Kamol Hospital\",\"description\":\"\",\"publisher\":{\"@id\":\"https:\/\/backup.kamolhospital.com\/es\/#organization\"},\"potentialAction\":[{\"@type\":\"SearchAction\",\"target\":{\"@type\":\"EntryPoint\",\"urlTemplate\":\"https:\/\/backup.kamolhospital.com\/es\/?s={search_term_string}\"},\"query-input\":{\"@type\":\"PropertyValueSpecification\",\"valueRequired\":true,\"valueName\":\"search_term_string\"}}],\"inLanguage\":\"es\"},{\"@type\":\"Organization\",\"@id\":\"https:\/\/backup.kamolhospital.com\/es\/#organization\",\"name\":\"Kamol Hospital\",\"url\":\"https:\/\/backup.kamolhospital.com\/es\/\",\"logo\":{\"@type\":\"ImageObject\",\"inLanguage\":\"es\",\"@id\":\"https:\/\/backup.kamolhospital.com\/es\/#\/schema\/logo\/image\/\",\"url\":\"https:\/\/backup.kamolhospital.com\/wp-content\/uploads\/2025\/04\/kamol-logo.svg\",\"contentUrl\":\"https:\/\/backup.kamolhospital.com\/wp-content\/uploads\/2025\/04\/kamol-logo.svg\",\"width\":157,\"height\":51,\"caption\":\"Kamol Hospital\"},\"image\":{\"@id\":\"https:\/\/backup.kamolhospital.com\/es\/#\/schema\/logo\/image\/\"}}]}<\/script>\n<!-- \/ Yoast SEO plugin. -->","yoast_head_json":{"title":"Videos - Kamol Hospital","robots":{"index":"noindex","follow":"follow","max-snippet":"max-snippet:-1","max-image-preview":"max-image-preview:large","max-video-preview":"max-video-preview:-1"},"og_locale":"es_ES","og_type":"article","og_title":"Videos - Kamol Hospital","og_description":"Videos Transformaciones en movimiento:Historias reales y trayectorias quir\u00fargicas Explore poderosos testimonios de pacientes, perspectivas detr\u00e1s de escena y procedimientos que cambian vidas a trav\u00e9s de nuestra biblioteca de videos, que capturan la experiencia, el cuidado y la transformaci\u00f3n que definen a Kamol Hospital.","og_url":"https:\/\/backup.kamolhospital.com\/es\/videos\/","og_site_name":"Kamol Hospital","article_modified_time":"2025-09-18T16:11:53+00:00","twitter_card":"summary_large_image","schema":{"@context":"https:\/\/schema.org","@graph":[{"@type":"WebPage","@id":"https:\/\/backup.kamolhospital.com\/es\/videos\/","url":"https:\/\/backup.kamolhospital.com\/es\/videos\/","name":"Videos - Kamol Hospital","isPartOf":{"@id":"https:\/\/backup.kamolhospital.com\/es\/#website"},"datePublished":"2025-06-06T06:18:30+00:00","dateModified":"2025-09-18T16:11:53+00:00","breadcrumb":{"@id":"https:\/\/backup.kamolhospital.com\/es\/videos\/#breadcrumb"},"inLanguage":"es","potentialAction":[{"@type":"ReadAction","target":["https:\/\/backup.kamolhospital.com\/es\/videos\/"]}]},{"@type":"BreadcrumbList","@id":"https:\/\/backup.kamolhospital.com\/es\/videos\/#breadcrumb","itemListElement":[{"@type":"ListItem","position":1,"name":"Home","item":"https:\/\/backup.kamolhospital.com\/es\/"},{"@type":"ListItem","position":2,"name":"Videos"}]},{"@type":"WebSite","@id":"https:\/\/backup.kamolhospital.com\/es\/#website","url":"https:\/\/backup.kamolhospital.com\/es\/","name":"Kamol Hospital","description":"","publisher":{"@id":"https:\/\/backup.kamolhospital.com\/es\/#organization"},"potentialAction":[{"@type":"SearchAction","target":{"@type":"EntryPoint","urlTemplate":"https:\/\/backup.kamolhospital.com\/es\/?s={search_term_string}"},"query-input":{"@type":"PropertyValueSpecification","valueRequired":true,"valueName":"search_term_string"}}],"inLanguage":"es"},{"@type":"Organization","@id":"https:\/\/backup.kamolhospital.com\/es\/#organization","name":"Kamol Hospital","url":"https:\/\/backup.kamolhospital.com\/es\/","logo":{"@type":"ImageObject","inLanguage":"es","@id":"https:\/\/backup.kamolhospital.com\/es\/#\/schema\/logo\/image\/","url":"https:\/\/backup.kamolhospital.com\/wp-content\/uploads\/2025\/04\/kamol-logo.svg","contentUrl":"https:\/\/backup.kamolhospital.com\/wp-content\/uploads\/2025\/04\/kamol-logo.svg","width":157,"height":51,"caption":"Kamol Hospital"},"image":{"@id":"https:\/\/backup.kamolhospital.com\/es\/#\/schema\/logo\/image\/"}}]}},"_links":{"self":[{"href":"https:\/\/backup.kamolhospital.com\/es\/wp-json\/wp\/v2\/pages\/46180","targetHints":{"allow":["GET"]}}],"collection":[{"href":"https:\/\/backup.kamolhospital.com\/es\/wp-json\/wp\/v2\/pages"}],"about":[{"href":"https:\/\/backup.kamolhospital.com\/es\/wp-json\/wp\/v2\/types\/page"}],"author":[{"embeddable":true,"href":"https:\/\/backup.kamolhospital.com\/es\/wp-json\/wp\/v2\/users\/2"}],"replies":[{"embeddable":true,"href":"https:\/\/backup.kamolhospital.com\/es\/wp-json\/wp\/v2\/comments?post=46180"}],"version-history":[{"count":26,"href":"https:\/\/backup.kamolhospital.com\/es\/wp-json\/wp\/v2\/pages\/46180\/revisions"}],"predecessor-version":[{"id":79940,"href":"https:\/\/backup.kamolhospital.com\/es\/wp-json\/wp\/v2\/pages\/46180\/revisions\/79940"}],"wp:attachment":[{"href":"https:\/\/backup.kamolhospital.com\/es\/wp-json\/wp\/v2\/media?parent=46180"}],"curies":[{"name":"wp","href":"https:\/\/api.w.org\/{rel}","templated":true}]}}