{"id":46242,"date":"2025-05-15T17:39:49","date_gmt":"2025-05-15T17:39:49","guid":{"rendered":"https:\/\/kamolhospital.com\/articles\/"},"modified":"2025-09-10T05:29:54","modified_gmt":"2025-09-10T05:29:54","slug":"articles","status":"publish","type":"page","link":"https:\/\/backup.kamolhospital.com\/es\/articles\/","title":{"rendered":"Art\u00edculos"},"content":{"rendered":"<h1>ART\u00cdCULOS<\/h1>\n<p>\t\t\t\t\tIdeas, apoyo e historias del Hospital Kamol<\/p>\n<p>Descubre la visi\u00f3n de expertos, testimonios reales y orientaci\u00f3n pr\u00e1ctica en afirmaci\u00f3n de g\u00e9nero, planificaci\u00f3n de transici\u00f3n, bienestar, turismo m\u00e9dico y m\u00e1s \u2014 contenidos creados para acompa\u00f1arte y empoderarte en cada paso de tu camino.<\/p>\n","protected":false},"excerpt":{"rendered":"<p>ART\u00cdCULOS Ideas, apoyo e historias del Hospital Kamol Descubre la visi\u00f3n de expertos, testimonios reales y orientaci\u00f3n pr\u00e1ctica en afirmaci\u00f3n de g\u00e9nero, planificaci\u00f3n de transici\u00f3n, bienestar, turismo m\u00e9dico y m\u00e1s \u2014 contenidos creados para acompa\u00f1arte y empoderarte en cada paso de tu camino.<\/p>\n","protected":false},"author":2,"featured_media":0,"parent":0,"menu_order":0,"comment_status":"closed","ping_status":"closed","template":"","meta":{"_acf_changed":false,"footnotes":""},"class_list":["post-46242","page","type-page","status-publish","hentry"],"acf":[],"yoast_head":"<!-- This site is optimized with the Yoast SEO plugin v26.0 - https:\/\/yoast.com\/wordpress\/plugins\/seo\/ -->\n<title>Art\u00edculos - Kamol Hospital<\/title>\n<meta name=\"robots\" content=\"noindex, follow, max-snippet:-1, max-image-preview:large, max-video-preview:-1\" \/>\n<meta property=\"og:locale\" content=\"es_ES\" \/>\n<meta property=\"og:type\" content=\"article\" \/>\n<meta property=\"og:title\" content=\"Art\u00edculos - Kamol Hospital\" \/>\n<meta property=\"og:description\" content=\"ART\u00cdCULOS Ideas, apoyo e historias del Hospital Kamol Descubre la visi\u00f3n de expertos, testimonios reales y orientaci\u00f3n pr\u00e1ctica en afirmaci\u00f3n de g\u00e9nero, planificaci\u00f3n de transici\u00f3n, bienestar, turismo m\u00e9dico y m\u00e1s \u2014 contenidos creados para acompa\u00f1arte y empoderarte en cada paso de tu camino.\" \/>\n<meta property=\"og:url\" content=\"https:\/\/backup.kamolhospital.com\/es\/articles\/\" \/>\n<meta property=\"og:site_name\" content=\"Kamol Hospital\" \/>\n<meta property=\"article:modified_time\" content=\"2025-09-10T05:29:54+00:00\" \/>\n<meta name=\"twitter:card\" content=\"summary_large_image\" \/>\n<script type=\"application\/ld+json\" class=\"yoast-schema-graph\">{\"@context\":\"https:\/\/schema.org\",\"@graph\":[{\"@type\":\"WebPage\",\"@id\":\"https:\/\/backup.kamolhospital.com\/es\/articles\/\",\"url\":\"https:\/\/backup.kamolhospital.com\/es\/articles\/\",\"name\":\"Art\u00edculos - Kamol Hospital\",\"isPartOf\":{\"@id\":\"https:\/\/backup.kamolhospital.com\/es\/#website\"},\"datePublished\":\"2025-05-15T17:39:49+00:00\",\"dateModified\":\"2025-09-10T05:29:54+00:00\",\"breadcrumb\":{\"@id\":\"https:\/\/backup.kamolhospital.com\/es\/articles\/#breadcrumb\"},\"inLanguage\":\"es\",\"potentialAction\":[{\"@type\":\"ReadAction\",\"target\":[\"https:\/\/backup.kamolhospital.com\/es\/articles\/\"]}]},{\"@type\":\"BreadcrumbList\",\"@id\":\"https:\/\/backup.kamolhospital.com\/es\/articles\/#breadcrumb\",\"itemListElement\":[{\"@type\":\"ListItem\",\"position\":1,\"name\":\"Home\",\"item\":\"https:\/\/backup.kamolhospital.com\/es\/\"},{\"@type\":\"ListItem\",\"position\":2,\"name\":\"Art\u00edculos\"}]},{\"@type\":\"WebSite\",\"@id\":\"https:\/\/backup.kamolhospital.com\/es\/#website\",\"url\":\"https:\/\/backup.kamolhospital.com\/es\/\",\"name\":\"Kamol Hospital\",\"description\":\"\",\"publisher\":{\"@id\":\"https:\/\/backup.kamolhospital.com\/es\/#organization\"},\"potentialAction\":[{\"@type\":\"SearchAction\",\"target\":{\"@type\":\"EntryPoint\",\"urlTemplate\":\"https:\/\/backup.kamolhospital.com\/es\/?s={search_term_string}\"},\"query-input\":{\"@type\":\"PropertyValueSpecification\",\"valueRequired\":true,\"valueName\":\"search_term_string\"}}],\"inLanguage\":\"es\"},{\"@type\":\"Organization\",\"@id\":\"https:\/\/backup.kamolhospital.com\/es\/#organization\",\"name\":\"Kamol Hospital\",\"url\":\"https:\/\/backup.kamolhospital.com\/es\/\",\"logo\":{\"@type\":\"ImageObject\",\"inLanguage\":\"es\",\"@id\":\"https:\/\/backup.kamolhospital.com\/es\/#\/schema\/logo\/image\/\",\"url\":\"https:\/\/backup.kamolhospital.com\/wp-content\/uploads\/2025\/04\/kamol-logo.svg\",\"contentUrl\":\"https:\/\/backup.kamolhospital.com\/wp-content\/uploads\/2025\/04\/kamol-logo.svg\",\"width\":157,\"height\":51,\"caption\":\"Kamol Hospital\"},\"image\":{\"@id\":\"https:\/\/backup.kamolhospital.com\/es\/#\/schema\/logo\/image\/\"}}]}<\/script>\n<!-- \/ Yoast SEO plugin. -->","yoast_head_json":{"title":"Art\u00edculos - Kamol Hospital","robots":{"index":"noindex","follow":"follow","max-snippet":"max-snippet:-1","max-image-preview":"max-image-preview:large","max-video-preview":"max-video-preview:-1"},"og_locale":"es_ES","og_type":"article","og_title":"Art\u00edculos - Kamol Hospital","og_description":"ART\u00cdCULOS Ideas, apoyo e historias del Hospital Kamol Descubre la visi\u00f3n de expertos, testimonios reales y orientaci\u00f3n pr\u00e1ctica en afirmaci\u00f3n de g\u00e9nero, planificaci\u00f3n de transici\u00f3n, bienestar, turismo m\u00e9dico y m\u00e1s \u2014 contenidos creados para acompa\u00f1arte y empoderarte en cada paso de tu camino.","og_url":"https:\/\/backup.kamolhospital.com\/es\/articles\/","og_site_name":"Kamol Hospital","article_modified_time":"2025-09-10T05:29:54+00:00","twitter_card":"summary_large_image","schema":{"@context":"https:\/\/schema.org","@graph":[{"@type":"WebPage","@id":"https:\/\/backup.kamolhospital.com\/es\/articles\/","url":"https:\/\/backup.kamolhospital.com\/es\/articles\/","name":"Art\u00edculos - Kamol Hospital","isPartOf":{"@id":"https:\/\/backup.kamolhospital.com\/es\/#website"},"datePublished":"2025-05-15T17:39:49+00:00","dateModified":"2025-09-10T05:29:54+00:00","breadcrumb":{"@id":"https:\/\/backup.kamolhospital.com\/es\/articles\/#breadcrumb"},"inLanguage":"es","potentialAction":[{"@type":"ReadAction","target":["https:\/\/backup.kamolhospital.com\/es\/articles\/"]}]},{"@type":"BreadcrumbList","@id":"https:\/\/backup.kamolhospital.com\/es\/articles\/#breadcrumb","itemListElement":[{"@type":"ListItem","position":1,"name":"Home","item":"https:\/\/backup.kamolhospital.com\/es\/"},{"@type":"ListItem","position":2,"name":"Art\u00edculos"}]},{"@type":"WebSite","@id":"https:\/\/backup.kamolhospital.com\/es\/#website","url":"https:\/\/backup.kamolhospital.com\/es\/","name":"Kamol Hospital","description":"","publisher":{"@id":"https:\/\/backup.kamolhospital.com\/es\/#organization"},"potentialAction":[{"@type":"SearchAction","target":{"@type":"EntryPoint","urlTemplate":"https:\/\/backup.kamolhospital.com\/es\/?s={search_term_string}"},"query-input":{"@type":"PropertyValueSpecification","valueRequired":true,"valueName":"search_term_string"}}],"inLanguage":"es"},{"@type":"Organization","@id":"https:\/\/backup.kamolhospital.com\/es\/#organization","name":"Kamol Hospital","url":"https:\/\/backup.kamolhospital.com\/es\/","logo":{"@type":"ImageObject","inLanguage":"es","@id":"https:\/\/backup.kamolhospital.com\/es\/#\/schema\/logo\/image\/","url":"https:\/\/backup.kamolhospital.com\/wp-content\/uploads\/2025\/04\/kamol-logo.svg","contentUrl":"https:\/\/backup.kamolhospital.com\/wp-content\/uploads\/2025\/04\/kamol-logo.svg","width":157,"height":51,"caption":"Kamol Hospital"},"image":{"@id":"https:\/\/backup.kamolhospital.com\/es\/#\/schema\/logo\/image\/"}}]}},"_links":{"self":[{"href":"https:\/\/backup.kamolhospital.com\/es\/wp-json\/wp\/v2\/pages\/46242","targetHints":{"allow":["GET"]}}],"collection":[{"href":"https:\/\/backup.kamolhospital.com\/es\/wp-json\/wp\/v2\/pages"}],"about":[{"href":"https:\/\/backup.kamolhospital.com\/es\/wp-json\/wp\/v2\/types\/page"}],"author":[{"embeddable":true,"href":"https:\/\/backup.kamolhospital.com\/es\/wp-json\/wp\/v2\/users\/2"}],"replies":[{"embeddable":true,"href":"https:\/\/backup.kamolhospital.com\/es\/wp-json\/wp\/v2\/comments?post=46242"}],"version-history":[{"count":35,"href":"https:\/\/backup.kamolhospital.com\/es\/wp-json\/wp\/v2\/pages\/46242\/revisions"}],"predecessor-version":[{"id":79195,"href":"https:\/\/backup.kamolhospital.com\/es\/wp-json\/wp\/v2\/pages\/46242\/revisions\/79195"}],"wp:attachment":[{"href":"https:\/\/backup.kamolhospital.com\/es\/wp-json\/wp\/v2\/media?parent=46242"}],"curies":[{"name":"wp","href":"https:\/\/api.w.org\/{rel}","templated":true}]}}