{"id":52017,"date":"2025-06-11T03:26:10","date_gmt":"2025-06-11T03:26:10","guid":{"rendered":"https:\/\/kamolhospital.com\/kamol-trip\/pre-arrival\/"},"modified":"2025-10-01T14:01:18","modified_gmt":"2025-10-01T14:01:18","slug":"pre-arrival","status":"publish","type":"page","link":"https:\/\/backup.kamolhospital.com\/es\/kamol-trip\/pre-arrival\/","title":{"rendered":"Antes de la llegada"},"content":{"rendered":"<p>VIAJE M\u00c9DICO\t\t\t\t\t Comience su viaje aqu\u00ed\t\t<\/p>\n<p>Siendo una de las instalaciones m\u00e1s nuevas del mundo construidas con un prop\u00f3sito espec\u00edfico, dise\u00f1ada desde cero para brindar comodidad y conveniencia al paciente.<\/p>\n<p>HOSPITAL KAMOL<\/p>\n<p>En el Hospital de Cirug\u00eda Est\u00e9tica Kamol, ofrecemos cirug\u00edas est\u00e9ticas y de afirmaci\u00f3n de g\u00e9nero avanzadas con los m\u00e1s altos est\u00e1ndares de seguridad y atenci\u00f3n. Explore nuestros servicios integrales y encuentre la mejor opci\u00f3n.<\/p>\n<ul>\n<li>\n\t\t\t\t\t\t\t\t\t\t\t<a href=\"#prepare\"><br \/>\n\t\t\t\t\t\t\t\t\t\t\t1 Preparar un informe de historial m\u00e9dico<br \/>\n\t\t\t\t\t\t\t\t\t\t\t<\/a>\n\t\t\t\t\t\t\t\t\t<\/li>\n<li>\n\t\t\t\t\t\t\t\t\t\t\t<a href=\"#pre-operative\"><br \/>\n\t\t\t\t\t\t\t\t\t\t\t2 Preparaci\u00f3n preoperatoria<br \/>\n\t\t\t\t\t\t\t\t\t\t\t<\/a>\n\t\t\t\t\t\t\t\t\t<\/li>\n<li>\n\t\t\t\t\t\t\t\t\t\t\t<a href=\"#visa\"><br \/>\n\t\t\t\t\t\t\t\t\t\t\t3  Requisitos de visado para viajar a Tailandia<br \/>\n\t\t\t\t\t\t\t\t\t\t\t<\/a>\n\t\t\t\t\t\t\t\t\t<\/li>\n<\/ul>\n<p>\t\t\t\thttps:\/\/www.youtube.com\/watch?v=L7R76eOB3Io\t\t\t\t\t\t\t\t\t\t\t\t\t<img fetchpriority=\"high\" decoding=\"async\" width=\"2048\" height=\"1365\" src=\"https:\/\/www.kamolhospital.com\/wp-content\/uploads\/2025\/06\/945dcb1af2d9cc604260741f5842ac8020560930.jpg\" alt=\"\" srcset=\"https:\/\/www.kamolhospital.com\/wp-content\/uploads\/2025\/06\/945dcb1af2d9cc604260741f5842ac8020560930.jpg 2048w, https:\/\/www.kamolhospital.com\/wp-content\/uploads\/2025\/06\/945dcb1af2d9cc604260741f5842ac8020560930-300x200.jpg 300w, https:\/\/www.kamolhospital.com\/wp-content\/uploads\/2025\/06\/945dcb1af2d9cc604260741f5842ac8020560930-1024x683.jpg 1024w, https:\/\/www.kamolhospital.com\/wp-content\/uploads\/2025\/06\/945dcb1af2d9cc604260741f5842ac8020560930-768x512.jpg 768w, https:\/\/www.kamolhospital.com\/wp-content\/uploads\/2025\/06\/945dcb1af2d9cc604260741f5842ac8020560930-1536x1024.jpg 1536w\" sizes=\"(max-width: 2048px) 100vw, 2048px\" \/>\t\t\t\t\t\t\t\t\t\t\t\t\t\t\t\t1\t\t\t\t\t<\/p>\n<h2> Preparar un informe de historial m\u00e9dico<br \/>\n<\/h2>\n<p>Su informe de historia cl\u00ednica es un registro de los tratamientos previos realizados por m\u00e9dicos y hospitales. Los informes pueden variar en detalles y extensi\u00f3n, dependiendo del alcance de su historial m\u00e9dico. Sin embargo, en general, todos los informes contienen informaci\u00f3n y detalles comunes, como el examen f\u00edsico y el examen f\u00edsico preanest\u00e9sico enfocado, que incluye una evaluaci\u00f3n de la v\u00eda a\u00e9rea, los pulmones y el coraz\u00f3n, con la documentaci\u00f3n de los signos vitales. Tambi\u00e9n puede ser necesaria otra informaci\u00f3n m\u00e9dica, como la visi\u00f3n, la audici\u00f3n y las respuestas del sistema nervioso. Los hallazgos anormales inesperados en el examen f\u00edsico deben investigarse antes de su cirug\u00eda electiva.<\/p>\n<h3>Pruebas generales<br \/>\n<\/h3>\n<ul>\n<li style=\"font-weight: 400;\" aria-level=\"1\">Hemograma completo (CBC)<\/li>\n<li style=\"font-weight: 400;\" aria-level=\"1\">Electrolitos<\/li>\n<li style=\"font-weight: 400;\" aria-level=\"1\">Prueba de VIH<\/li>\n<li style=\"font-weight: 400;\" aria-level=\"1\">Pruebas de hepatitis<\/li>\n<li style=\"font-weight: 400;\" aria-level=\"1\">Radiograf\u00eda de t\u00f3rax<\/li>\n<\/ul>\n<p>Se realizar\u00e1 un an\u00e1lisis de sangre para verificar su estado de salud general y probablemente tambi\u00e9n se le realice un electrocardiograma (ECG), colocando electrodos en el pecho para medir la funci\u00f3n card\u00edaca. Si existen inquietudes sobre sus pulmones, es posible que deba realizarse una radiograf\u00eda de t\u00f3rax.<\/p>\n<p><b>Prueba requerida antes de la cirug\u00eda de reasignaci\u00f3n de sexo<\/b><\/p>\n<p><b><\/b> Se requiere una evaluaci\u00f3n psicol\u00f3gica para determinar si existen problemas de salud mental que puedan influir en el estado de \u00e1nimo de una persona y para evaluar si est\u00e1 preparada para afrontar las tensiones f\u00edsicas y emocionales del proceso de transici\u00f3n. Tras la evaluaci\u00f3n, se debe presentar una carta de un psiquiatra.<\/p>\n<p>\t\t\t\t\t\t\t\t\t\t\t\t\t<img decoding=\"async\" width=\"1280\" height=\"720\" src=\"https:\/\/www.kamolhospital.com\/wp-content\/uploads\/2025\/06\/0d4df3c350395141fb53c8d5079f9f2e6777ff82-1.jpg\" alt=\"\" srcset=\"https:\/\/www.kamolhospital.com\/wp-content\/uploads\/2025\/06\/0d4df3c350395141fb53c8d5079f9f2e6777ff82-1.jpg 1280w, https:\/\/www.kamolhospital.com\/wp-content\/uploads\/2025\/06\/0d4df3c350395141fb53c8d5079f9f2e6777ff82-1-300x169.jpg 300w, https:\/\/www.kamolhospital.com\/wp-content\/uploads\/2025\/06\/0d4df3c350395141fb53c8d5079f9f2e6777ff82-1-1024x576.jpg 1024w, https:\/\/www.kamolhospital.com\/wp-content\/uploads\/2025\/06\/0d4df3c350395141fb53c8d5079f9f2e6777ff82-1-768x432.jpg 768w\" sizes=\"(max-width: 1280px) 100vw, 1280px\" \/>\t\t\t\t\t\t\t\t\t\t\t\t\t\t\t\t2\t\t\t\t\t<\/p>\n<h2> Preparaci\u00f3n preoperatoria<\/h2>\n<p>Diferentes procedimientos requerir\u00e1n distintas preparaciones preoperatorias. Seleccione su procedimiento de inter\u00e9s y su edad para ver m\u00e1s informaci\u00f3n.<\/p>\n<p><b>Nota<\/b><\/p>\n<ul>\n<li style=\"font-weight: 400;\" aria-level=\"1\">LA = Anestesia local<\/li>\n<li style=\"font-weight: 400;\" aria-level=\"1\">GA = Anestesia general<\/li>\n<\/ul>\n<p>    <form id=\"kmt-filter\">\n\t\t<div class=\"custom-select-wrapper\">\n        <select id=\"kmt_procedure\" name=\"kmt_procedure\">\n            <option value=\"\">Select Procedure<\/option>\n            <option value=\"abdominal-etching\">Abdominal etching<\/option><option value=\"blepharoplasty-eyelid-surgery-la-ga\">Blepharoplasty (eyelid surgery) [LA\/GA]<\/option><option value=\"breast-augmentation\">Breast augmentation<\/option><option value=\"breast-lift\">Breast lift<\/option><option value=\"breast-reconstruction\">Breast reconstruction<\/option><option value=\"brow-bone-shaving-bossing\">Brow bone shaving\/bossing<\/option><option value=\"buttock-augmentation\">Buttock augmentation<\/option><option value=\"cheek-augmentation-reduction\">Cheek augmentation\/reduction<\/option><option value=\"chin-contouring\">Chin contouring<\/option><option value=\"cleft-lip-and-palate-repair\">Cleft lip and palate repair<\/option><option value=\"eyebrow-lift\">Eyebrow lift<\/option><option value=\"face-and-neck-lift\">Face and neck lift<\/option><option value=\"fat-transfer\">Fat transfer<\/option><option value=\"forehead-contouring\">Forehead contouring<\/option><option value=\"forehead-lift\">Forehead lift<\/option><option value=\"full-metoidioplasty-package-metoidioplasty-vaginectomy-urethral-lengthening-scrotoplasty-with-implants\">Full Metoidioplasty package- Metoidioplasty- Vaginectomy- Urethral lengthening- Scrotoplasty with implants<\/option><option value=\"hairline-lowering\">Hairline lowering<\/option><option value=\"hip-augmentation\">Hip augmentation<\/option><option value=\"hypospadia\">Hypospadia<\/option><option value=\"jaw-contouring\">Jaw contouring<\/option><option value=\"labiaplasty-without-vagina\">Labiaplasty without vagina<\/option><option value=\"lip-lift-la-ga\">Lip lift [LA\/GA]<\/option><option value=\"lipectomy\">Lipectomy<\/option><option value=\"liposuction\">Liposuction<\/option><option value=\"male-to-female-mtf-breast-augmentation\">Male-to-Female (MTF) breast augmentation<\/option><option value=\"mastectomy\">Mastectomy<\/option><option value=\"metoidioplasty-or-simple-release\">Metoidioplasty or simple release<\/option><option value=\"nipple-areolar-correction\">Nipple\/Areolar correction<\/option><option value=\"oophorectomy-and-hysterectomy\">Oophorectomy and Hysterectomy<\/option><option value=\"other-reconstructions\">Other reconstructions<\/option><option value=\"otoplasty-cosmetic-ear-surgery-la-ga\">Otoplasty (cosmetic ear surgery) [LA\/GA]<\/option><option value=\"pectoral-implant\">Pectoral implant<\/option><option value=\"penile-implant\">Penile implant<\/option><option value=\"phalloplasty\">Phalloplasty<\/option><option value=\"rhinoplasty-nose-reconstruction-la-ga\">Rhinoplasty (nose reconstruction) [LA\/GA]<\/option><option value=\"scar-revision\">Scar revision<\/option><option value=\"scrotoplasty-with-testicular-implants\">Scrotoplasty with testicular implants<\/option><option value=\"sex-reassignment-surgery-srs-correction\">Sex reassignment surgery (SRS) correction<\/option><option value=\"tracheal-shave-adams-apple-surgery-la-ga\">Tracheal shave (Adam\u2019s apple surgery) [LA\/GA]<\/option><option value=\"urethral-lengthening\">Urethral lengthening<\/option><option value=\"vaginal-atresia\">Vaginal atresia<\/option><option value=\"vaginal-closure\">Vaginal closure<\/option><option value=\"vaginoplasty-with-colon-technique\">Vaginoplasty with colon technique<\/option><option value=\"vaginoplasty-with-skin-graft-technique\">Vaginoplasty with skin graft technique<\/option><option value=\"voice-feminization-surgery\">Voice feminization surgery<\/option>        <\/select>\n\t\t\t<i class=\"fas fa-chevron-down\"><\/i>\n\t\t<\/div>\n\t\t<div class=\"custom-select-wrapper\">\n        <select id=\"kmt_age\" name=\"kmt_age\">\n            <option value=\"\">Select Age<\/option>\n            <option value=\"35-39-years-old\">35 - 39 years old<\/option><option value=\"40-49-years-old\">40 - 49 years old<\/option><option value=\"40-49-years-old-with-underlying-diseases-or-50-years-old-and-above\">40 - 49 years old with underlying diseases, or 50 years old and above<\/option><option value=\"below-35-years-old\">Below 35 years old<\/option>\t\t\t<i class=\"fas fa-chevron-down\"><\/i>\n        <\/select><i class=\"fas fa-chevron-down\"><\/i>\n\t\t<\/div>\n    <\/form>\n    <div id=\"kmt-results\" style=\"display:none;\"><\/div>\t\t\t\t\t\t\t\t\t\t\t\t\t<img decoding=\"async\" width=\"656\" height=\"438\" src=\"https:\/\/www.kamolhospital.com\/wp-content\/uploads\/2025\/06\/8d4b413e18eace.jpg\" alt=\"\" srcset=\"https:\/\/www.kamolhospital.com\/wp-content\/uploads\/2025\/06\/8d4b413e18eace.jpg 656w, https:\/\/www.kamolhospital.com\/wp-content\/uploads\/2025\/06\/8d4b413e18eace-300x200.jpg 300w\" sizes=\"(max-width: 656px) 100vw, 656px\" \/>\t\t\t\t\t\t\t\t\t\t\t\t\t\t\t\t3\t\t\t\t\t<\/p>\n<h2>Requisitos de visado para viajar a Tailandia<br \/>\n<\/h2>\n<p>Aseg\u00farese de tener el visado requerido para su estancia en Tailandia. Si no est\u00e1 seguro, consulte con la Embajada Real de Tailandia en su pa\u00eds o visite su sitio web.<\/p>\n<p><b>Exenci\u00f3n de visado para viajeros de EE. UU. y Canad\u00e1 (30 d\u00edas)<\/b><\/p>\n<ul>\n<li style=\"font-weight: 400;\" aria-level=\"1\">El viaje debe ser solo por turismo.<\/li>\n<li style=\"font-weight: 400;\" aria-level=\"1\">Se requiere un billete de regreso confirmado dentro de los 30 d\u00edas.<\/li>\n<li style=\"font-weight: 400;\" aria-level=\"1\">Debe llevar 10,000 THB (individuos) o 20,000 THB (familias) en efectivo.<\/li>\n<li style=\"font-weight: 400;\" aria-level=\"1\">Puede llevar hasta 50,000 THB en efectivo; las divisas extranjeras superiores a 20,000 USD deben declararse.<\/li>\n<li style=\"font-weight: 400;\" aria-level=\"1\">La entrada queda a discreci\u00f3n de los oficiales de inmigraci\u00f3n tailandeses.<\/li>\n<\/ul>\n<p><b>Pr\u00f3rrogas de visado y reingreso<\/b><\/p>\n<ul>\n<li style=\"font-weight: 400;\" aria-level=\"1\">La exenci\u00f3n de visado no se puede prorrogar, pero los viajeros pueden volver a ingresar saliendo y volviendo a entrar en avi\u00f3n. Es posible que los cruces por frontera terrestre no califiquen.<\/li>\n<li>Un visado m\u00e9dico puede ser prorrogado por el hospital.<\/li>\n<\/ul>\n<ul>\n<li>\n\t\t\t\t\t\t\t<svg xmlns=\"http:\/\/www.w3.org\/2000\/svg\" width=\"36\" height=\"37\" viewBox=\"0 0 36 37\" fill=\"none\"><rect y=\"0.0722656\" width=\"36\" height=\"36\" rx=\"18\" fill=\"#CDE0F9\"><\/rect><g clip-path=\"url(#clip0_1104_54389)\"><path d=\"M18.0003 21.4054V18.0721M18.0003 14.7388H18.0087M26.3337 18.0721C26.3337 22.6745 22.6027 26.4054 18.0003 26.4054C13.398 26.4054 9.66699 22.6745 9.66699 18.0721C9.66699 13.4697 13.398 9.73877 18.0003 9.73877C22.6027 9.73877 26.3337 13.4697 26.3337 18.0721Z\" stroke=\"#4675B1\" stroke-width=\"2\" stroke-linecap=\"round\" stroke-linejoin=\"round\"><\/path><\/g><defs><clipPath id=\"clip0_1104_54389\"><rect width=\"20\" height=\"20\" fill=\"white\" transform=\"translate(8 8.07227)\"><\/rect><\/clipPath><\/defs><\/svg><br \/>\n\t\t\t\t\t\t\t\t\t\tConserve su tarjeta de salida de inmigraci\u00f3n: es obligatoria para salir de Tailandia.\n\t\t\t\t\t\t\t\t\t<\/li>\n<li>\n\t\t\t\t\t\t\t<svg xmlns=\"http:\/\/www.w3.org\/2000\/svg\" width=\"36\" height=\"37\" viewBox=\"0 0 36 37\" fill=\"none\"><rect y=\"0.0722656\" width=\"36\" height=\"36\" rx=\"18\" fill=\"#CDE0F9\"><\/rect><g clip-path=\"url(#clip0_1104_54393)\"><path d=\"M16.3335 18.9057C16.6914 19.3842 17.148 19.7801 17.6723 20.0665C18.1967 20.353 18.7765 20.5233 19.3724 20.566C19.9684 20.6087 20.5665 20.5227 21.1263 20.3139C21.6861 20.1051 22.1945 19.7783 22.6169 19.3557L25.1169 16.8557C25.8759 16.0699 26.2958 15.0174 26.2863 13.9249C26.2769 12.8324 25.8387 11.7874 25.0661 11.0148C24.2936 10.2423 23.2485 9.80408 22.156 9.79459C21.0636 9.7851 20.011 10.2051 19.2252 10.9641L17.7919 12.3891M19.6668 17.2391C19.309 16.7606 18.8524 16.3648 18.328 16.0783C17.8037 15.7918 17.2239 15.6215 16.628 15.5788C16.032 15.5361 15.4338 15.6221 14.874 15.8309C14.3142 16.0397 13.8059 16.3665 13.3835 16.7891L10.8835 19.2891C10.1245 20.0749 9.70453 21.1274 9.71402 22.2199C9.72352 23.3124 10.1617 24.3575 10.9343 25.13C11.7068 25.9025 12.7518 26.3407 13.8443 26.3502C14.9368 26.3597 15.9893 25.9397 16.7752 25.1807L18.2002 23.7557\" stroke=\"#4675B1\" stroke-width=\"2\" stroke-linecap=\"round\" stroke-linejoin=\"round\"><\/path><\/g><defs><clipPath id=\"clip0_1104_54393\"><rect width=\"20\" height=\"20\" fill=\"white\" transform=\"translate(8 8.07227)\"><\/rect><\/clipPath><\/defs><\/svg><br \/>\n\t\t\t\t\t\t\t\t\t\tM\u00e1s informaci\u00f3n: <a href=\"http:\/\/www.mfa.go.th\/main\/en\/services\/4908\/15405-General-information.html\" style=\"color:#fff;text-decoration:underline\">Sitio web de inmigraci\u00f3n de Tailandia.<\/a>\n\t\t\t\t\t\t\t\t\t<\/li>\n<\/ul>\n<p>\t\t\t\t\t\t\t\t\t\t\t\t<a role=\"button\"><br \/>\n\t\t\t\t\t\t\t\t\tprevious<br \/>\n\t\t\t\t\t<\/a><br \/>\n\t\t\t\t\t\t\t\t\t\t\t\t\t\t<a role=\"button\"><br \/>\n\t\t\t\t\t\t\t\t\tsiguiente<br \/>\n\t\t\t\t\t<\/a><\/p>\n","protected":false},"excerpt":{"rendered":"<p>VIAJE M\u00c9DICO Comience su viaje aqu\u00ed Siendo una de las instalaciones m\u00e1s nuevas del mundo construidas con un prop\u00f3sito espec\u00edfico, dise\u00f1ada desde cero para brindar comodidad y conveniencia al paciente. HOSPITAL KAMOL En el Hospital de Cirug\u00eda Est\u00e9tica Kamol, ofrecemos cirug\u00edas est\u00e9ticas y de afirmaci\u00f3n de g\u00e9nero avanzadas con los m\u00e1s altos est\u00e1ndares de seguridad [&hellip;]<\/p>\n","protected":false},"author":2,"featured_media":0,"parent":41714,"menu_order":0,"comment_status":"closed","ping_status":"closed","template":"","meta":{"_acf_changed":false,"footnotes":""},"class_list":["post-52017","page","type-page","status-publish","hentry"],"acf":[],"yoast_head":"<!-- This site is optimized with the Yoast SEO plugin v26.0 - https:\/\/yoast.com\/wordpress\/plugins\/seo\/ -->\n<title>Antes de la llegada - Kamol Hospital<\/title>\n<meta name=\"robots\" content=\"noindex, follow, max-snippet:-1, max-image-preview:large, max-video-preview:-1\" \/>\n<meta property=\"og:locale\" content=\"es_ES\" \/>\n<meta property=\"og:type\" content=\"article\" \/>\n<meta property=\"og:title\" content=\"Antes de la llegada - Kamol Hospital\" \/>\n<meta property=\"og:description\" content=\"VIAJE M\u00c9DICO Comience su viaje aqu\u00ed Siendo una de las instalaciones m\u00e1s nuevas del mundo construidas con un prop\u00f3sito espec\u00edfico, dise\u00f1ada desde cero para brindar comodidad y conveniencia al paciente. HOSPITAL KAMOL En el Hospital de Cirug\u00eda Est\u00e9tica Kamol, ofrecemos cirug\u00edas est\u00e9ticas y de afirmaci\u00f3n de g\u00e9nero avanzadas con los m\u00e1s altos est\u00e1ndares de seguridad [&hellip;]\" \/>\n<meta property=\"og:url\" content=\"https:\/\/backup.kamolhospital.com\/es\/kamol-trip\/pre-arrival\/\" \/>\n<meta property=\"og:site_name\" content=\"Kamol Hospital\" \/>\n<meta property=\"article:modified_time\" content=\"2025-10-01T14:01:18+00:00\" \/>\n<meta property=\"og:image\" content=\"https:\/\/www.kamolhospital.com\/wp-content\/uploads\/2025\/06\/945dcb1af2d9cc604260741f5842ac8020560930.jpg\" \/>\n<meta name=\"twitter:card\" content=\"summary_large_image\" \/>\n<meta name=\"twitter:label1\" content=\"Tiempo de lectura\" \/>\n\t<meta name=\"twitter:data1\" content=\"3 minutos\" \/>\n<script type=\"application\/ld+json\" class=\"yoast-schema-graph\">{\"@context\":\"https:\/\/schema.org\",\"@graph\":[{\"@type\":\"WebPage\",\"@id\":\"https:\/\/backup.kamolhospital.com\/es\/kamol-trip\/pre-arrival\/\",\"url\":\"https:\/\/backup.kamolhospital.com\/es\/kamol-trip\/pre-arrival\/\",\"name\":\"Antes de la llegada - Kamol Hospital\",\"isPartOf\":{\"@id\":\"https:\/\/backup.kamolhospital.com\/es\/#website\"},\"primaryImageOfPage\":{\"@id\":\"https:\/\/backup.kamolhospital.com\/es\/kamol-trip\/pre-arrival\/#primaryimage\"},\"image\":{\"@id\":\"https:\/\/backup.kamolhospital.com\/es\/kamol-trip\/pre-arrival\/#primaryimage\"},\"thumbnailUrl\":\"https:\/\/www.kamolhospital.com\/wp-content\/uploads\/2025\/06\/945dcb1af2d9cc604260741f5842ac8020560930.jpg\",\"datePublished\":\"2025-06-11T03:26:10+00:00\",\"dateModified\":\"2025-10-01T14:01:18+00:00\",\"breadcrumb\":{\"@id\":\"https:\/\/backup.kamolhospital.com\/es\/kamol-trip\/pre-arrival\/#breadcrumb\"},\"inLanguage\":\"es\",\"potentialAction\":[{\"@type\":\"ReadAction\",\"target\":[\"https:\/\/backup.kamolhospital.com\/es\/kamol-trip\/pre-arrival\/\"]}]},{\"@type\":\"ImageObject\",\"inLanguage\":\"es\",\"@id\":\"https:\/\/backup.kamolhospital.com\/es\/kamol-trip\/pre-arrival\/#primaryimage\",\"url\":\"https:\/\/www.kamolhospital.com\/wp-content\/uploads\/2025\/06\/945dcb1af2d9cc604260741f5842ac8020560930.jpg\",\"contentUrl\":\"https:\/\/www.kamolhospital.com\/wp-content\/uploads\/2025\/06\/945dcb1af2d9cc604260741f5842ac8020560930.jpg\"},{\"@type\":\"BreadcrumbList\",\"@id\":\"https:\/\/backup.kamolhospital.com\/es\/kamol-trip\/pre-arrival\/#breadcrumb\",\"itemListElement\":[{\"@type\":\"ListItem\",\"position\":1,\"name\":\"Home\",\"item\":\"https:\/\/backup.kamolhospital.com\/es\/\"},{\"@type\":\"ListItem\",\"position\":2,\"name\":\"Kamol Trip\",\"item\":\"https:\/\/backup.kamolhospital.com\/es\/kamol-trip\/\"},{\"@type\":\"ListItem\",\"position\":3,\"name\":\"Antes de la llegada\"}]},{\"@type\":\"WebSite\",\"@id\":\"https:\/\/backup.kamolhospital.com\/es\/#website\",\"url\":\"https:\/\/backup.kamolhospital.com\/es\/\",\"name\":\"Kamol Hospital\",\"description\":\"\",\"publisher\":{\"@id\":\"https:\/\/backup.kamolhospital.com\/es\/#organization\"},\"potentialAction\":[{\"@type\":\"SearchAction\",\"target\":{\"@type\":\"EntryPoint\",\"urlTemplate\":\"https:\/\/backup.kamolhospital.com\/es\/?s={search_term_string}\"},\"query-input\":{\"@type\":\"PropertyValueSpecification\",\"valueRequired\":true,\"valueName\":\"search_term_string\"}}],\"inLanguage\":\"es\"},{\"@type\":\"Organization\",\"@id\":\"https:\/\/backup.kamolhospital.com\/es\/#organization\",\"name\":\"Kamol Hospital\",\"url\":\"https:\/\/backup.kamolhospital.com\/es\/\",\"logo\":{\"@type\":\"ImageObject\",\"inLanguage\":\"es\",\"@id\":\"https:\/\/backup.kamolhospital.com\/es\/#\/schema\/logo\/image\/\",\"url\":\"https:\/\/backup.kamolhospital.com\/wp-content\/uploads\/2025\/04\/kamol-logo.svg\",\"contentUrl\":\"https:\/\/backup.kamolhospital.com\/wp-content\/uploads\/2025\/04\/kamol-logo.svg\",\"width\":157,\"height\":51,\"caption\":\"Kamol Hospital\"},\"image\":{\"@id\":\"https:\/\/backup.kamolhospital.com\/es\/#\/schema\/logo\/image\/\"}}]}<\/script>\n<!-- \/ Yoast SEO plugin. -->","yoast_head_json":{"title":"Antes de la llegada - Kamol Hospital","robots":{"index":"noindex","follow":"follow","max-snippet":"max-snippet:-1","max-image-preview":"max-image-preview:large","max-video-preview":"max-video-preview:-1"},"og_locale":"es_ES","og_type":"article","og_title":"Antes de la llegada - Kamol Hospital","og_description":"VIAJE M\u00c9DICO Comience su viaje aqu\u00ed Siendo una de las instalaciones m\u00e1s nuevas del mundo construidas con un prop\u00f3sito espec\u00edfico, dise\u00f1ada desde cero para brindar comodidad y conveniencia al paciente. HOSPITAL KAMOL En el Hospital de Cirug\u00eda Est\u00e9tica Kamol, ofrecemos cirug\u00edas est\u00e9ticas y de afirmaci\u00f3n de g\u00e9nero avanzadas con los m\u00e1s altos est\u00e1ndares de seguridad [&hellip;]","og_url":"https:\/\/backup.kamolhospital.com\/es\/kamol-trip\/pre-arrival\/","og_site_name":"Kamol Hospital","article_modified_time":"2025-10-01T14:01:18+00:00","og_image":[{"url":"https:\/\/www.kamolhospital.com\/wp-content\/uploads\/2025\/06\/945dcb1af2d9cc604260741f5842ac8020560930.jpg","type":"","width":"","height":""}],"twitter_card":"summary_large_image","twitter_misc":{"Tiempo de lectura":"3 minutos"},"schema":{"@context":"https:\/\/schema.org","@graph":[{"@type":"WebPage","@id":"https:\/\/backup.kamolhospital.com\/es\/kamol-trip\/pre-arrival\/","url":"https:\/\/backup.kamolhospital.com\/es\/kamol-trip\/pre-arrival\/","name":"Antes de la llegada - Kamol Hospital","isPartOf":{"@id":"https:\/\/backup.kamolhospital.com\/es\/#website"},"primaryImageOfPage":{"@id":"https:\/\/backup.kamolhospital.com\/es\/kamol-trip\/pre-arrival\/#primaryimage"},"image":{"@id":"https:\/\/backup.kamolhospital.com\/es\/kamol-trip\/pre-arrival\/#primaryimage"},"thumbnailUrl":"https:\/\/www.kamolhospital.com\/wp-content\/uploads\/2025\/06\/945dcb1af2d9cc604260741f5842ac8020560930.jpg","datePublished":"2025-06-11T03:26:10+00:00","dateModified":"2025-10-01T14:01:18+00:00","breadcrumb":{"@id":"https:\/\/backup.kamolhospital.com\/es\/kamol-trip\/pre-arrival\/#breadcrumb"},"inLanguage":"es","potentialAction":[{"@type":"ReadAction","target":["https:\/\/backup.kamolhospital.com\/es\/kamol-trip\/pre-arrival\/"]}]},{"@type":"ImageObject","inLanguage":"es","@id":"https:\/\/backup.kamolhospital.com\/es\/kamol-trip\/pre-arrival\/#primaryimage","url":"https:\/\/www.kamolhospital.com\/wp-content\/uploads\/2025\/06\/945dcb1af2d9cc604260741f5842ac8020560930.jpg","contentUrl":"https:\/\/www.kamolhospital.com\/wp-content\/uploads\/2025\/06\/945dcb1af2d9cc604260741f5842ac8020560930.jpg"},{"@type":"BreadcrumbList","@id":"https:\/\/backup.kamolhospital.com\/es\/kamol-trip\/pre-arrival\/#breadcrumb","itemListElement":[{"@type":"ListItem","position":1,"name":"Home","item":"https:\/\/backup.kamolhospital.com\/es\/"},{"@type":"ListItem","position":2,"name":"Kamol Trip","item":"https:\/\/backup.kamolhospital.com\/es\/kamol-trip\/"},{"@type":"ListItem","position":3,"name":"Antes de la llegada"}]},{"@type":"WebSite","@id":"https:\/\/backup.kamolhospital.com\/es\/#website","url":"https:\/\/backup.kamolhospital.com\/es\/","name":"Kamol Hospital","description":"","publisher":{"@id":"https:\/\/backup.kamolhospital.com\/es\/#organization"},"potentialAction":[{"@type":"SearchAction","target":{"@type":"EntryPoint","urlTemplate":"https:\/\/backup.kamolhospital.com\/es\/?s={search_term_string}"},"query-input":{"@type":"PropertyValueSpecification","valueRequired":true,"valueName":"search_term_string"}}],"inLanguage":"es"},{"@type":"Organization","@id":"https:\/\/backup.kamolhospital.com\/es\/#organization","name":"Kamol Hospital","url":"https:\/\/backup.kamolhospital.com\/es\/","logo":{"@type":"ImageObject","inLanguage":"es","@id":"https:\/\/backup.kamolhospital.com\/es\/#\/schema\/logo\/image\/","url":"https:\/\/backup.kamolhospital.com\/wp-content\/uploads\/2025\/04\/kamol-logo.svg","contentUrl":"https:\/\/backup.kamolhospital.com\/wp-content\/uploads\/2025\/04\/kamol-logo.svg","width":157,"height":51,"caption":"Kamol Hospital"},"image":{"@id":"https:\/\/backup.kamolhospital.com\/es\/#\/schema\/logo\/image\/"}}]}},"_links":{"self":[{"href":"https:\/\/backup.kamolhospital.com\/es\/wp-json\/wp\/v2\/pages\/52017","targetHints":{"allow":["GET"]}}],"collection":[{"href":"https:\/\/backup.kamolhospital.com\/es\/wp-json\/wp\/v2\/pages"}],"about":[{"href":"https:\/\/backup.kamolhospital.com\/es\/wp-json\/wp\/v2\/types\/page"}],"author":[{"embeddable":true,"href":"https:\/\/backup.kamolhospital.com\/es\/wp-json\/wp\/v2\/users\/2"}],"replies":[{"embeddable":true,"href":"https:\/\/backup.kamolhospital.com\/es\/wp-json\/wp\/v2\/comments?post=52017"}],"version-history":[{"count":10,"href":"https:\/\/backup.kamolhospital.com\/es\/wp-json\/wp\/v2\/pages\/52017\/revisions"}],"predecessor-version":[{"id":85022,"href":"https:\/\/backup.kamolhospital.com\/es\/wp-json\/wp\/v2\/pages\/52017\/revisions\/85022"}],"up":[{"embeddable":true,"href":"https:\/\/backup.kamolhospital.com\/es\/wp-json\/wp\/v2\/pages\/41714"}],"wp:attachment":[{"href":"https:\/\/backup.kamolhospital.com\/es\/wp-json\/wp\/v2\/media?parent=52017"}],"curies":[{"name":"wp","href":"https:\/\/api.w.org\/{rel}","templated":true}]}}