{"id":44840,"date":"2025-05-08T03:21:37","date_gmt":"2025-05-08T03:21:37","guid":{"rendered":"https:\/\/kamolhospital.com\/about-us\/"},"modified":"2025-09-09T13:53:18","modified_gmt":"2025-09-09T13:53:18","slug":"about-us","status":"publish","type":"page","link":"https:\/\/backup.kamolhospital.com\/fr\/about-us\/","title":{"rendered":"\u00c0 propos de nous"},"content":{"rendered":"<p>Kamol Cosmetic Hospital est un h\u00f4pital exceptionnel de chirurgie esth\u00e9tique et plastique o\u00f9 les r\u00eaves deviennent r\u00e9alit\u00e9. Accr\u00e9dit\u00e9 par la Joint Commission International, la r\u00e9f\u00e9rence mondiale en soins de sant\u00e9, nos chirurgiens sont reconnus comme les plus comp\u00e9tents et exp\u00e9riment\u00e9s du secteur. L\u2019expertise m\u00e9dicale de classe mondiale disponible ici offre une nouvelle vie \u00e0 tous ceux qui franchissent ses portes.<br \/>Situ\u00e9 \u00e0 Bangkok, en Tha\u00eflande, les clients d\u00e9crivent souvent une sensation de \u00ab renaissance \u00bb apr\u00e8s leur traitement dans notre h\u00f4pital \u00e9l\u00e9gamment con\u00e7u.<\/p>\n<p>\t\t\t\t\t\t\t\t\t\t\t\t\t<img fetchpriority=\"high\" decoding=\"async\" width=\"1920\" height=\"1080\" src=\"https:\/\/kamolhospital.com\/wp-content\/uploads\/2025\/05\/08272df137e9054525c67ee980b7ab10ee74a94d-min.jpg\" alt=\"\" srcset=\"https:\/\/kamolhospital.com\/wp-content\/uploads\/2025\/05\/08272df137e9054525c67ee980b7ab10ee74a94d-min.jpg 1920w, https:\/\/kamolhospital.com\/wp-content\/uploads\/2025\/05\/08272df137e9054525c67ee980b7ab10ee74a94d-min-300x169.jpg 300w, https:\/\/kamolhospital.com\/wp-content\/uploads\/2025\/05\/08272df137e9054525c67ee980b7ab10ee74a94d-min-1024x576.jpg 1024w, https:\/\/kamolhospital.com\/wp-content\/uploads\/2025\/05\/08272df137e9054525c67ee980b7ab10ee74a94d-min-768x432.jpg 768w, https:\/\/kamolhospital.com\/wp-content\/uploads\/2025\/05\/08272df137e9054525c67ee980b7ab10ee74a94d-min-1536x864.jpg 1536w\" sizes=\"(max-width: 1920px) 100vw, 1920px\" \/>\t\t\t\t\t\t\t\t\t\t\t\t\t\t\t\t\t\t\t\t\t\t\t\t\t\t<img decoding=\"async\" width=\"74\" height=\"74\" src=\"https:\/\/kamolhospital.com\/wp-content\/uploads\/2025\/05\/Frame-204.svg\" alt=\"\" \/>\t\t\t\t\t\t\t\t\t\t\t\t\t\t\t\t\t\t\t<\/p>\n<h2>Pionniers de la chirurgie esth\u00e9tique et de la chirurgie d\u2019affirmation de genre depuis les ann\u00e9es 2000<\/h2>\n<p>Depuis plus de 25 ans, l\u2019h\u00f4pital de chirurgie esth\u00e9tique Kamol est fier de vous pr\u00e9senter l\u2019une des \u00e9quipes chirurgicales les plus talentueuses au monde, dirig\u00e9e par le Dr Kamol Pansritum, qui a r\u00e9alis\u00e9 plus de 20 000 interventions de chirurgie de r\u00e9assignation sexuelle et de f\u00e9minisation faciale.<\/p>\n<p>Notre \u00e9quipe est compos\u00e9e de chirurgiens plasticiens professionnels, d\u2019anesth\u00e9sistes, de gyn\u00e9cologues et de divers autres sp\u00e9cialistes hautement qualifi\u00e9s. Ils interviennent \u00e0 la fois comme chirurgiens et comme cr\u00e9ateurs artistiques afin d\u2019harmoniser parfaitement les proportions de votre visage et de votre corps.<\/p>\n<p>\t\t\t\t\t\t\t\t\t\t\t\t\t<img decoding=\"async\" width=\"710\" height=\"862\" src=\"https:\/\/kamolhospital.com\/wp-content\/uploads\/2025\/06\/1694864135623.jpg\" alt=\"\" srcset=\"https:\/\/kamolhospital.com\/wp-content\/uploads\/2025\/06\/1694864135623.jpg 710w, https:\/\/kamolhospital.com\/wp-content\/uploads\/2025\/06\/1694864135623-247x300.jpg 247w\" sizes=\"(max-width: 710px) 100vw, 710px\" \/>\t\t\t\t\t\t\t\t\t\t\t\t\t\t\t\t\t\t\t\t\t\t\t\t\t\t<img loading=\"lazy\" decoding=\"async\" width=\"286\" height=\"287\" src=\"https:\/\/kamolhospital.com\/wp-content\/uploads\/2025\/05\/Frame-995-1.png\" alt=\"\" srcset=\"https:\/\/kamolhospital.com\/wp-content\/uploads\/2025\/05\/Frame-995-1.png 286w, https:\/\/kamolhospital.com\/wp-content\/uploads\/2025\/05\/Frame-995-1-150x150.png 150w\" sizes=\"(max-width: 286px) 100vw, 286px\" \/>\t\t\t\t\t\t\t\t\t\t\t\t\t\t\t\t\t\t\t\t\t\t\t\t\t\t<img loading=\"lazy\" decoding=\"async\" width=\"800\" height=\"601\" src=\"https:\/\/kamolhospital.com\/wp-content\/uploads\/2025\/06\/IMG_0011-1024x769.jpg\" alt=\"\" srcset=\"https:\/\/kamolhospital.com\/wp-content\/uploads\/2025\/06\/IMG_0011-1024x769.jpg 1024w, https:\/\/kamolhospital.com\/wp-content\/uploads\/2025\/06\/IMG_0011-300x225.jpg 300w, https:\/\/kamolhospital.com\/wp-content\/uploads\/2025\/06\/IMG_0011-768x577.jpg 768w, https:\/\/kamolhospital.com\/wp-content\/uploads\/2025\/06\/IMG_0011-1536x1154.jpg 1536w, https:\/\/kamolhospital.com\/wp-content\/uploads\/2025\/06\/IMG_0011-2048x1539.jpg 2048w\" sizes=\"(max-width: 800px) 100vw, 800px\" \/>\t\t\t\t\t\t\t\t\t\t\t\t\t\t\t\t\t\t\t\t\t\t\t\t\t\t<img loading=\"lazy\" decoding=\"async\" width=\"286\" height=\"287\" src=\"https:\/\/kamolhospital.com\/wp-content\/uploads\/2025\/05\/Frame-996.png\" alt=\"\" srcset=\"https:\/\/kamolhospital.com\/wp-content\/uploads\/2025\/05\/Frame-996.png 286w, https:\/\/kamolhospital.com\/wp-content\/uploads\/2025\/05\/Frame-996-150x150.png 150w\" sizes=\"(max-width: 286px) 100vw, 286px\" \/>\t\t\t\t\t\t\t\t\t\t\t\t\t\t\t\t\t\t\t\t\t\t\t\t\t\t<img loading=\"lazy\" decoding=\"async\" width=\"286\" height=\"287\" src=\"https:\/\/kamolhospital.com\/wp-content\/uploads\/2025\/05\/Frame-995.png\" alt=\"\" srcset=\"https:\/\/kamolhospital.com\/wp-content\/uploads\/2025\/05\/Frame-995.png 286w, https:\/\/kamolhospital.com\/wp-content\/uploads\/2025\/05\/Frame-995-150x150.png 150w\" sizes=\"(max-width: 286px) 100vw, 286px\" \/>\t\t\t\t\t\t\t\t\t\t\t\t\t\t\t\t\t\t\t\t\t\t\t\t\t\t<img loading=\"lazy\" decoding=\"async\" width=\"576\" height=\"1024\" src=\"https:\/\/kamolhospital.com\/wp-content\/uploads\/2025\/06\/LINE_ALBUM_Saline_250331_3-576x1024.jpg\" alt=\"\" srcset=\"https:\/\/kamolhospital.com\/wp-content\/uploads\/2025\/06\/LINE_ALBUM_Saline_250331_3-576x1024.jpg 576w, https:\/\/kamolhospital.com\/wp-content\/uploads\/2025\/06\/LINE_ALBUM_Saline_250331_3-169x300.jpg 169w, https:\/\/kamolhospital.com\/wp-content\/uploads\/2025\/06\/LINE_ALBUM_Saline_250331_3-768x1367.jpg 768w, https:\/\/kamolhospital.com\/wp-content\/uploads\/2025\/06\/LINE_ALBUM_Saline_250331_3-863x1536.jpg 863w, https:\/\/kamolhospital.com\/wp-content\/uploads\/2025\/06\/LINE_ALBUM_Saline_250331_3.jpg 1151w\" sizes=\"(max-width: 576px) 100vw, 576px\" \/>\t\t\t\t\t\t\t\t\t\t\t\t\t\t\t\t\t\t\t\t\t\t\t\t\t\t<img loading=\"lazy\" decoding=\"async\" width=\"286\" height=\"287\" src=\"https:\/\/kamolhospital.com\/wp-content\/uploads\/2025\/05\/Frame-153-1.png\" alt=\"\" srcset=\"https:\/\/kamolhospital.com\/wp-content\/uploads\/2025\/05\/Frame-153-1.png 286w, https:\/\/kamolhospital.com\/wp-content\/uploads\/2025\/05\/Frame-153-1-150x150.png 150w\" sizes=\"(max-width: 286px) 100vw, 286px\" \/>\t\t\t\t\t\t\t\t\t\t\t\t\t\t\t\t\t\t\t\t\t\t\t\t\t\t<img loading=\"lazy\" decoding=\"async\" width=\"183\" height=\"178\" src=\"https:\/\/kamolhospital.com\/wp-content\/uploads\/2025\/05\/Frame-164.jpg\" alt=\"\" \/>\t\t\t\t\t\t\t\t\t\t\t\t\t\t\t\t\t\t\t\t\t\t\t\t\t\t<img loading=\"lazy\" decoding=\"async\" width=\"800\" height=\"450\" src=\"https:\/\/kamolhospital.com\/wp-content\/uploads\/2025\/06\/LINE_ALBUM_Book_250331_2-1024x576.jpg\" alt=\"\" srcset=\"https:\/\/kamolhospital.com\/wp-content\/uploads\/2025\/06\/LINE_ALBUM_Book_250331_2-1024x576.jpg 1024w, https:\/\/kamolhospital.com\/wp-content\/uploads\/2025\/06\/LINE_ALBUM_Book_250331_2-300x169.jpg 300w, https:\/\/kamolhospital.com\/wp-content\/uploads\/2025\/06\/LINE_ALBUM_Book_250331_2-768x432.jpg 768w, https:\/\/kamolhospital.com\/wp-content\/uploads\/2025\/06\/LINE_ALBUM_Book_250331_2-1536x864.jpg 1536w, https:\/\/kamolhospital.com\/wp-content\/uploads\/2025\/06\/LINE_ALBUM_Book_250331_2.jpg 2048w\" sizes=\"(max-width: 800px) 100vw, 800px\" \/>\t\t\t\t\t\t\t\t\t\t\t\t\t\t\t\t\t\t\t\t\t\t\t\t\t\t<img loading=\"lazy\" decoding=\"async\" width=\"800\" height=\"1000\" src=\"https:\/\/kamolhospital.com\/wp-content\/uploads\/2025\/06\/50SiKIEf-819x1024.jpeg\" alt=\"\" srcset=\"https:\/\/kamolhospital.com\/wp-content\/uploads\/2025\/06\/50SiKIEf-819x1024.jpeg 819w, https:\/\/kamolhospital.com\/wp-content\/uploads\/2025\/06\/50SiKIEf-240x300.jpeg 240w, https:\/\/kamolhospital.com\/wp-content\/uploads\/2025\/06\/50SiKIEf-768x960.jpeg 768w, https:\/\/kamolhospital.com\/wp-content\/uploads\/2025\/06\/50SiKIEf-1229x1536.jpeg 1229w, https:\/\/kamolhospital.com\/wp-content\/uploads\/2025\/06\/50SiKIEf-1638x2048.jpeg 1638w, https:\/\/kamolhospital.com\/wp-content\/uploads\/2025\/06\/50SiKIEf-scaled.jpeg 2048w\" sizes=\"(max-width: 800px) 100vw, 800px\" \/>\t\t\t\t\t\t\t\t\t\t\t\t\t\t\t\t<\/p>\n<h2>Notre mission<\/h2>\n<p>Offrir des chirurgies esth\u00e9tiques et de confirmation de genre de classe mondiale gr\u00e2ce \u00e0 des soins personnalis\u00e9s, des techniques de pointe et un engagement ind\u00e9fectible envers le bien-\u00eatre des patients. Nous d\u00e9fendons l\u2019inclusion, la compassion et l\u2019autonomisation, en aidant chacun \u00e0 devenir la version la plus authentique de lui-m\u00eame.<\/p>\n<p>\t\t\t\t\t\t\t\t\t\t\t\t\t<img loading=\"lazy\" decoding=\"async\" width=\"1280\" height=\"720\" src=\"https:\/\/kamolhospital.com\/wp-content\/uploads\/2025\/06\/kamol-hospital-mission.jpg\" alt=\"\" srcset=\"https:\/\/kamolhospital.com\/wp-content\/uploads\/2025\/06\/kamol-hospital-mission.jpg 1280w, https:\/\/kamolhospital.com\/wp-content\/uploads\/2025\/06\/kamol-hospital-mission-300x169.jpg 300w, https:\/\/kamolhospital.com\/wp-content\/uploads\/2025\/06\/kamol-hospital-mission-1024x576.jpg 1024w, https:\/\/kamolhospital.com\/wp-content\/uploads\/2025\/06\/kamol-hospital-mission-768x432.jpg 768w\" sizes=\"(max-width: 1280px) 100vw, 1280px\" \/>\t\t\t\t\t\t\t\t\t\t\t\t\t\t\t\t\t\t\t\t\t\t\t\t\t\t<img loading=\"lazy\" decoding=\"async\" width=\"1065\" height=\"1065\" src=\"https:\/\/kamolhospital.com\/wp-content\/uploads\/2025\/08\/Dr.-Kamol-Pansritum-M.D.-_-003_cropped.jpg\" alt=\"\" srcset=\"https:\/\/kamolhospital.com\/wp-content\/uploads\/2025\/08\/Dr.-Kamol-Pansritum-M.D.-_-003_cropped.jpg 1065w, https:\/\/kamolhospital.com\/wp-content\/uploads\/2025\/08\/Dr.-Kamol-Pansritum-M.D.-_-003_cropped-300x300.jpg 300w, https:\/\/kamolhospital.com\/wp-content\/uploads\/2025\/08\/Dr.-Kamol-Pansritum-M.D.-_-003_cropped-1024x1024.jpg 1024w, https:\/\/kamolhospital.com\/wp-content\/uploads\/2025\/08\/Dr.-Kamol-Pansritum-M.D.-_-003_cropped-150x150.jpg 150w, https:\/\/kamolhospital.com\/wp-content\/uploads\/2025\/08\/Dr.-Kamol-Pansritum-M.D.-_-003_cropped-768x768.jpg 768w\" sizes=\"(max-width: 1065px) 100vw, 1065px\" \/>\t\t\t\t\t\t\t\t\t\t\t\t\t\t\t\t\t\t\t\t\t\t\t\t\t\t<img loading=\"lazy\" decoding=\"async\" width=\"1065\" height=\"1065\" src=\"https:\/\/kamolhospital.com\/wp-content\/uploads\/2025\/08\/Dr.-Kamol-Pansritum-M.D.-_-003_cropped.jpg\" alt=\"\" srcset=\"https:\/\/kamolhospital.com\/wp-content\/uploads\/2025\/08\/Dr.-Kamol-Pansritum-M.D.-_-003_cropped.jpg 1065w, https:\/\/kamolhospital.com\/wp-content\/uploads\/2025\/08\/Dr.-Kamol-Pansritum-M.D.-_-003_cropped-300x300.jpg 300w, https:\/\/kamolhospital.com\/wp-content\/uploads\/2025\/08\/Dr.-Kamol-Pansritum-M.D.-_-003_cropped-1024x1024.jpg 1024w, https:\/\/kamolhospital.com\/wp-content\/uploads\/2025\/08\/Dr.-Kamol-Pansritum-M.D.-_-003_cropped-150x150.jpg 150w, https:\/\/kamolhospital.com\/wp-content\/uploads\/2025\/08\/Dr.-Kamol-Pansritum-M.D.-_-003_cropped-768x768.jpg 768w\" sizes=\"(max-width: 1065px) 100vw, 1065px\" \/>\t\t\t\t\t\t\t\t\t\t\t\t\t\t\t\t<\/p>\n<h2>Notre fondateur<\/h2>\n<p>Dirig\u00e9 par le Dr Kamol Pansritum, pionnier mondialement reconnu des proc\u00e9dures d\u2019affirmation de genre, notre h\u00f4pital repose sur des d\u00e9cennies d\u2019expertise chirurgicale. Le Dr Kamol et son \u00e9quipe hautement qualifi\u00e9e de chirurgiens certifi\u00e9s, d\u2019infirmi\u00e8res et de soignants ont r\u00e9alis\u00e9 des milliers d\u2019interventions transformatrices avec pr\u00e9cision, art et empathie.<\/p>\n<h2>Notre histoire<br \/>\n<\/h2>\n<p>Le Kamol Cosmetic Hospital a commenc\u00e9 avec une vision\u2014ancr\u00e9e dans l\u2019empathie, la pr\u00e9cision et le d\u00e9sir de changer des vies. Fond\u00e9 par le Dr Kamol Pansritum, pionnier de la chirurgie esth\u00e9tique et d\u2019affirmation de genre, notre parcours a d\u00e9but\u00e9 il y a plus de trente ans avec un objectif unique : aider les personnes \u00e0 se sentir v\u00e9ritablement chez elles dans leur corps.<\/p>\n<p>Depuis des d\u00e9buts modestes \u00e0 Bangkok, l\u2019expertise et l\u2019approche compatissante du Dr Kamol ont attir\u00e9 des patients de toute la Tha\u00eflande, puis du monde entier. \u00c0 mesure que les techniques \u00e9voluaient et que la demande augmentait, notre engagement envers l\u2019excellence s\u2019est \u00e9galement renforc\u00e9. Au fil des ans, le Kamol Cosmetic Hospital est devenu un centre m\u00e9dical de classe mondiale, alliant les derni\u00e8res innovations chirurgicales \u00e0 des soins sinc\u00e8res et personnalis\u00e9s.<\/p>\n<p>Aujourd\u2019hui, nich\u00e9 au c\u0153ur de Bangkok, le Kamol Cosmetic Hospital est l\u2019un des centres mondiaux de r\u00e9f\u00e9rence en chirurgie esth\u00e9tique et d\u2019affirmation de genre. Notre h\u00e9ritage repose sur des dizaines de milliers d\u2019interventions r\u00e9ussies, un profond respect de l\u2019identit\u00e9 individuelle et la conviction que la transformation n\u2019est pas seulement physique\u2014c\u2019est un puissant voyage d\u2019affirmation de soi, de confiance et de v\u00e9rit\u00e9 personnelle.<\/p>\n<p>\t\t\t\t\t\t\t\t\t\t\t\t\t<img loading=\"lazy\" decoding=\"async\" width=\"120\" height=\"121\" src=\"https:\/\/kamolhospital.com\/wp-content\/uploads\/2025\/05\/Frame-910.png\" alt=\"\" \/>\t\t\t\t\t\t\t\t\t\t\t\t\t\t\t\t<\/p>\n<h4>\u2014 Dr. Kamol Pansritum<\/h4>\n<h5>Founder &amp; Leading Surgeon, Kamol Cosmetic Hospital<\/h5>\n","protected":false},"excerpt":{"rendered":"<p>Kamol Cosmetic Hospital est un h\u00f4pital exceptionnel de chirurgie esth\u00e9tique et plastique o\u00f9 les r\u00eaves deviennent r\u00e9alit\u00e9. Accr\u00e9dit\u00e9 par la Joint Commission International, la r\u00e9f\u00e9rence mondiale en soins de sant\u00e9, nos chirurgiens sont reconnus comme les plus comp\u00e9tents et exp\u00e9riment\u00e9s du secteur. L\u2019expertise m\u00e9dicale de classe mondiale disponible ici offre une nouvelle vie \u00e0 tous [&hellip;]<\/p>\n","protected":false},"author":2,"featured_media":0,"parent":0,"menu_order":0,"comment_status":"closed","ping_status":"closed","template":"","meta":{"_acf_changed":false,"footnotes":""},"class_list":["post-44840","page","type-page","status-publish","hentry"],"acf":[],"yoast_head":"<!-- This site is optimized with the Yoast SEO plugin v26.0 - https:\/\/yoast.com\/wordpress\/plugins\/seo\/ -->\n<title>\u00c0 propos de nous - Kamol Hospital<\/title>\n<meta name=\"robots\" content=\"noindex, follow, max-snippet:-1, max-image-preview:large, max-video-preview:-1\" \/>\n<meta property=\"og:locale\" content=\"fr_FR\" \/>\n<meta property=\"og:type\" content=\"article\" \/>\n<meta property=\"og:title\" content=\"\u00c0 propos de nous - Kamol Hospital\" \/>\n<meta property=\"og:description\" content=\"Kamol Cosmetic Hospital est un h\u00f4pital exceptionnel de chirurgie esth\u00e9tique et plastique o\u00f9 les r\u00eaves deviennent r\u00e9alit\u00e9. Accr\u00e9dit\u00e9 par la Joint Commission International, la r\u00e9f\u00e9rence mondiale en soins de sant\u00e9, nos chirurgiens sont reconnus comme les plus comp\u00e9tents et exp\u00e9riment\u00e9s du secteur. L\u2019expertise m\u00e9dicale de classe mondiale disponible ici offre une nouvelle vie \u00e0 tous [&hellip;]\" \/>\n<meta property=\"og:url\" content=\"https:\/\/backup.kamolhospital.com\/fr\/about-us\/\" \/>\n<meta property=\"og:site_name\" content=\"Kamol Hospital\" \/>\n<meta property=\"article:modified_time\" content=\"2025-09-09T13:53:18+00:00\" \/>\n<meta property=\"og:image\" content=\"https:\/\/kamolhospital.com\/wp-content\/uploads\/2025\/05\/08272df137e9054525c67ee980b7ab10ee74a94d-min.jpg\" \/>\n<meta name=\"twitter:card\" content=\"summary_large_image\" \/>\n<meta name=\"twitter:label1\" content=\"Dur\u00e9e de lecture estim\u00e9e\" \/>\n\t<meta name=\"twitter:data1\" content=\"3 minutes\" \/>\n<script type=\"application\/ld+json\" class=\"yoast-schema-graph\">{\"@context\":\"https:\/\/schema.org\",\"@graph\":[{\"@type\":\"WebPage\",\"@id\":\"https:\/\/backup.kamolhospital.com\/fr\/about-us\/\",\"url\":\"https:\/\/backup.kamolhospital.com\/fr\/about-us\/\",\"name\":\"\u00c0 propos de nous - Kamol Hospital\",\"isPartOf\":{\"@id\":\"https:\/\/backup.kamolhospital.com\/fr\/#website\"},\"primaryImageOfPage\":{\"@id\":\"https:\/\/backup.kamolhospital.com\/fr\/about-us\/#primaryimage\"},\"image\":{\"@id\":\"https:\/\/backup.kamolhospital.com\/fr\/about-us\/#primaryimage\"},\"thumbnailUrl\":\"https:\/\/kamolhospital.com\/wp-content\/uploads\/2025\/05\/08272df137e9054525c67ee980b7ab10ee74a94d-min.jpg\",\"datePublished\":\"2025-05-08T03:21:37+00:00\",\"dateModified\":\"2025-09-09T13:53:18+00:00\",\"breadcrumb\":{\"@id\":\"https:\/\/backup.kamolhospital.com\/fr\/about-us\/#breadcrumb\"},\"inLanguage\":\"fr-FR\",\"potentialAction\":[{\"@type\":\"ReadAction\",\"target\":[\"https:\/\/backup.kamolhospital.com\/fr\/about-us\/\"]}]},{\"@type\":\"ImageObject\",\"inLanguage\":\"fr-FR\",\"@id\":\"https:\/\/backup.kamolhospital.com\/fr\/about-us\/#primaryimage\",\"url\":\"https:\/\/kamolhospital.com\/wp-content\/uploads\/2025\/05\/08272df137e9054525c67ee980b7ab10ee74a94d-min.jpg\",\"contentUrl\":\"https:\/\/kamolhospital.com\/wp-content\/uploads\/2025\/05\/08272df137e9054525c67ee980b7ab10ee74a94d-min.jpg\"},{\"@type\":\"BreadcrumbList\",\"@id\":\"https:\/\/backup.kamolhospital.com\/fr\/about-us\/#breadcrumb\",\"itemListElement\":[{\"@type\":\"ListItem\",\"position\":1,\"name\":\"Home\",\"item\":\"https:\/\/backup.kamolhospital.com\/fr\/\"},{\"@type\":\"ListItem\",\"position\":2,\"name\":\"\u00c0 propos de nous\"}]},{\"@type\":\"WebSite\",\"@id\":\"https:\/\/backup.kamolhospital.com\/fr\/#website\",\"url\":\"https:\/\/backup.kamolhospital.com\/fr\/\",\"name\":\"Kamol Hospital\",\"description\":\"\",\"publisher\":{\"@id\":\"https:\/\/backup.kamolhospital.com\/fr\/#organization\"},\"potentialAction\":[{\"@type\":\"SearchAction\",\"target\":{\"@type\":\"EntryPoint\",\"urlTemplate\":\"https:\/\/backup.kamolhospital.com\/fr\/?s={search_term_string}\"},\"query-input\":{\"@type\":\"PropertyValueSpecification\",\"valueRequired\":true,\"valueName\":\"search_term_string\"}}],\"inLanguage\":\"fr-FR\"},{\"@type\":\"Organization\",\"@id\":\"https:\/\/backup.kamolhospital.com\/fr\/#organization\",\"name\":\"Kamol Hospital\",\"url\":\"https:\/\/backup.kamolhospital.com\/fr\/\",\"logo\":{\"@type\":\"ImageObject\",\"inLanguage\":\"fr-FR\",\"@id\":\"https:\/\/backup.kamolhospital.com\/fr\/#\/schema\/logo\/image\/\",\"url\":\"https:\/\/backup.kamolhospital.com\/wp-content\/uploads\/2025\/04\/kamol-logo.svg\",\"contentUrl\":\"https:\/\/backup.kamolhospital.com\/wp-content\/uploads\/2025\/04\/kamol-logo.svg\",\"width\":157,\"height\":51,\"caption\":\"Kamol Hospital\"},\"image\":{\"@id\":\"https:\/\/backup.kamolhospital.com\/fr\/#\/schema\/logo\/image\/\"}}]}<\/script>\n<!-- \/ Yoast SEO plugin. -->","yoast_head_json":{"title":"\u00c0 propos de nous - Kamol Hospital","robots":{"index":"noindex","follow":"follow","max-snippet":"max-snippet:-1","max-image-preview":"max-image-preview:large","max-video-preview":"max-video-preview:-1"},"og_locale":"fr_FR","og_type":"article","og_title":"\u00c0 propos de nous - Kamol Hospital","og_description":"Kamol Cosmetic Hospital est un h\u00f4pital exceptionnel de chirurgie esth\u00e9tique et plastique o\u00f9 les r\u00eaves deviennent r\u00e9alit\u00e9. Accr\u00e9dit\u00e9 par la Joint Commission International, la r\u00e9f\u00e9rence mondiale en soins de sant\u00e9, nos chirurgiens sont reconnus comme les plus comp\u00e9tents et exp\u00e9riment\u00e9s du secteur. L\u2019expertise m\u00e9dicale de classe mondiale disponible ici offre une nouvelle vie \u00e0 tous [&hellip;]","og_url":"https:\/\/backup.kamolhospital.com\/fr\/about-us\/","og_site_name":"Kamol Hospital","article_modified_time":"2025-09-09T13:53:18+00:00","og_image":[{"url":"https:\/\/kamolhospital.com\/wp-content\/uploads\/2025\/05\/08272df137e9054525c67ee980b7ab10ee74a94d-min.jpg","type":"","width":"","height":""}],"twitter_card":"summary_large_image","twitter_misc":{"Dur\u00e9e de lecture estim\u00e9e":"3 minutes"},"schema":{"@context":"https:\/\/schema.org","@graph":[{"@type":"WebPage","@id":"https:\/\/backup.kamolhospital.com\/fr\/about-us\/","url":"https:\/\/backup.kamolhospital.com\/fr\/about-us\/","name":"\u00c0 propos de nous - Kamol Hospital","isPartOf":{"@id":"https:\/\/backup.kamolhospital.com\/fr\/#website"},"primaryImageOfPage":{"@id":"https:\/\/backup.kamolhospital.com\/fr\/about-us\/#primaryimage"},"image":{"@id":"https:\/\/backup.kamolhospital.com\/fr\/about-us\/#primaryimage"},"thumbnailUrl":"https:\/\/kamolhospital.com\/wp-content\/uploads\/2025\/05\/08272df137e9054525c67ee980b7ab10ee74a94d-min.jpg","datePublished":"2025-05-08T03:21:37+00:00","dateModified":"2025-09-09T13:53:18+00:00","breadcrumb":{"@id":"https:\/\/backup.kamolhospital.com\/fr\/about-us\/#breadcrumb"},"inLanguage":"fr-FR","potentialAction":[{"@type":"ReadAction","target":["https:\/\/backup.kamolhospital.com\/fr\/about-us\/"]}]},{"@type":"ImageObject","inLanguage":"fr-FR","@id":"https:\/\/backup.kamolhospital.com\/fr\/about-us\/#primaryimage","url":"https:\/\/kamolhospital.com\/wp-content\/uploads\/2025\/05\/08272df137e9054525c67ee980b7ab10ee74a94d-min.jpg","contentUrl":"https:\/\/kamolhospital.com\/wp-content\/uploads\/2025\/05\/08272df137e9054525c67ee980b7ab10ee74a94d-min.jpg"},{"@type":"BreadcrumbList","@id":"https:\/\/backup.kamolhospital.com\/fr\/about-us\/#breadcrumb","itemListElement":[{"@type":"ListItem","position":1,"name":"Home","item":"https:\/\/backup.kamolhospital.com\/fr\/"},{"@type":"ListItem","position":2,"name":"\u00c0 propos de nous"}]},{"@type":"WebSite","@id":"https:\/\/backup.kamolhospital.com\/fr\/#website","url":"https:\/\/backup.kamolhospital.com\/fr\/","name":"Kamol Hospital","description":"","publisher":{"@id":"https:\/\/backup.kamolhospital.com\/fr\/#organization"},"potentialAction":[{"@type":"SearchAction","target":{"@type":"EntryPoint","urlTemplate":"https:\/\/backup.kamolhospital.com\/fr\/?s={search_term_string}"},"query-input":{"@type":"PropertyValueSpecification","valueRequired":true,"valueName":"search_term_string"}}],"inLanguage":"fr-FR"},{"@type":"Organization","@id":"https:\/\/backup.kamolhospital.com\/fr\/#organization","name":"Kamol Hospital","url":"https:\/\/backup.kamolhospital.com\/fr\/","logo":{"@type":"ImageObject","inLanguage":"fr-FR","@id":"https:\/\/backup.kamolhospital.com\/fr\/#\/schema\/logo\/image\/","url":"https:\/\/backup.kamolhospital.com\/wp-content\/uploads\/2025\/04\/kamol-logo.svg","contentUrl":"https:\/\/backup.kamolhospital.com\/wp-content\/uploads\/2025\/04\/kamol-logo.svg","width":157,"height":51,"caption":"Kamol Hospital"},"image":{"@id":"https:\/\/backup.kamolhospital.com\/fr\/#\/schema\/logo\/image\/"}}]}},"_links":{"self":[{"href":"https:\/\/backup.kamolhospital.com\/fr\/wp-json\/wp\/v2\/pages\/44840","targetHints":{"allow":["GET"]}}],"collection":[{"href":"https:\/\/backup.kamolhospital.com\/fr\/wp-json\/wp\/v2\/pages"}],"about":[{"href":"https:\/\/backup.kamolhospital.com\/fr\/wp-json\/wp\/v2\/types\/page"}],"author":[{"embeddable":true,"href":"https:\/\/backup.kamolhospital.com\/fr\/wp-json\/wp\/v2\/users\/2"}],"replies":[{"embeddable":true,"href":"https:\/\/backup.kamolhospital.com\/fr\/wp-json\/wp\/v2\/comments?post=44840"}],"version-history":[{"count":17,"href":"https:\/\/backup.kamolhospital.com\/fr\/wp-json\/wp\/v2\/pages\/44840\/revisions"}],"predecessor-version":[{"id":78644,"href":"https:\/\/backup.kamolhospital.com\/fr\/wp-json\/wp\/v2\/pages\/44840\/revisions\/78644"}],"wp:attachment":[{"href":"https:\/\/backup.kamolhospital.com\/fr\/wp-json\/wp\/v2\/media?parent=44840"}],"curies":[{"name":"wp","href":"https:\/\/api.w.org\/{rel}","templated":true}]}}