{"id":44860,"date":"2025-05-15T14:16:46","date_gmt":"2025-05-15T14:16:46","guid":{"rendered":"https:\/\/kamolhospital.com\/doctors\/"},"modified":"2025-09-25T10:59:28","modified_gmt":"2025-09-25T10:59:28","slug":"doctors","status":"publish","type":"page","link":"https:\/\/backup.kamolhospital.com\/fr\/doctors\/","title":{"rendered":"Nos praticiens"},"content":{"rendered":"<h1> M\u00c9DECINS<\/h1>\n<p>\t\t\t\t\tRencontrez les experts derri\u00e8re chaque transformation\t\t<\/p>\n<p>Le Kamol Hospital r\u00e9unit une \u00e9quipe de chirurgiens de renomm\u00e9e mondiale, apportant expertise, pr\u00e9cision et compassion \u00e0 chaque intervention. Forts de plusieurs d\u00e9cennies d\u2019exp\u00e9rience en chirurgie esth\u00e9tique et de r\u00e9assignation de genre, nos m\u00e9decins s\u2019engagent \u00e0 aider chaque patient \u00e0 atteindre des r\u00e9sultats en harmonie avec son identit\u00e9 v\u00e9ritable.<\/p>\n<p>\t\t\t\t\t\t\t\t\t\t\t\t\t<img fetchpriority=\"high\" decoding=\"async\" width=\"768\" height=\"1050\" src=\"https:\/\/kamolhospital.com\/wp-content\/uploads\/2025\/08\/Dr.-Kamol-Pansritum-M.D-1-768x1050.jpg\" alt=\"\" srcset=\"https:\/\/kamolhospital.com\/wp-content\/uploads\/2025\/08\/Dr.-Kamol-Pansritum-M.D-1-768x1050.jpg 768w, https:\/\/kamolhospital.com\/wp-content\/uploads\/2025\/08\/Dr.-Kamol-Pansritum-M.D-1-220x300.jpg 220w, https:\/\/kamolhospital.com\/wp-content\/uploads\/2025\/08\/Dr.-Kamol-Pansritum-M.D-1-749x1024.jpg 749w, https:\/\/kamolhospital.com\/wp-content\/uploads\/2025\/08\/Dr.-Kamol-Pansritum-M.D-1-1124x1536.jpg 1124w, https:\/\/kamolhospital.com\/wp-content\/uploads\/2025\/08\/Dr.-Kamol-Pansritum-M.D-1-1498x2048.jpg 1498w, https:\/\/kamolhospital.com\/wp-content\/uploads\/2025\/08\/Dr.-Kamol-Pansritum-M.D-1.jpg 1658w\" sizes=\"(max-width: 768px) 100vw, 768px\" \/>\t\t\t\t\t\t\t\t\t\t\t\t\t\t\t\t<\/p>\n<h2>Rencontrez le Dr Kamol<\/h2>\n<p>Dirig\u00e9 par le Dr Kamol Pansritum, pionnier mondialement reconnu des proc\u00e9dures d\u2019affirmation de genre, notre h\u00f4pital repose sur des d\u00e9cennies d\u2019expertise chirurgicale. Le Dr Kamol et son \u00e9quipe hautement qualifi\u00e9e de chirurgiens certifi\u00e9s, d\u2019infirmi\u00e8res et de soignants ont r\u00e9alis\u00e9 des milliers d\u2019interventions transformatrices avec pr\u00e9cision, art et empathie.<\/p>\n<p>Depuis des d\u00e9buts modestes \u00e0 Bangkok, l\u2019expertise et l\u2019approche compatissante du Dr Kamol ont attir\u00e9 des patients de toute la Tha\u00eflande puis du monde entier. \u00c0 mesure que les techniques \u00e9voluaient et que la demande augmentait, notre engagement envers l\u2019excellence s\u2019est renforc\u00e9. Au fil des ans, le Kamol Cosmetic Hospital est devenu un centre m\u00e9dical de classe mondiale, alliant les derni\u00e8res innovations chirurgicales \u00e0 des soins sinc\u00e8res et personnalis\u00e9s.<\/p>\n<h2>Chirurgiens Plasticiens<br \/>\n<\/h2>\n<p>Nos chirurgiens plasticiens certifi\u00e9s allient pr\u00e9cision chirurgicale et sens artistique pour offrir des r\u00e9sultats naturels et harmonieux. Gr\u00e2ce \u00e0 une vaste exp\u00e9rience en chirurgie esth\u00e9tique et de r\u00e9assignation de genre, chaque intervention est adapt\u00e9e aux objectifs uniques de chaque patient.<\/p>\n<h2>Chirurgiens G\u00e9n\u00e9raux et Sp\u00e9cialistes <\/h2>\n<p>Nos chirurgiens g\u00e9n\u00e9raux et sp\u00e9cialistes apportent leur expertise approfondie \u00e0 chaque proc\u00e9dure. Qu\u2019il s\u2019agisse de reconstructions complexes, de bilans de sant\u00e9 ou de remodelage corporel, leur r\u00f4le est essentiel pour garantir la s\u00e9curit\u00e9, l\u2019efficacit\u00e9 et des soins m\u00e9dicaux complets.<\/p>\n<h2>Psychiatres <\/h2>\n<p>Nous croyons que la sant\u00e9 mentale est essentielle \u00e0 une transition r\u00e9ussie. Nos psychiatres sp\u00e9cialis\u00e9s en affirmation de genre offrent un soutien bienveillant avant et apr\u00e8s la chirurgie, guidant les patients \u00e0 travers leur parcours \u00e9motionnel avec respect et compr\u00e9hension.<\/p>\n<h2>Anesth\u00e9sistes <\/h2>\n<p>Nos anesth\u00e9sistes jouent un r\u00f4le central dans votre confort et votre s\u00e9curit\u00e9. Ils \u00e9valuent votre sant\u00e9 avant l\u2019intervention, assurent la gestion de l\u2019anesth\u00e9sie pendant l\u2019op\u00e9ration, puis surveillent attentivement votre r\u00e9cup\u00e9ration avec une prise en charge efficace de la douleur.<\/p>\n<h2>Cardiologue et Dermatologue<\/h2>\n<p>Notre cardiologue et dermatologue internes accompagnent votre bien-\u00eatre global avant, pendant et apr\u00e8s la chirurgie. Le cardiologue s\u2019assure de la bonne sant\u00e9 de votre c\u0153ur, tandis que le dermatologue am\u00e9liore l\u2019aspect de votre peau pour renforcer votre confiance.<\/p>\n","protected":false},"excerpt":{"rendered":"<p>M\u00c9DECINS Rencontrez les experts derri\u00e8re chaque transformation Le Kamol Hospital r\u00e9unit une \u00e9quipe de chirurgiens de renomm\u00e9e mondiale, apportant expertise, pr\u00e9cision et compassion \u00e0 chaque intervention. Forts de plusieurs d\u00e9cennies d\u2019exp\u00e9rience en chirurgie esth\u00e9tique et de r\u00e9assignation de genre, nos m\u00e9decins s\u2019engagent \u00e0 aider chaque patient \u00e0 atteindre des r\u00e9sultats en harmonie avec son identit\u00e9 [&hellip;]<\/p>\n","protected":false},"author":2,"featured_media":0,"parent":0,"menu_order":0,"comment_status":"closed","ping_status":"closed","template":"","meta":{"_acf_changed":false,"footnotes":""},"class_list":["post-44860","page","type-page","status-publish","hentry"],"acf":[],"yoast_head":"<!-- This site is optimized with the Yoast SEO plugin v26.0 - https:\/\/yoast.com\/wordpress\/plugins\/seo\/ -->\n<title>Nos praticiens - Kamol Hospital<\/title>\n<meta name=\"robots\" content=\"noindex, follow, max-snippet:-1, max-image-preview:large, max-video-preview:-1\" \/>\n<meta property=\"og:locale\" content=\"fr_FR\" \/>\n<meta property=\"og:type\" content=\"article\" \/>\n<meta property=\"og:title\" content=\"Nos praticiens - Kamol Hospital\" \/>\n<meta property=\"og:description\" content=\"M\u00c9DECINS Rencontrez les experts derri\u00e8re chaque transformation Le Kamol Hospital r\u00e9unit une \u00e9quipe de chirurgiens de renomm\u00e9e mondiale, apportant expertise, pr\u00e9cision et compassion \u00e0 chaque intervention. Forts de plusieurs d\u00e9cennies d\u2019exp\u00e9rience en chirurgie esth\u00e9tique et de r\u00e9assignation de genre, nos m\u00e9decins s\u2019engagent \u00e0 aider chaque patient \u00e0 atteindre des r\u00e9sultats en harmonie avec son identit\u00e9 [&hellip;]\" \/>\n<meta property=\"og:url\" content=\"https:\/\/backup.kamolhospital.com\/fr\/doctors\/\" \/>\n<meta property=\"og:site_name\" content=\"Kamol Hospital\" \/>\n<meta property=\"article:modified_time\" content=\"2025-09-25T10:59:28+00:00\" \/>\n<meta property=\"og:image\" content=\"https:\/\/kamolhospital.com\/wp-content\/uploads\/2025\/08\/Dr.-Kamol-Pansritum-M.D-1-768x1050.jpg\" \/>\n<meta name=\"twitter:card\" content=\"summary_large_image\" \/>\n<meta name=\"twitter:label1\" content=\"Dur\u00e9e de lecture estim\u00e9e\" \/>\n\t<meta name=\"twitter:data1\" content=\"2 minutes\" \/>\n<script type=\"application\/ld+json\" class=\"yoast-schema-graph\">{\"@context\":\"https:\/\/schema.org\",\"@graph\":[{\"@type\":\"WebPage\",\"@id\":\"https:\/\/backup.kamolhospital.com\/fr\/doctors\/\",\"url\":\"https:\/\/backup.kamolhospital.com\/fr\/doctors\/\",\"name\":\"Nos praticiens - Kamol Hospital\",\"isPartOf\":{\"@id\":\"https:\/\/backup.kamolhospital.com\/fr\/#website\"},\"primaryImageOfPage\":{\"@id\":\"https:\/\/backup.kamolhospital.com\/fr\/doctors\/#primaryimage\"},\"image\":{\"@id\":\"https:\/\/backup.kamolhospital.com\/fr\/doctors\/#primaryimage\"},\"thumbnailUrl\":\"https:\/\/kamolhospital.com\/wp-content\/uploads\/2025\/08\/Dr.-Kamol-Pansritum-M.D-1-768x1050.jpg\",\"datePublished\":\"2025-05-15T14:16:46+00:00\",\"dateModified\":\"2025-09-25T10:59:28+00:00\",\"breadcrumb\":{\"@id\":\"https:\/\/backup.kamolhospital.com\/fr\/doctors\/#breadcrumb\"},\"inLanguage\":\"fr-FR\",\"potentialAction\":[{\"@type\":\"ReadAction\",\"target\":[\"https:\/\/backup.kamolhospital.com\/fr\/doctors\/\"]}]},{\"@type\":\"ImageObject\",\"inLanguage\":\"fr-FR\",\"@id\":\"https:\/\/backup.kamolhospital.com\/fr\/doctors\/#primaryimage\",\"url\":\"https:\/\/kamolhospital.com\/wp-content\/uploads\/2025\/08\/Dr.-Kamol-Pansritum-M.D-1-768x1050.jpg\",\"contentUrl\":\"https:\/\/kamolhospital.com\/wp-content\/uploads\/2025\/08\/Dr.-Kamol-Pansritum-M.D-1-768x1050.jpg\"},{\"@type\":\"BreadcrumbList\",\"@id\":\"https:\/\/backup.kamolhospital.com\/fr\/doctors\/#breadcrumb\",\"itemListElement\":[{\"@type\":\"ListItem\",\"position\":1,\"name\":\"Home\",\"item\":\"https:\/\/backup.kamolhospital.com\/fr\/\"},{\"@type\":\"ListItem\",\"position\":2,\"name\":\"Nos praticiens\"}]},{\"@type\":\"WebSite\",\"@id\":\"https:\/\/backup.kamolhospital.com\/fr\/#website\",\"url\":\"https:\/\/backup.kamolhospital.com\/fr\/\",\"name\":\"Kamol Hospital\",\"description\":\"\",\"publisher\":{\"@id\":\"https:\/\/backup.kamolhospital.com\/fr\/#organization\"},\"potentialAction\":[{\"@type\":\"SearchAction\",\"target\":{\"@type\":\"EntryPoint\",\"urlTemplate\":\"https:\/\/backup.kamolhospital.com\/fr\/?s={search_term_string}\"},\"query-input\":{\"@type\":\"PropertyValueSpecification\",\"valueRequired\":true,\"valueName\":\"search_term_string\"}}],\"inLanguage\":\"fr-FR\"},{\"@type\":\"Organization\",\"@id\":\"https:\/\/backup.kamolhospital.com\/fr\/#organization\",\"name\":\"Kamol Hospital\",\"url\":\"https:\/\/backup.kamolhospital.com\/fr\/\",\"logo\":{\"@type\":\"ImageObject\",\"inLanguage\":\"fr-FR\",\"@id\":\"https:\/\/backup.kamolhospital.com\/fr\/#\/schema\/logo\/image\/\",\"url\":\"https:\/\/backup.kamolhospital.com\/wp-content\/uploads\/2025\/04\/kamol-logo.svg\",\"contentUrl\":\"https:\/\/backup.kamolhospital.com\/wp-content\/uploads\/2025\/04\/kamol-logo.svg\",\"width\":157,\"height\":51,\"caption\":\"Kamol Hospital\"},\"image\":{\"@id\":\"https:\/\/backup.kamolhospital.com\/fr\/#\/schema\/logo\/image\/\"}}]}<\/script>\n<!-- \/ Yoast SEO plugin. -->","yoast_head_json":{"title":"Nos praticiens - Kamol Hospital","robots":{"index":"noindex","follow":"follow","max-snippet":"max-snippet:-1","max-image-preview":"max-image-preview:large","max-video-preview":"max-video-preview:-1"},"og_locale":"fr_FR","og_type":"article","og_title":"Nos praticiens - Kamol Hospital","og_description":"M\u00c9DECINS Rencontrez les experts derri\u00e8re chaque transformation Le Kamol Hospital r\u00e9unit une \u00e9quipe de chirurgiens de renomm\u00e9e mondiale, apportant expertise, pr\u00e9cision et compassion \u00e0 chaque intervention. Forts de plusieurs d\u00e9cennies d\u2019exp\u00e9rience en chirurgie esth\u00e9tique et de r\u00e9assignation de genre, nos m\u00e9decins s\u2019engagent \u00e0 aider chaque patient \u00e0 atteindre des r\u00e9sultats en harmonie avec son identit\u00e9 [&hellip;]","og_url":"https:\/\/backup.kamolhospital.com\/fr\/doctors\/","og_site_name":"Kamol Hospital","article_modified_time":"2025-09-25T10:59:28+00:00","og_image":[{"url":"https:\/\/kamolhospital.com\/wp-content\/uploads\/2025\/08\/Dr.-Kamol-Pansritum-M.D-1-768x1050.jpg","type":"","width":"","height":""}],"twitter_card":"summary_large_image","twitter_misc":{"Dur\u00e9e de lecture estim\u00e9e":"2 minutes"},"schema":{"@context":"https:\/\/schema.org","@graph":[{"@type":"WebPage","@id":"https:\/\/backup.kamolhospital.com\/fr\/doctors\/","url":"https:\/\/backup.kamolhospital.com\/fr\/doctors\/","name":"Nos praticiens - Kamol Hospital","isPartOf":{"@id":"https:\/\/backup.kamolhospital.com\/fr\/#website"},"primaryImageOfPage":{"@id":"https:\/\/backup.kamolhospital.com\/fr\/doctors\/#primaryimage"},"image":{"@id":"https:\/\/backup.kamolhospital.com\/fr\/doctors\/#primaryimage"},"thumbnailUrl":"https:\/\/kamolhospital.com\/wp-content\/uploads\/2025\/08\/Dr.-Kamol-Pansritum-M.D-1-768x1050.jpg","datePublished":"2025-05-15T14:16:46+00:00","dateModified":"2025-09-25T10:59:28+00:00","breadcrumb":{"@id":"https:\/\/backup.kamolhospital.com\/fr\/doctors\/#breadcrumb"},"inLanguage":"fr-FR","potentialAction":[{"@type":"ReadAction","target":["https:\/\/backup.kamolhospital.com\/fr\/doctors\/"]}]},{"@type":"ImageObject","inLanguage":"fr-FR","@id":"https:\/\/backup.kamolhospital.com\/fr\/doctors\/#primaryimage","url":"https:\/\/kamolhospital.com\/wp-content\/uploads\/2025\/08\/Dr.-Kamol-Pansritum-M.D-1-768x1050.jpg","contentUrl":"https:\/\/kamolhospital.com\/wp-content\/uploads\/2025\/08\/Dr.-Kamol-Pansritum-M.D-1-768x1050.jpg"},{"@type":"BreadcrumbList","@id":"https:\/\/backup.kamolhospital.com\/fr\/doctors\/#breadcrumb","itemListElement":[{"@type":"ListItem","position":1,"name":"Home","item":"https:\/\/backup.kamolhospital.com\/fr\/"},{"@type":"ListItem","position":2,"name":"Nos praticiens"}]},{"@type":"WebSite","@id":"https:\/\/backup.kamolhospital.com\/fr\/#website","url":"https:\/\/backup.kamolhospital.com\/fr\/","name":"Kamol Hospital","description":"","publisher":{"@id":"https:\/\/backup.kamolhospital.com\/fr\/#organization"},"potentialAction":[{"@type":"SearchAction","target":{"@type":"EntryPoint","urlTemplate":"https:\/\/backup.kamolhospital.com\/fr\/?s={search_term_string}"},"query-input":{"@type":"PropertyValueSpecification","valueRequired":true,"valueName":"search_term_string"}}],"inLanguage":"fr-FR"},{"@type":"Organization","@id":"https:\/\/backup.kamolhospital.com\/fr\/#organization","name":"Kamol Hospital","url":"https:\/\/backup.kamolhospital.com\/fr\/","logo":{"@type":"ImageObject","inLanguage":"fr-FR","@id":"https:\/\/backup.kamolhospital.com\/fr\/#\/schema\/logo\/image\/","url":"https:\/\/backup.kamolhospital.com\/wp-content\/uploads\/2025\/04\/kamol-logo.svg","contentUrl":"https:\/\/backup.kamolhospital.com\/wp-content\/uploads\/2025\/04\/kamol-logo.svg","width":157,"height":51,"caption":"Kamol Hospital"},"image":{"@id":"https:\/\/backup.kamolhospital.com\/fr\/#\/schema\/logo\/image\/"}}]}},"_links":{"self":[{"href":"https:\/\/backup.kamolhospital.com\/fr\/wp-json\/wp\/v2\/pages\/44860","targetHints":{"allow":["GET"]}}],"collection":[{"href":"https:\/\/backup.kamolhospital.com\/fr\/wp-json\/wp\/v2\/pages"}],"about":[{"href":"https:\/\/backup.kamolhospital.com\/fr\/wp-json\/wp\/v2\/types\/page"}],"author":[{"embeddable":true,"href":"https:\/\/backup.kamolhospital.com\/fr\/wp-json\/wp\/v2\/users\/2"}],"replies":[{"embeddable":true,"href":"https:\/\/backup.kamolhospital.com\/fr\/wp-json\/wp\/v2\/comments?post=44860"}],"version-history":[{"count":21,"href":"https:\/\/backup.kamolhospital.com\/fr\/wp-json\/wp\/v2\/pages\/44860\/revisions"}],"predecessor-version":[{"id":81980,"href":"https:\/\/backup.kamolhospital.com\/fr\/wp-json\/wp\/v2\/pages\/44860\/revisions\/81980"}],"wp:attachment":[{"href":"https:\/\/backup.kamolhospital.com\/fr\/wp-json\/wp\/v2\/media?parent=44860"}],"curies":[{"name":"wp","href":"https:\/\/api.w.org\/{rel}","templated":true}]}}