{"id":46206,"date":"2025-05-15T17:24:07","date_gmt":"2025-05-15T17:24:07","guid":{"rendered":"https:\/\/kamolhospital.com\/testimonials\/"},"modified":"2025-09-10T04:36:07","modified_gmt":"2025-09-10T04:36:07","slug":"testimonials","status":"publish","type":"page","link":"https:\/\/backup.kamolhospital.com\/fr\/testimonials\/","title":{"rendered":"T\u00e9moignages"},"content":{"rendered":"<h1>T\u00c9MOIGNAGES<\/h1>\n<p>\t\t\t\t\tHistoires vraies, transformations r\u00e9elles<\/p>\n<p>\u00a0Au Kamol Hospital, chaque intervention a le pouvoir de transformer une vie. Qu\u2019il s\u2019agisse de se remettre d\u2019un traumatisme, d\u2019am\u00e9liorer son apparence ou d\u2019affirmer son identit\u00e9, le parcours de nos patients est profond\u00e9ment personnel. Ici, certains d\u2019entre eux partagent comment leurs exp\u00e9riences avec le Dr Kamol et son \u00e9quipe ont ouvert de nouvelles perspectives, apport\u00e9 confiance et chang\u00e9 leur vie de mani\u00e8re inimaginable.<\/p>\n<h2>T\u00e9moignages de chirurgie homme vers femme<\/h2>\n<p>\t\t\t\t\t\t\t\t\t\t<a role=\"button\"><br \/>\n\t\t\t\t<svg aria-hidden=\"true\" viewBox=\"0 0 448 512\" xmlns=\"http:\/\/www.w3.org\/2000\/svg\"><path d=\"M190.5 66.9l22.2-22.2c9.4-9.4 24.6-9.4 33.9 0L441 239c9.4 9.4 9.4 24.6 0 33.9L246.6 467.3c-9.4 9.4-24.6 9.4-33.9 0l-22.2-22.2c-9.5-9.5-9.3-25 .4-34.3L311.4 296H24c-13.3 0-24-10.7-24-24v-32c0-13.3 10.7-24 24-24h287.4L190.9 101.2c-9.8-9.3-10-24.8-.4-34.3z\"><\/path><\/svg><br \/>\n\t\t\t\t\t\t\t\t\tVoir tout<br \/>\n\t\t\t\t\t<\/a><\/p>\n<h2>T\u00e9moignages de chirurgie femme vers homme<\/h2>\n<p>\t\t\t\t\t\t\t\t\t\t<a role=\"button\"><br \/>\n\t\t\t\t<svg aria-hidden=\"true\" viewBox=\"0 0 448 512\" xmlns=\"http:\/\/www.w3.org\/2000\/svg\"><path d=\"M190.5 66.9l22.2-22.2c9.4-9.4 24.6-9.4 33.9 0L441 239c9.4 9.4 9.4 24.6 0 33.9L246.6 467.3c-9.4 9.4-24.6 9.4-33.9 0l-22.2-22.2c-9.5-9.5-9.3-25 .4-34.3L311.4 296H24c-13.3 0-24-10.7-24-24v-32c0-13.3 10.7-24 24-24h287.4L190.9 101.2c-9.8-9.3-10-24.8-.4-34.3z\"><\/path><\/svg><br \/>\n\t\t\t\t\t\t\t\t\tVoir tout<br \/>\n\t\t\t\t\t<\/a><\/p>\n<h2>T\u00e9moignages pour d&rsquo;autres proc\u00e9dures<\/h2>\n<p>\t\t\t\t\t\t\t\t\t\t<a role=\"button\"><br \/>\n\t\t\t\t<svg aria-hidden=\"true\" viewBox=\"0 0 448 512\" xmlns=\"http:\/\/www.w3.org\/2000\/svg\"><path d=\"M190.5 66.9l22.2-22.2c9.4-9.4 24.6-9.4 33.9 0L441 239c9.4 9.4 9.4 24.6 0 33.9L246.6 467.3c-9.4 9.4-24.6 9.4-33.9 0l-22.2-22.2c-9.5-9.5-9.3-25 .4-34.3L311.4 296H24c-13.3 0-24-10.7-24-24v-32c0-13.3 10.7-24 24-24h287.4L190.9 101.2c-9.8-9.3-10-24.8-.4-34.3z\"><\/path><\/svg><br \/>\n\t\t\t\t\t\t\t\t\tVoir tout<br \/>\n\t\t\t\t\t<\/a><\/p>\n","protected":false},"excerpt":{"rendered":"<p>T\u00c9MOIGNAGES Histoires vraies, transformations r\u00e9elles \u00a0Au Kamol Hospital, chaque intervention a le pouvoir de transformer une vie. Qu\u2019il s\u2019agisse de se remettre d\u2019un traumatisme, d\u2019am\u00e9liorer son apparence ou d\u2019affirmer son identit\u00e9, le parcours de nos patients est profond\u00e9ment personnel. Ici, certains d\u2019entre eux partagent comment leurs exp\u00e9riences avec le Dr Kamol et son \u00e9quipe ont [&hellip;]<\/p>\n","protected":false},"author":2,"featured_media":0,"parent":0,"menu_order":0,"comment_status":"closed","ping_status":"closed","template":"","meta":{"_acf_changed":false,"footnotes":""},"class_list":["post-46206","page","type-page","status-publish","hentry"],"acf":[],"yoast_head":"<!-- This site is optimized with the Yoast SEO plugin v26.0 - https:\/\/yoast.com\/wordpress\/plugins\/seo\/ -->\n<title>T\u00e9moignages - Kamol Hospital<\/title>\n<meta name=\"robots\" content=\"noindex, follow, max-snippet:-1, max-image-preview:large, max-video-preview:-1\" \/>\n<meta property=\"og:locale\" content=\"fr_FR\" \/>\n<meta property=\"og:type\" content=\"article\" \/>\n<meta property=\"og:title\" content=\"T\u00e9moignages - Kamol Hospital\" \/>\n<meta property=\"og:description\" content=\"T\u00c9MOIGNAGES Histoires vraies, transformations r\u00e9elles \u00a0Au Kamol Hospital, chaque intervention a le pouvoir de transformer une vie. Qu\u2019il s\u2019agisse de se remettre d\u2019un traumatisme, d\u2019am\u00e9liorer son apparence ou d\u2019affirmer son identit\u00e9, le parcours de nos patients est profond\u00e9ment personnel. Ici, certains d\u2019entre eux partagent comment leurs exp\u00e9riences avec le Dr Kamol et son \u00e9quipe ont [&hellip;]\" \/>\n<meta property=\"og:url\" content=\"https:\/\/backup.kamolhospital.com\/fr\/testimonials\/\" \/>\n<meta property=\"og:site_name\" content=\"Kamol Hospital\" \/>\n<meta property=\"article:modified_time\" content=\"2025-09-10T04:36:07+00:00\" \/>\n<meta name=\"twitter:card\" content=\"summary_large_image\" \/>\n<meta name=\"twitter:label1\" content=\"Dur\u00e9e de lecture estim\u00e9e\" \/>\n\t<meta name=\"twitter:data1\" content=\"1 minute\" \/>\n<script type=\"application\/ld+json\" class=\"yoast-schema-graph\">{\"@context\":\"https:\/\/schema.org\",\"@graph\":[{\"@type\":\"WebPage\",\"@id\":\"https:\/\/backup.kamolhospital.com\/fr\/testimonials\/\",\"url\":\"https:\/\/backup.kamolhospital.com\/fr\/testimonials\/\",\"name\":\"T\u00e9moignages - Kamol Hospital\",\"isPartOf\":{\"@id\":\"https:\/\/backup.kamolhospital.com\/fr\/#website\"},\"datePublished\":\"2025-05-15T17:24:07+00:00\",\"dateModified\":\"2025-09-10T04:36:07+00:00\",\"breadcrumb\":{\"@id\":\"https:\/\/backup.kamolhospital.com\/fr\/testimonials\/#breadcrumb\"},\"inLanguage\":\"fr-FR\",\"potentialAction\":[{\"@type\":\"ReadAction\",\"target\":[\"https:\/\/backup.kamolhospital.com\/fr\/testimonials\/\"]}]},{\"@type\":\"BreadcrumbList\",\"@id\":\"https:\/\/backup.kamolhospital.com\/fr\/testimonials\/#breadcrumb\",\"itemListElement\":[{\"@type\":\"ListItem\",\"position\":1,\"name\":\"Home\",\"item\":\"https:\/\/backup.kamolhospital.com\/fr\/\"},{\"@type\":\"ListItem\",\"position\":2,\"name\":\"T\u00e9moignages\"}]},{\"@type\":\"WebSite\",\"@id\":\"https:\/\/backup.kamolhospital.com\/fr\/#website\",\"url\":\"https:\/\/backup.kamolhospital.com\/fr\/\",\"name\":\"Kamol Hospital\",\"description\":\"\",\"publisher\":{\"@id\":\"https:\/\/backup.kamolhospital.com\/fr\/#organization\"},\"potentialAction\":[{\"@type\":\"SearchAction\",\"target\":{\"@type\":\"EntryPoint\",\"urlTemplate\":\"https:\/\/backup.kamolhospital.com\/fr\/?s={search_term_string}\"},\"query-input\":{\"@type\":\"PropertyValueSpecification\",\"valueRequired\":true,\"valueName\":\"search_term_string\"}}],\"inLanguage\":\"fr-FR\"},{\"@type\":\"Organization\",\"@id\":\"https:\/\/backup.kamolhospital.com\/fr\/#organization\",\"name\":\"Kamol Hospital\",\"url\":\"https:\/\/backup.kamolhospital.com\/fr\/\",\"logo\":{\"@type\":\"ImageObject\",\"inLanguage\":\"fr-FR\",\"@id\":\"https:\/\/backup.kamolhospital.com\/fr\/#\/schema\/logo\/image\/\",\"url\":\"https:\/\/backup.kamolhospital.com\/wp-content\/uploads\/2025\/04\/kamol-logo.svg\",\"contentUrl\":\"https:\/\/backup.kamolhospital.com\/wp-content\/uploads\/2025\/04\/kamol-logo.svg\",\"width\":157,\"height\":51,\"caption\":\"Kamol Hospital\"},\"image\":{\"@id\":\"https:\/\/backup.kamolhospital.com\/fr\/#\/schema\/logo\/image\/\"}}]}<\/script>\n<!-- \/ Yoast SEO plugin. -->","yoast_head_json":{"title":"T\u00e9moignages - Kamol Hospital","robots":{"index":"noindex","follow":"follow","max-snippet":"max-snippet:-1","max-image-preview":"max-image-preview:large","max-video-preview":"max-video-preview:-1"},"og_locale":"fr_FR","og_type":"article","og_title":"T\u00e9moignages - Kamol Hospital","og_description":"T\u00c9MOIGNAGES Histoires vraies, transformations r\u00e9elles \u00a0Au Kamol Hospital, chaque intervention a le pouvoir de transformer une vie. Qu\u2019il s\u2019agisse de se remettre d\u2019un traumatisme, d\u2019am\u00e9liorer son apparence ou d\u2019affirmer son identit\u00e9, le parcours de nos patients est profond\u00e9ment personnel. Ici, certains d\u2019entre eux partagent comment leurs exp\u00e9riences avec le Dr Kamol et son \u00e9quipe ont [&hellip;]","og_url":"https:\/\/backup.kamolhospital.com\/fr\/testimonials\/","og_site_name":"Kamol Hospital","article_modified_time":"2025-09-10T04:36:07+00:00","twitter_card":"summary_large_image","twitter_misc":{"Dur\u00e9e de lecture estim\u00e9e":"1 minute"},"schema":{"@context":"https:\/\/schema.org","@graph":[{"@type":"WebPage","@id":"https:\/\/backup.kamolhospital.com\/fr\/testimonials\/","url":"https:\/\/backup.kamolhospital.com\/fr\/testimonials\/","name":"T\u00e9moignages - Kamol Hospital","isPartOf":{"@id":"https:\/\/backup.kamolhospital.com\/fr\/#website"},"datePublished":"2025-05-15T17:24:07+00:00","dateModified":"2025-09-10T04:36:07+00:00","breadcrumb":{"@id":"https:\/\/backup.kamolhospital.com\/fr\/testimonials\/#breadcrumb"},"inLanguage":"fr-FR","potentialAction":[{"@type":"ReadAction","target":["https:\/\/backup.kamolhospital.com\/fr\/testimonials\/"]}]},{"@type":"BreadcrumbList","@id":"https:\/\/backup.kamolhospital.com\/fr\/testimonials\/#breadcrumb","itemListElement":[{"@type":"ListItem","position":1,"name":"Home","item":"https:\/\/backup.kamolhospital.com\/fr\/"},{"@type":"ListItem","position":2,"name":"T\u00e9moignages"}]},{"@type":"WebSite","@id":"https:\/\/backup.kamolhospital.com\/fr\/#website","url":"https:\/\/backup.kamolhospital.com\/fr\/","name":"Kamol Hospital","description":"","publisher":{"@id":"https:\/\/backup.kamolhospital.com\/fr\/#organization"},"potentialAction":[{"@type":"SearchAction","target":{"@type":"EntryPoint","urlTemplate":"https:\/\/backup.kamolhospital.com\/fr\/?s={search_term_string}"},"query-input":{"@type":"PropertyValueSpecification","valueRequired":true,"valueName":"search_term_string"}}],"inLanguage":"fr-FR"},{"@type":"Organization","@id":"https:\/\/backup.kamolhospital.com\/fr\/#organization","name":"Kamol Hospital","url":"https:\/\/backup.kamolhospital.com\/fr\/","logo":{"@type":"ImageObject","inLanguage":"fr-FR","@id":"https:\/\/backup.kamolhospital.com\/fr\/#\/schema\/logo\/image\/","url":"https:\/\/backup.kamolhospital.com\/wp-content\/uploads\/2025\/04\/kamol-logo.svg","contentUrl":"https:\/\/backup.kamolhospital.com\/wp-content\/uploads\/2025\/04\/kamol-logo.svg","width":157,"height":51,"caption":"Kamol Hospital"},"image":{"@id":"https:\/\/backup.kamolhospital.com\/fr\/#\/schema\/logo\/image\/"}}]}},"_links":{"self":[{"href":"https:\/\/backup.kamolhospital.com\/fr\/wp-json\/wp\/v2\/pages\/46206","targetHints":{"allow":["GET"]}}],"collection":[{"href":"https:\/\/backup.kamolhospital.com\/fr\/wp-json\/wp\/v2\/pages"}],"about":[{"href":"https:\/\/backup.kamolhospital.com\/fr\/wp-json\/wp\/v2\/types\/page"}],"author":[{"embeddable":true,"href":"https:\/\/backup.kamolhospital.com\/fr\/wp-json\/wp\/v2\/users\/2"}],"replies":[{"embeddable":true,"href":"https:\/\/backup.kamolhospital.com\/fr\/wp-json\/wp\/v2\/comments?post=46206"}],"version-history":[{"count":15,"href":"https:\/\/backup.kamolhospital.com\/fr\/wp-json\/wp\/v2\/pages\/46206\/revisions"}],"predecessor-version":[{"id":79112,"href":"https:\/\/backup.kamolhospital.com\/fr\/wp-json\/wp\/v2\/pages\/46206\/revisions\/79112"}],"wp:attachment":[{"href":"https:\/\/backup.kamolhospital.com\/fr\/wp-json\/wp\/v2\/media?parent=46206"}],"curies":[{"name":"wp","href":"https:\/\/api.w.org\/{rel}","templated":true}]}}