{"id":46216,"date":"2025-05-15T17:20:36","date_gmt":"2025-05-15T17:20:36","guid":{"rendered":"https:\/\/kamolhospital.com\/before-after\/"},"modified":"2025-09-30T04:47:08","modified_gmt":"2025-09-30T04:47:08","slug":"before-after","status":"publish","type":"page","link":"https:\/\/backup.kamolhospital.com\/fr\/before-after\/","title":{"rendered":"Notre Galerie"},"content":{"rendered":"<h1>before and after<\/h1>\n<p>\t\t\t\t\tR\u00e9sultats r\u00e9els, transformations naturelles\t\t<\/p>\n<p>D\u00e9couvrez notre galerie \u00ab Avant et Apr\u00e8s \u00bb, pr\u00e9sentant les changements remarquables obtenus gr\u00e2ce aux interventions esth\u00e9tiques et aux chirurgies d\u2019affirmation de genre r\u00e9alis\u00e9es par nos experts \u00e0 l\u2019H\u00f4pital Kamol. Admirez les r\u00e9sultats authentiques de nos proc\u00e9dures les plus populaires dans une ambiance chaleureuse et bienveillante.<\/p>\n<h2>Chirurgie de Masculin \u00e0 F\u00e9minin<\/h2>\n<p>\t\tD\u00e9couvrez les r\u00e9sultats avant et apr\u00e8s des chirurgies de masculin \u00e0 f\u00e9minin, refl\u00e9tant l\u2019expertise chirurgicale et des soins centr\u00e9s sur le patient.<br \/>\n\t\t\t\t\t\t\t\t<a role=\"button\"><br \/>\n\t\t\t\t\t\t\t\t\tVOIR TOUT<br \/>\n\t\t\t\t\t<\/a><\/p>\n<h2>Chirurgie de F\u00e9minin \u00e0 Masculin<\/h2>\n<p>Explorez les r\u00e9sultats des chirurgies de f\u00e9minin \u00e0 masculin, d\u00e9montrant notre engagement envers la pr\u00e9cision, la s\u00e9curit\u00e9 et un traitement individualis\u00e9.<\/p>\n<p>\t\t\t\t\t\t\t\t<a role=\"button\"><br \/>\n\t\t\t\t\t\t\t\t\tVOIR TOUT<br \/>\n\t\t\t\t\t<\/a><\/p>\n<h2>Chirurgie Esth\u00e9tique Faciale<\/h2>\n<p>Parcourez les images avant et apr\u00e8s de la chirurgie esth\u00e9tique faciale, mettant en valeur des r\u00e9sultats raffin\u00e9s et naturels obtenus gr\u00e2ce \u00e0 des techniques chirurgicales expertes.<\/p>\n<p>\t\t\t\t\t\t\t\t<a role=\"button\"><br \/>\n\t\t\t\t\t\t\t\t\tVOIR TOUT<br \/>\n\t\t\t\t\t<\/a><\/p>\n<h2>Chirurgie Mammaire<\/h2>\n<p>D\u00e9couvrez les photos avant et apr\u00e8s de la chirurgie mammaire, soulignant des am\u00e9liorations naturelles adapt\u00e9es aux objectifs et \u00e0 l\u2019anatomie de chaque patient.<\/p>\n<p>\t\t\t\t\t\t\t\t<a role=\"button\"><br \/>\n\t\t\t\t\t\t\t\t\tVOIR TOUT<br \/>\n\t\t\t\t\t<\/a><\/p>\n<h2>Chirurgie Corporelle<\/h2>\n<p>D\u00e9couvrez les transformations chirurgicales corporelles, d\u00e9montrant des r\u00e9sultats sculpt\u00e9s obtenus gr\u00e2ce \u00e0 des techniques avanc\u00e9es et des plans de traitement personnalis\u00e9s.<\/p>\n<p>\t\t\t\t\t\t\t\t<a role=\"button\"><br \/>\n\t\t\t\t\t\t\t\t\tVOIR TOUT<br \/>\n\t\t\t\t\t<\/a><\/p>\n<h2>Centre de Bien-\u00eatre<\/h2>\n<p>D\u00e9couvrez des traitements de bien-\u00eatre complets ax\u00e9s sur la sant\u00e9 des hommes, des femmes et des personnes transgenres, favorisant le bien-\u00eatre g\u00e9n\u00e9ral et la vitalit\u00e9.<\/p>\n<p>\t\t\t\t\t\t\t\t<a role=\"button\"><br \/>\n\t\t\t\t\t\t\t\t\tVOIR TOUT<br \/>\n\t\t\t\t\t<\/a><\/p>\n","protected":false},"excerpt":{"rendered":"<p>before and after R\u00e9sultats r\u00e9els, transformations naturelles D\u00e9couvrez notre galerie \u00ab Avant et Apr\u00e8s \u00bb, pr\u00e9sentant les changements remarquables obtenus gr\u00e2ce aux interventions esth\u00e9tiques et aux chirurgies d\u2019affirmation de genre r\u00e9alis\u00e9es par nos experts \u00e0 l\u2019H\u00f4pital Kamol. Admirez les r\u00e9sultats authentiques de nos proc\u00e9dures les plus populaires dans une ambiance chaleureuse et bienveillante. Chirurgie de [&hellip;]<\/p>\n","protected":false},"author":2,"featured_media":0,"parent":0,"menu_order":0,"comment_status":"closed","ping_status":"closed","template":"","meta":{"_acf_changed":false,"footnotes":""},"class_list":["post-46216","page","type-page","status-publish","hentry"],"acf":[],"yoast_head":"<!-- This site is optimized with the Yoast SEO plugin v26.0 - https:\/\/yoast.com\/wordpress\/plugins\/seo\/ -->\n<title>Notre Galerie - Kamol Hospital<\/title>\n<meta name=\"robots\" content=\"noindex, follow, max-snippet:-1, max-image-preview:large, max-video-preview:-1\" \/>\n<meta property=\"og:locale\" content=\"fr_FR\" \/>\n<meta property=\"og:type\" content=\"article\" \/>\n<meta property=\"og:title\" content=\"Notre Galerie - Kamol Hospital\" \/>\n<meta property=\"og:description\" content=\"before and after R\u00e9sultats r\u00e9els, transformations naturelles D\u00e9couvrez notre galerie \u00ab Avant et Apr\u00e8s \u00bb, pr\u00e9sentant les changements remarquables obtenus gr\u00e2ce aux interventions esth\u00e9tiques et aux chirurgies d\u2019affirmation de genre r\u00e9alis\u00e9es par nos experts \u00e0 l\u2019H\u00f4pital Kamol. Admirez les r\u00e9sultats authentiques de nos proc\u00e9dures les plus populaires dans une ambiance chaleureuse et bienveillante. Chirurgie de [&hellip;]\" \/>\n<meta property=\"og:url\" content=\"https:\/\/backup.kamolhospital.com\/fr\/before-after\/\" \/>\n<meta property=\"og:site_name\" content=\"Kamol Hospital\" \/>\n<meta property=\"article:modified_time\" content=\"2025-09-30T04:47:08+00:00\" \/>\n<meta name=\"twitter:card\" content=\"summary_large_image\" \/>\n<meta name=\"twitter:label1\" content=\"Dur\u00e9e de lecture estim\u00e9e\" \/>\n\t<meta name=\"twitter:data1\" content=\"1 minute\" \/>\n<script type=\"application\/ld+json\" class=\"yoast-schema-graph\">{\"@context\":\"https:\/\/schema.org\",\"@graph\":[{\"@type\":\"WebPage\",\"@id\":\"https:\/\/backup.kamolhospital.com\/fr\/before-after\/\",\"url\":\"https:\/\/backup.kamolhospital.com\/fr\/before-after\/\",\"name\":\"Notre Galerie - Kamol Hospital\",\"isPartOf\":{\"@id\":\"https:\/\/backup.kamolhospital.com\/fr\/#website\"},\"datePublished\":\"2025-05-15T17:20:36+00:00\",\"dateModified\":\"2025-09-30T04:47:08+00:00\",\"breadcrumb\":{\"@id\":\"https:\/\/backup.kamolhospital.com\/fr\/before-after\/#breadcrumb\"},\"inLanguage\":\"fr-FR\",\"potentialAction\":[{\"@type\":\"ReadAction\",\"target\":[\"https:\/\/backup.kamolhospital.com\/fr\/before-after\/\"]}]},{\"@type\":\"BreadcrumbList\",\"@id\":\"https:\/\/backup.kamolhospital.com\/fr\/before-after\/#breadcrumb\",\"itemListElement\":[{\"@type\":\"ListItem\",\"position\":1,\"name\":\"Home\",\"item\":\"https:\/\/backup.kamolhospital.com\/fr\/\"},{\"@type\":\"ListItem\",\"position\":2,\"name\":\"Notre Galerie\"}]},{\"@type\":\"WebSite\",\"@id\":\"https:\/\/backup.kamolhospital.com\/fr\/#website\",\"url\":\"https:\/\/backup.kamolhospital.com\/fr\/\",\"name\":\"Kamol Hospital\",\"description\":\"\",\"publisher\":{\"@id\":\"https:\/\/backup.kamolhospital.com\/fr\/#organization\"},\"potentialAction\":[{\"@type\":\"SearchAction\",\"target\":{\"@type\":\"EntryPoint\",\"urlTemplate\":\"https:\/\/backup.kamolhospital.com\/fr\/?s={search_term_string}\"},\"query-input\":{\"@type\":\"PropertyValueSpecification\",\"valueRequired\":true,\"valueName\":\"search_term_string\"}}],\"inLanguage\":\"fr-FR\"},{\"@type\":\"Organization\",\"@id\":\"https:\/\/backup.kamolhospital.com\/fr\/#organization\",\"name\":\"Kamol Hospital\",\"url\":\"https:\/\/backup.kamolhospital.com\/fr\/\",\"logo\":{\"@type\":\"ImageObject\",\"inLanguage\":\"fr-FR\",\"@id\":\"https:\/\/backup.kamolhospital.com\/fr\/#\/schema\/logo\/image\/\",\"url\":\"https:\/\/backup.kamolhospital.com\/wp-content\/uploads\/2025\/04\/kamol-logo.svg\",\"contentUrl\":\"https:\/\/backup.kamolhospital.com\/wp-content\/uploads\/2025\/04\/kamol-logo.svg\",\"width\":157,\"height\":51,\"caption\":\"Kamol Hospital\"},\"image\":{\"@id\":\"https:\/\/backup.kamolhospital.com\/fr\/#\/schema\/logo\/image\/\"}}]}<\/script>\n<!-- \/ Yoast SEO plugin. -->","yoast_head_json":{"title":"Notre Galerie - Kamol Hospital","robots":{"index":"noindex","follow":"follow","max-snippet":"max-snippet:-1","max-image-preview":"max-image-preview:large","max-video-preview":"max-video-preview:-1"},"og_locale":"fr_FR","og_type":"article","og_title":"Notre Galerie - Kamol Hospital","og_description":"before and after R\u00e9sultats r\u00e9els, transformations naturelles D\u00e9couvrez notre galerie \u00ab Avant et Apr\u00e8s \u00bb, pr\u00e9sentant les changements remarquables obtenus gr\u00e2ce aux interventions esth\u00e9tiques et aux chirurgies d\u2019affirmation de genre r\u00e9alis\u00e9es par nos experts \u00e0 l\u2019H\u00f4pital Kamol. Admirez les r\u00e9sultats authentiques de nos proc\u00e9dures les plus populaires dans une ambiance chaleureuse et bienveillante. Chirurgie de [&hellip;]","og_url":"https:\/\/backup.kamolhospital.com\/fr\/before-after\/","og_site_name":"Kamol Hospital","article_modified_time":"2025-09-30T04:47:08+00:00","twitter_card":"summary_large_image","twitter_misc":{"Dur\u00e9e de lecture estim\u00e9e":"1 minute"},"schema":{"@context":"https:\/\/schema.org","@graph":[{"@type":"WebPage","@id":"https:\/\/backup.kamolhospital.com\/fr\/before-after\/","url":"https:\/\/backup.kamolhospital.com\/fr\/before-after\/","name":"Notre Galerie - Kamol Hospital","isPartOf":{"@id":"https:\/\/backup.kamolhospital.com\/fr\/#website"},"datePublished":"2025-05-15T17:20:36+00:00","dateModified":"2025-09-30T04:47:08+00:00","breadcrumb":{"@id":"https:\/\/backup.kamolhospital.com\/fr\/before-after\/#breadcrumb"},"inLanguage":"fr-FR","potentialAction":[{"@type":"ReadAction","target":["https:\/\/backup.kamolhospital.com\/fr\/before-after\/"]}]},{"@type":"BreadcrumbList","@id":"https:\/\/backup.kamolhospital.com\/fr\/before-after\/#breadcrumb","itemListElement":[{"@type":"ListItem","position":1,"name":"Home","item":"https:\/\/backup.kamolhospital.com\/fr\/"},{"@type":"ListItem","position":2,"name":"Notre Galerie"}]},{"@type":"WebSite","@id":"https:\/\/backup.kamolhospital.com\/fr\/#website","url":"https:\/\/backup.kamolhospital.com\/fr\/","name":"Kamol Hospital","description":"","publisher":{"@id":"https:\/\/backup.kamolhospital.com\/fr\/#organization"},"potentialAction":[{"@type":"SearchAction","target":{"@type":"EntryPoint","urlTemplate":"https:\/\/backup.kamolhospital.com\/fr\/?s={search_term_string}"},"query-input":{"@type":"PropertyValueSpecification","valueRequired":true,"valueName":"search_term_string"}}],"inLanguage":"fr-FR"},{"@type":"Organization","@id":"https:\/\/backup.kamolhospital.com\/fr\/#organization","name":"Kamol Hospital","url":"https:\/\/backup.kamolhospital.com\/fr\/","logo":{"@type":"ImageObject","inLanguage":"fr-FR","@id":"https:\/\/backup.kamolhospital.com\/fr\/#\/schema\/logo\/image\/","url":"https:\/\/backup.kamolhospital.com\/wp-content\/uploads\/2025\/04\/kamol-logo.svg","contentUrl":"https:\/\/backup.kamolhospital.com\/wp-content\/uploads\/2025\/04\/kamol-logo.svg","width":157,"height":51,"caption":"Kamol Hospital"},"image":{"@id":"https:\/\/backup.kamolhospital.com\/fr\/#\/schema\/logo\/image\/"}}]}},"_links":{"self":[{"href":"https:\/\/backup.kamolhospital.com\/fr\/wp-json\/wp\/v2\/pages\/46216","targetHints":{"allow":["GET"]}}],"collection":[{"href":"https:\/\/backup.kamolhospital.com\/fr\/wp-json\/wp\/v2\/pages"}],"about":[{"href":"https:\/\/backup.kamolhospital.com\/fr\/wp-json\/wp\/v2\/types\/page"}],"author":[{"embeddable":true,"href":"https:\/\/backup.kamolhospital.com\/fr\/wp-json\/wp\/v2\/users\/2"}],"replies":[{"embeddable":true,"href":"https:\/\/backup.kamolhospital.com\/fr\/wp-json\/wp\/v2\/comments?post=46216"}],"version-history":[{"count":6,"href":"https:\/\/backup.kamolhospital.com\/fr\/wp-json\/wp\/v2\/pages\/46216\/revisions"}],"predecessor-version":[{"id":84321,"href":"https:\/\/backup.kamolhospital.com\/fr\/wp-json\/wp\/v2\/pages\/46216\/revisions\/84321"}],"wp:attachment":[{"href":"https:\/\/backup.kamolhospital.com\/fr\/wp-json\/wp\/v2\/media?parent=46216"}],"curies":[{"name":"wp","href":"https:\/\/api.w.org\/{rel}","templated":true}]}}