{"id":52011,"date":"2025-06-11T03:26:10","date_gmt":"2025-06-11T03:26:10","guid":{"rendered":"https:\/\/kamolhospital.com\/kamol-trip\/pre-arrival\/"},"modified":"2025-10-01T14:02:00","modified_gmt":"2025-10-01T14:02:00","slug":"pre-arrival","status":"publish","type":"page","link":"https:\/\/backup.kamolhospital.com\/fr\/kamol-trip\/pre-arrival\/","title":{"rendered":"Avant l\u2019arriv\u00e9e"},"content":{"rendered":"<p>VOYAGE M\u00c9DICAL\t\t\t\t\tCommencez votre parcours ici<\/p>\n<p>\u00c9tant l\u2019un des \u00e9tablissements m\u00e9dicaux les plus r\u00e9cents au monde construits sp\u00e9cialement \u00e0 cet effet, l\u2019h\u00f4pital Kamol a \u00e9t\u00e9 con\u00e7u de A \u00e0 Z pour assurer confort et commodit\u00e9 aux patients.<\/p>\n<p>H\u00d4PITAL KAMOL<\/p>\n<p>\u00c0 l\u2019h\u00f4pital de chirurgie esth\u00e9tique Kamol, nous proposons des chirurgies esth\u00e9tiques et de r\u00e9assignation de genre avanc\u00e9es, respectant les plus hauts standards de s\u00e9curit\u00e9 et de soins. D\u00e9couvrez nos services complets et trouvez l\u2019option la plus adapt\u00e9e pour vous.<\/p>\n<ul>\n<li>\n\t\t\t\t\t\t\t\t\t\t\t<a href=\"#prepare\"><br \/>\n\t\t\t\t\t\t\t\t\t\t\t1  Pr\u00e9parer un rapport m\u00e9dical<br \/>\n\t\t\t\t\t\t\t\t\t\t\t<\/a>\n\t\t\t\t\t\t\t\t\t<\/li>\n<li>\n\t\t\t\t\t\t\t\t\t\t\t<a href=\"#pre-operative\"><br \/>\n\t\t\t\t\t\t\t\t\t\t\t2Pr\u00e9paration pr\u00e9op\u00e9ratoire<br \/>\n\t\t\t\t\t\t\t\t\t\t\t<\/a>\n\t\t\t\t\t\t\t\t\t<\/li>\n<li>\n\t\t\t\t\t\t\t\t\t\t\t<a href=\"#visa\"><br \/>\n\t\t\t\t\t\t\t\t\t\t\t3 Exigences de visa pour voyager en Tha\u00eflande<br \/>\n\t\t\t\t\t\t\t\t\t\t\t<\/a>\n\t\t\t\t\t\t\t\t\t<\/li>\n<\/ul>\n<p>\t\t\t\thttps:\/\/www.youtube.com\/watch?v=L7R76eOB3Io\t\t\t\t\t\t\t\t\t\t\t\t\t<img fetchpriority=\"high\" decoding=\"async\" width=\"2048\" height=\"1365\" src=\"https:\/\/www.kamolhospital.com\/wp-content\/uploads\/2025\/06\/945dcb1af2d9cc604260741f5842ac8020560930.jpg\" alt=\"\" srcset=\"https:\/\/www.kamolhospital.com\/wp-content\/uploads\/2025\/06\/945dcb1af2d9cc604260741f5842ac8020560930.jpg 2048w, https:\/\/www.kamolhospital.com\/wp-content\/uploads\/2025\/06\/945dcb1af2d9cc604260741f5842ac8020560930-300x200.jpg 300w, https:\/\/www.kamolhospital.com\/wp-content\/uploads\/2025\/06\/945dcb1af2d9cc604260741f5842ac8020560930-1024x683.jpg 1024w, https:\/\/www.kamolhospital.com\/wp-content\/uploads\/2025\/06\/945dcb1af2d9cc604260741f5842ac8020560930-768x512.jpg 768w, https:\/\/www.kamolhospital.com\/wp-content\/uploads\/2025\/06\/945dcb1af2d9cc604260741f5842ac8020560930-1536x1024.jpg 1536w\" sizes=\"(max-width: 2048px) 100vw, 2048px\" \/>\t\t\t\t\t\t\t\t\t\t\t\t\t\t\t\t1\t\t\t\t\t<\/p>\n<h2> Pr\u00e9parer un rapport m\u00e9dical<\/h2>\n<p>Votre rapport m\u00e9dical est un document r\u00e9capitulant vos traitements pr\u00e9c\u00e9dents aupr\u00e8s de m\u00e9decins et d\u2019h\u00f4pitaux. Les rapports peuvent varier en d\u00e9tails et en longueur selon l\u2019ampleur de vos ant\u00e9c\u00e9dents m\u00e9dicaux. Mais en g\u00e9n\u00e9ral, tous contiennent des informations communes, comme un examen physique g\u00e9n\u00e9ral ainsi qu\u2019un examen pr\u00e9anesth\u00e9sique cibl\u00e9, incluant l\u2019\u00e9valuation des voies respiratoires, des poumons et du c\u0153ur, avec documentation des signes vitaux. D\u2019autres informations m\u00e9dicales telles que la vision, l\u2019audition et les r\u00e9ponses du syst\u00e8me nerveux peuvent \u00e9galement \u00eatre requises. Toute anomalie inattendue d\u00e9couverte lors de l\u2019examen physique doit \u00eatre investigu\u00e9e avant votre chirurgie \u00e9lective.<\/p>\n<h3>Examens g\u00e9n\u00e9raux<br \/>\n<\/h3>\n<ul>\n<li style=\"font-weight: 400;\" aria-level=\"1\">Num\u00e9ration formule sanguine compl\u00e8te (NFS ou CBC)<\/li>\n<li style=\"font-weight: 400;\" aria-level=\"1\">\u00c9lectrolytes<\/li>\n<li style=\"font-weight: 400;\" aria-level=\"1\">Test VIH<\/li>\n<li style=\"font-weight: 400;\" aria-level=\"1\">D\u00e9pistage de l\u2019h\u00e9patite<\/li>\n<li style=\"font-weight: 400;\" aria-level=\"1\">Radiographie thoracique<\/li>\n<\/ul>\n<p>Une analyse de sang sera effectu\u00e9e pour v\u00e9rifier votre \u00e9tat de sant\u00e9 g\u00e9n\u00e9ral, et il est probable qu\u2019un \u00e9lectrocardiogramme (ECG), avec \u00e9lectrodes plac\u00e9es sur la poitrine, soit \u00e9galement r\u00e9alis\u00e9 pour mesurer la fonction cardiaque. En cas de doute concernant vos poumons, une radiographie du thorax pourra \u00eatre exig\u00e9e.<\/p>\n<p><b>Examen requis avant la chirurgie de r\u00e9assignation sexuelle<\/b><b><br \/><\/b><\/p>\n<p>Une \u00e9valuation psychologique est obligatoire afin de d\u00e9terminer s\u2019il existe des troubles mentaux susceptibles d\u2019influencer l\u2019\u00e9tat psychologique et pour \u00e9valuer si la personne est pr\u00eate \u00e0 affronter les pressions physiques et \u00e9motionnelles du processus de transition. Une lettre d\u2019un psychiatre doit \u00eatre pr\u00e9sent\u00e9e apr\u00e8s l\u2019\u00e9valuation.<\/p>\n<p>\t\t\t\t\t\t\t\t\t\t\t\t\t<img decoding=\"async\" width=\"1280\" height=\"720\" src=\"https:\/\/www.kamolhospital.com\/wp-content\/uploads\/2025\/06\/0d4df3c350395141fb53c8d5079f9f2e6777ff82-1.jpg\" alt=\"\" srcset=\"https:\/\/www.kamolhospital.com\/wp-content\/uploads\/2025\/06\/0d4df3c350395141fb53c8d5079f9f2e6777ff82-1.jpg 1280w, https:\/\/www.kamolhospital.com\/wp-content\/uploads\/2025\/06\/0d4df3c350395141fb53c8d5079f9f2e6777ff82-1-300x169.jpg 300w, https:\/\/www.kamolhospital.com\/wp-content\/uploads\/2025\/06\/0d4df3c350395141fb53c8d5079f9f2e6777ff82-1-1024x576.jpg 1024w, https:\/\/www.kamolhospital.com\/wp-content\/uploads\/2025\/06\/0d4df3c350395141fb53c8d5079f9f2e6777ff82-1-768x432.jpg 768w\" sizes=\"(max-width: 1280px) 100vw, 1280px\" \/>\t\t\t\t\t\t\t\t\t\t\t\t\t\t\t\t2\t\t\t\t\t<\/p>\n<h2>Pr\u00e9paration pr\u00e9op\u00e9ratoire<\/h2>\n<p>Diff\u00e9rentes proc\u00e9dures n\u00e9cessitent diff\u00e9rentes pr\u00e9parations pr\u00e9op\u00e9ratoires. Veuillez s\u00e9lectionner l\u2019intervention souhait\u00e9e ainsi que votre \u00e2ge pour obtenir plus d\u2019informations.<\/p>\n<p><b>Remarque<\/b><\/p>\n<ul>\n<li style=\"font-weight: 400;\" aria-level=\"1\">LA = Anesth\u00e9sie locale<\/li>\n<li style=\"font-weight: 400;\" aria-level=\"1\">GA = Anesth\u00e9sie g\u00e9n\u00e9rale<\/li>\n<\/ul>\n<p>    <form id=\"kmt-filter\">\n\t\t<div class=\"custom-select-wrapper\">\n        <select id=\"kmt_procedure\" name=\"kmt_procedure\">\n            <option value=\"\">Select Procedure<\/option>\n            <option value=\"abdominal-etching\">Abdominal etching<\/option><option value=\"blepharoplasty-eyelid-surgery-la-ga\">Blepharoplasty (eyelid surgery) [LA\/GA]<\/option><option value=\"breast-augmentation\">Breast augmentation<\/option><option value=\"breast-lift\">Breast lift<\/option><option value=\"breast-reconstruction\">Breast reconstruction<\/option><option value=\"brow-bone-shaving-bossing\">Brow bone shaving\/bossing<\/option><option value=\"buttock-augmentation\">Buttock augmentation<\/option><option value=\"cheek-augmentation-reduction\">Cheek augmentation\/reduction<\/option><option value=\"chin-contouring\">Chin contouring<\/option><option value=\"cleft-lip-and-palate-repair\">Cleft lip and palate repair<\/option><option value=\"eyebrow-lift\">Eyebrow lift<\/option><option value=\"face-and-neck-lift\">Face and neck lift<\/option><option value=\"fat-transfer\">Fat transfer<\/option><option value=\"forehead-contouring\">Forehead contouring<\/option><option value=\"forehead-lift\">Forehead lift<\/option><option value=\"full-metoidioplasty-package-metoidioplasty-vaginectomy-urethral-lengthening-scrotoplasty-with-implants\">Full Metoidioplasty package- Metoidioplasty- Vaginectomy- Urethral lengthening- Scrotoplasty with implants<\/option><option value=\"hairline-lowering\">Hairline lowering<\/option><option value=\"hip-augmentation\">Hip augmentation<\/option><option value=\"hypospadia\">Hypospadia<\/option><option value=\"jaw-contouring\">Jaw contouring<\/option><option value=\"labiaplasty-without-vagina\">Labiaplasty without vagina<\/option><option value=\"lip-lift-la-ga\">Lip lift [LA\/GA]<\/option><option value=\"lipectomy\">Lipectomy<\/option><option value=\"liposuction\">Liposuction<\/option><option value=\"male-to-female-mtf-breast-augmentation\">Male-to-Female (MTF) breast augmentation<\/option><option value=\"mastectomy\">Mastectomy<\/option><option value=\"metoidioplasty-or-simple-release\">Metoidioplasty or simple release<\/option><option value=\"nipple-areolar-correction\">Nipple\/Areolar correction<\/option><option value=\"oophorectomy-and-hysterectomy\">Oophorectomy and Hysterectomy<\/option><option value=\"other-reconstructions\">Other reconstructions<\/option><option value=\"otoplasty-cosmetic-ear-surgery-la-ga\">Otoplasty (cosmetic ear surgery) [LA\/GA]<\/option><option value=\"pectoral-implant\">Pectoral implant<\/option><option value=\"penile-implant\">Penile implant<\/option><option value=\"phalloplasty\">Phalloplasty<\/option><option value=\"rhinoplasty-nose-reconstruction-la-ga\">Rhinoplasty (nose reconstruction) [LA\/GA]<\/option><option value=\"scar-revision\">Scar revision<\/option><option value=\"scrotoplasty-with-testicular-implants\">Scrotoplasty with testicular implants<\/option><option value=\"sex-reassignment-surgery-srs-correction\">Sex reassignment surgery (SRS) correction<\/option><option value=\"tracheal-shave-adams-apple-surgery-la-ga\">Tracheal shave (Adam\u2019s apple surgery) [LA\/GA]<\/option><option value=\"urethral-lengthening\">Urethral lengthening<\/option><option value=\"vaginal-atresia\">Vaginal atresia<\/option><option value=\"vaginal-closure\">Vaginal closure<\/option><option value=\"vaginoplasty-with-colon-technique\">Vaginoplasty with colon technique<\/option><option value=\"vaginoplasty-with-skin-graft-technique\">Vaginoplasty with skin graft technique<\/option><option value=\"voice-feminization-surgery\">Voice feminization surgery<\/option>        <\/select>\n\t\t\t<i class=\"fas fa-chevron-down\"><\/i>\n\t\t<\/div>\n\t\t<div class=\"custom-select-wrapper\">\n        <select id=\"kmt_age\" name=\"kmt_age\">\n            <option value=\"\">Select Age<\/option>\n            <option value=\"35-39-years-old\">35 - 39 years old<\/option><option value=\"40-49-years-old\">40 - 49 years old<\/option><option value=\"40-49-years-old-with-underlying-diseases-or-50-years-old-and-above\">40 - 49 years old with underlying diseases, or 50 years old and above<\/option><option value=\"below-35-years-old\">Below 35 years old<\/option>\t\t\t<i class=\"fas fa-chevron-down\"><\/i>\n        <\/select><i class=\"fas fa-chevron-down\"><\/i>\n\t\t<\/div>\n    <\/form>\n    <div id=\"kmt-results\" style=\"display:none;\"><\/div>\t\t\t\t\t\t\t\t\t\t\t\t\t<img decoding=\"async\" width=\"656\" height=\"438\" src=\"https:\/\/www.kamolhospital.com\/wp-content\/uploads\/2025\/06\/8d4b413e18eace.jpg\" alt=\"\" srcset=\"https:\/\/www.kamolhospital.com\/wp-content\/uploads\/2025\/06\/8d4b413e18eace.jpg 656w, https:\/\/www.kamolhospital.com\/wp-content\/uploads\/2025\/06\/8d4b413e18eace-300x200.jpg 300w\" sizes=\"(max-width: 656px) 100vw, 656px\" \/>\t\t\t\t\t\t\t\t\t\t\t\t\t\t\t\t3\t\t\t\t\t<\/p>\n<h2>Exigences de visa pour voyager en Tha\u00eflande<\/h2>\n<p>Assurez-vous de disposer du visa requis pour votre s\u00e9jour en Tha\u00eflande. En cas de doute, v\u00e9rifiez aupr\u00e8s de l\u2019Ambassade Royale de Tha\u00eflande dans votre pays ou consultez leur site internet.<\/p>\n<p><b>Exemption de visa pour les voyageurs am\u00e9ricains et canadiens (30 jours)<\/b><\/p>\n<ul>\n<li style=\"font-weight: 400;\" aria-level=\"1\">Le voyage doit \u00eatre exclusivement touristique.<\/li>\n<li style=\"font-weight: 400;\" aria-level=\"1\">Un billet de retour confirm\u00e9 dans les 30 jours est obligatoire.<\/li>\n<li style=\"font-weight: 400;\" aria-level=\"1\">Il faut avoir sur soi 10 000 THB (individuel) ou 20 000 THB (famille) en esp\u00e8ces.<\/li>\n<li style=\"font-weight: 400;\" aria-level=\"1\">Jusqu\u2019\u00e0 50 000 THB en esp\u00e8ces peuvent \u00eatre apport\u00e9s ; toute devise \u00e9trang\u00e8re sup\u00e9rieure \u00e0 20 000 USD doit \u00eatre d\u00e9clar\u00e9e.<\/li>\n<li>L\u2019entr\u00e9e est laiss\u00e9e \u00e0 la discr\u00e9tion des agents d\u2019immigration tha\u00eflandais.<\/li>\n<\/ul>\n<p><b>Prolongations de visa et r\u00e9entr\u00e9e<\/b><\/p>\n<ul>\n<li style=\"font-weight: 400;\" aria-level=\"1\">L\u2019exemption de visa ne peut pas \u00eatre prolong\u00e9e, mais les voyageurs peuvent sortir puis rentrer de nouveau par avion. Les passages par les fronti\u00e8res terrestres peuvent ne pas \u00eatre accept\u00e9s.<\/li>\n<li>Un visa m\u00e9dical peut \u00eatre prolong\u00e9 par l\u2019h\u00f4pital.<\/li>\n<\/ul>\n<ul>\n<li>\n\t\t\t\t\t\t\t<svg xmlns=\"http:\/\/www.w3.org\/2000\/svg\" width=\"36\" height=\"37\" viewBox=\"0 0 36 37\" fill=\"none\"><rect y=\"0.0722656\" width=\"36\" height=\"36\" rx=\"18\" fill=\"#CDE0F9\"><\/rect><g clip-path=\"url(#clip0_1104_54389)\"><path d=\"M18.0003 21.4054V18.0721M18.0003 14.7388H18.0087M26.3337 18.0721C26.3337 22.6745 22.6027 26.4054 18.0003 26.4054C13.398 26.4054 9.66699 22.6745 9.66699 18.0721C9.66699 13.4697 13.398 9.73877 18.0003 9.73877C22.6027 9.73877 26.3337 13.4697 26.3337 18.0721Z\" stroke=\"#4675B1\" stroke-width=\"2\" stroke-linecap=\"round\" stroke-linejoin=\"round\"><\/path><\/g><defs><clipPath id=\"clip0_1104_54389\"><rect width=\"20\" height=\"20\" fill=\"white\" transform=\"translate(8 8.07227)\"><\/rect><\/clipPath><\/defs><\/svg><br \/>\n\t\t\t\t\t\t\t\t\t\tConservez bien votre carte de sortie d\u2019immigration \u2014 elle est requise pour quitter la Tha\u00eflande.\n\t\t\t\t\t\t\t\t\t<\/li>\n<li>\n\t\t\t\t\t\t\t<svg xmlns=\"http:\/\/www.w3.org\/2000\/svg\" width=\"36\" height=\"37\" viewBox=\"0 0 36 37\" fill=\"none\"><rect y=\"0.0722656\" width=\"36\" height=\"36\" rx=\"18\" fill=\"#CDE0F9\"><\/rect><g clip-path=\"url(#clip0_1104_54393)\"><path d=\"M16.3335 18.9057C16.6914 19.3842 17.148 19.7801 17.6723 20.0665C18.1967 20.353 18.7765 20.5233 19.3724 20.566C19.9684 20.6087 20.5665 20.5227 21.1263 20.3139C21.6861 20.1051 22.1945 19.7783 22.6169 19.3557L25.1169 16.8557C25.8759 16.0699 26.2958 15.0174 26.2863 13.9249C26.2769 12.8324 25.8387 11.7874 25.0661 11.0148C24.2936 10.2423 23.2485 9.80408 22.156 9.79459C21.0636 9.7851 20.011 10.2051 19.2252 10.9641L17.7919 12.3891M19.6668 17.2391C19.309 16.7606 18.8524 16.3648 18.328 16.0783C17.8037 15.7918 17.2239 15.6215 16.628 15.5788C16.032 15.5361 15.4338 15.6221 14.874 15.8309C14.3142 16.0397 13.8059 16.3665 13.3835 16.7891L10.8835 19.2891C10.1245 20.0749 9.70453 21.1274 9.71402 22.2199C9.72352 23.3124 10.1617 24.3575 10.9343 25.13C11.7068 25.9025 12.7518 26.3407 13.8443 26.3502C14.9368 26.3597 15.9893 25.9397 16.7752 25.1807L18.2002 23.7557\" stroke=\"#4675B1\" stroke-width=\"2\" stroke-linecap=\"round\" stroke-linejoin=\"round\"><\/path><\/g><defs><clipPath id=\"clip0_1104_54393\"><rect width=\"20\" height=\"20\" fill=\"white\" transform=\"translate(8 8.07227)\"><\/rect><\/clipPath><\/defs><\/svg><br \/>\n\t\t\t\t\t\t\t\t\t\tPlus d\u2019informations : <a href=\"http:\/\/www.mfa.go.th\/main\/en\/services\/4908\/15405-General-information.html\" style=\"color:#fff;text-decoration:underline\"> Site internet de l\u2019immigration tha\u00eflandaise.<\/a>\n\t\t\t\t\t\t\t\t\t<\/li>\n<\/ul>\n<p>\t\t\t\t\t\t\t\t\t\t\t\t<a role=\"button\"><br \/>\n\t\t\t\t\t\t\t\t\tprevious<br \/>\n\t\t\t\t\t<\/a><br \/>\n\t\t\t\t\t\t\t\t\t\t\t\t\t\t<a role=\"button\"><br \/>\n\t\t\t\t\t\t\t\t\tsuivant<br \/>\n\t\t\t\t\t<\/a><\/p>\n","protected":false},"excerpt":{"rendered":"<p>VOYAGE M\u00c9DICAL Commencez votre parcours ici \u00c9tant l\u2019un des \u00e9tablissements m\u00e9dicaux les plus r\u00e9cents au monde construits sp\u00e9cialement \u00e0 cet effet, l\u2019h\u00f4pital Kamol a \u00e9t\u00e9 con\u00e7u de A \u00e0 Z pour assurer confort et commodit\u00e9 aux patients. H\u00d4PITAL KAMOL \u00c0 l\u2019h\u00f4pital de chirurgie esth\u00e9tique Kamol, nous proposons des chirurgies esth\u00e9tiques et de r\u00e9assignation de genre [&hellip;]<\/p>\n","protected":false},"author":2,"featured_media":0,"parent":41708,"menu_order":0,"comment_status":"closed","ping_status":"closed","template":"","meta":{"_acf_changed":false,"footnotes":""},"class_list":["post-52011","page","type-page","status-publish","hentry"],"acf":[],"yoast_head":"<!-- This site is optimized with the Yoast SEO plugin v26.0 - https:\/\/yoast.com\/wordpress\/plugins\/seo\/ -->\n<title>Avant l\u2019arriv\u00e9e - Kamol Hospital<\/title>\n<meta name=\"robots\" content=\"noindex, follow, max-snippet:-1, max-image-preview:large, max-video-preview:-1\" \/>\n<meta property=\"og:locale\" content=\"fr_FR\" \/>\n<meta property=\"og:type\" content=\"article\" \/>\n<meta property=\"og:title\" content=\"Avant l\u2019arriv\u00e9e - Kamol Hospital\" \/>\n<meta property=\"og:description\" content=\"VOYAGE M\u00c9DICAL Commencez votre parcours ici \u00c9tant l\u2019un des \u00e9tablissements m\u00e9dicaux les plus r\u00e9cents au monde construits sp\u00e9cialement \u00e0 cet effet, l\u2019h\u00f4pital Kamol a \u00e9t\u00e9 con\u00e7u de A \u00e0 Z pour assurer confort et commodit\u00e9 aux patients. H\u00d4PITAL KAMOL \u00c0 l\u2019h\u00f4pital de chirurgie esth\u00e9tique Kamol, nous proposons des chirurgies esth\u00e9tiques et de r\u00e9assignation de genre [&hellip;]\" \/>\n<meta property=\"og:url\" content=\"https:\/\/backup.kamolhospital.com\/fr\/kamol-trip\/pre-arrival\/\" \/>\n<meta property=\"og:site_name\" content=\"Kamol Hospital\" \/>\n<meta property=\"article:modified_time\" content=\"2025-10-01T14:02:00+00:00\" \/>\n<meta property=\"og:image\" content=\"https:\/\/www.kamolhospital.com\/wp-content\/uploads\/2025\/06\/945dcb1af2d9cc604260741f5842ac8020560930.jpg\" \/>\n<meta name=\"twitter:card\" content=\"summary_large_image\" \/>\n<meta name=\"twitter:label1\" content=\"Dur\u00e9e de lecture estim\u00e9e\" \/>\n\t<meta name=\"twitter:data1\" content=\"3 minutes\" \/>\n<script type=\"application\/ld+json\" class=\"yoast-schema-graph\">{\"@context\":\"https:\/\/schema.org\",\"@graph\":[{\"@type\":\"WebPage\",\"@id\":\"https:\/\/backup.kamolhospital.com\/fr\/kamol-trip\/pre-arrival\/\",\"url\":\"https:\/\/backup.kamolhospital.com\/fr\/kamol-trip\/pre-arrival\/\",\"name\":\"Avant l\u2019arriv\u00e9e - Kamol Hospital\",\"isPartOf\":{\"@id\":\"https:\/\/backup.kamolhospital.com\/fr\/#website\"},\"primaryImageOfPage\":{\"@id\":\"https:\/\/backup.kamolhospital.com\/fr\/kamol-trip\/pre-arrival\/#primaryimage\"},\"image\":{\"@id\":\"https:\/\/backup.kamolhospital.com\/fr\/kamol-trip\/pre-arrival\/#primaryimage\"},\"thumbnailUrl\":\"https:\/\/www.kamolhospital.com\/wp-content\/uploads\/2025\/06\/945dcb1af2d9cc604260741f5842ac8020560930.jpg\",\"datePublished\":\"2025-06-11T03:26:10+00:00\",\"dateModified\":\"2025-10-01T14:02:00+00:00\",\"breadcrumb\":{\"@id\":\"https:\/\/backup.kamolhospital.com\/fr\/kamol-trip\/pre-arrival\/#breadcrumb\"},\"inLanguage\":\"fr-FR\",\"potentialAction\":[{\"@type\":\"ReadAction\",\"target\":[\"https:\/\/backup.kamolhospital.com\/fr\/kamol-trip\/pre-arrival\/\"]}]},{\"@type\":\"ImageObject\",\"inLanguage\":\"fr-FR\",\"@id\":\"https:\/\/backup.kamolhospital.com\/fr\/kamol-trip\/pre-arrival\/#primaryimage\",\"url\":\"https:\/\/www.kamolhospital.com\/wp-content\/uploads\/2025\/06\/945dcb1af2d9cc604260741f5842ac8020560930.jpg\",\"contentUrl\":\"https:\/\/www.kamolhospital.com\/wp-content\/uploads\/2025\/06\/945dcb1af2d9cc604260741f5842ac8020560930.jpg\"},{\"@type\":\"BreadcrumbList\",\"@id\":\"https:\/\/backup.kamolhospital.com\/fr\/kamol-trip\/pre-arrival\/#breadcrumb\",\"itemListElement\":[{\"@type\":\"ListItem\",\"position\":1,\"name\":\"Home\",\"item\":\"https:\/\/backup.kamolhospital.com\/fr\/\"},{\"@type\":\"ListItem\",\"position\":2,\"name\":\"Kamol Trip\",\"item\":\"https:\/\/backup.kamolhospital.com\/fr\/kamol-trip\/\"},{\"@type\":\"ListItem\",\"position\":3,\"name\":\"Avant l\u2019arriv\u00e9e\"}]},{\"@type\":\"WebSite\",\"@id\":\"https:\/\/backup.kamolhospital.com\/fr\/#website\",\"url\":\"https:\/\/backup.kamolhospital.com\/fr\/\",\"name\":\"Kamol Hospital\",\"description\":\"\",\"publisher\":{\"@id\":\"https:\/\/backup.kamolhospital.com\/fr\/#organization\"},\"potentialAction\":[{\"@type\":\"SearchAction\",\"target\":{\"@type\":\"EntryPoint\",\"urlTemplate\":\"https:\/\/backup.kamolhospital.com\/fr\/?s={search_term_string}\"},\"query-input\":{\"@type\":\"PropertyValueSpecification\",\"valueRequired\":true,\"valueName\":\"search_term_string\"}}],\"inLanguage\":\"fr-FR\"},{\"@type\":\"Organization\",\"@id\":\"https:\/\/backup.kamolhospital.com\/fr\/#organization\",\"name\":\"Kamol Hospital\",\"url\":\"https:\/\/backup.kamolhospital.com\/fr\/\",\"logo\":{\"@type\":\"ImageObject\",\"inLanguage\":\"fr-FR\",\"@id\":\"https:\/\/backup.kamolhospital.com\/fr\/#\/schema\/logo\/image\/\",\"url\":\"https:\/\/backup.kamolhospital.com\/wp-content\/uploads\/2025\/04\/kamol-logo.svg\",\"contentUrl\":\"https:\/\/backup.kamolhospital.com\/wp-content\/uploads\/2025\/04\/kamol-logo.svg\",\"width\":157,\"height\":51,\"caption\":\"Kamol Hospital\"},\"image\":{\"@id\":\"https:\/\/backup.kamolhospital.com\/fr\/#\/schema\/logo\/image\/\"}}]}<\/script>\n<!-- \/ Yoast SEO plugin. -->","yoast_head_json":{"title":"Avant l\u2019arriv\u00e9e - Kamol Hospital","robots":{"index":"noindex","follow":"follow","max-snippet":"max-snippet:-1","max-image-preview":"max-image-preview:large","max-video-preview":"max-video-preview:-1"},"og_locale":"fr_FR","og_type":"article","og_title":"Avant l\u2019arriv\u00e9e - Kamol Hospital","og_description":"VOYAGE M\u00c9DICAL Commencez votre parcours ici \u00c9tant l\u2019un des \u00e9tablissements m\u00e9dicaux les plus r\u00e9cents au monde construits sp\u00e9cialement \u00e0 cet effet, l\u2019h\u00f4pital Kamol a \u00e9t\u00e9 con\u00e7u de A \u00e0 Z pour assurer confort et commodit\u00e9 aux patients. H\u00d4PITAL KAMOL \u00c0 l\u2019h\u00f4pital de chirurgie esth\u00e9tique Kamol, nous proposons des chirurgies esth\u00e9tiques et de r\u00e9assignation de genre [&hellip;]","og_url":"https:\/\/backup.kamolhospital.com\/fr\/kamol-trip\/pre-arrival\/","og_site_name":"Kamol Hospital","article_modified_time":"2025-10-01T14:02:00+00:00","og_image":[{"url":"https:\/\/www.kamolhospital.com\/wp-content\/uploads\/2025\/06\/945dcb1af2d9cc604260741f5842ac8020560930.jpg","type":"","width":"","height":""}],"twitter_card":"summary_large_image","twitter_misc":{"Dur\u00e9e de lecture estim\u00e9e":"3 minutes"},"schema":{"@context":"https:\/\/schema.org","@graph":[{"@type":"WebPage","@id":"https:\/\/backup.kamolhospital.com\/fr\/kamol-trip\/pre-arrival\/","url":"https:\/\/backup.kamolhospital.com\/fr\/kamol-trip\/pre-arrival\/","name":"Avant l\u2019arriv\u00e9e - Kamol Hospital","isPartOf":{"@id":"https:\/\/backup.kamolhospital.com\/fr\/#website"},"primaryImageOfPage":{"@id":"https:\/\/backup.kamolhospital.com\/fr\/kamol-trip\/pre-arrival\/#primaryimage"},"image":{"@id":"https:\/\/backup.kamolhospital.com\/fr\/kamol-trip\/pre-arrival\/#primaryimage"},"thumbnailUrl":"https:\/\/www.kamolhospital.com\/wp-content\/uploads\/2025\/06\/945dcb1af2d9cc604260741f5842ac8020560930.jpg","datePublished":"2025-06-11T03:26:10+00:00","dateModified":"2025-10-01T14:02:00+00:00","breadcrumb":{"@id":"https:\/\/backup.kamolhospital.com\/fr\/kamol-trip\/pre-arrival\/#breadcrumb"},"inLanguage":"fr-FR","potentialAction":[{"@type":"ReadAction","target":["https:\/\/backup.kamolhospital.com\/fr\/kamol-trip\/pre-arrival\/"]}]},{"@type":"ImageObject","inLanguage":"fr-FR","@id":"https:\/\/backup.kamolhospital.com\/fr\/kamol-trip\/pre-arrival\/#primaryimage","url":"https:\/\/www.kamolhospital.com\/wp-content\/uploads\/2025\/06\/945dcb1af2d9cc604260741f5842ac8020560930.jpg","contentUrl":"https:\/\/www.kamolhospital.com\/wp-content\/uploads\/2025\/06\/945dcb1af2d9cc604260741f5842ac8020560930.jpg"},{"@type":"BreadcrumbList","@id":"https:\/\/backup.kamolhospital.com\/fr\/kamol-trip\/pre-arrival\/#breadcrumb","itemListElement":[{"@type":"ListItem","position":1,"name":"Home","item":"https:\/\/backup.kamolhospital.com\/fr\/"},{"@type":"ListItem","position":2,"name":"Kamol Trip","item":"https:\/\/backup.kamolhospital.com\/fr\/kamol-trip\/"},{"@type":"ListItem","position":3,"name":"Avant l\u2019arriv\u00e9e"}]},{"@type":"WebSite","@id":"https:\/\/backup.kamolhospital.com\/fr\/#website","url":"https:\/\/backup.kamolhospital.com\/fr\/","name":"Kamol Hospital","description":"","publisher":{"@id":"https:\/\/backup.kamolhospital.com\/fr\/#organization"},"potentialAction":[{"@type":"SearchAction","target":{"@type":"EntryPoint","urlTemplate":"https:\/\/backup.kamolhospital.com\/fr\/?s={search_term_string}"},"query-input":{"@type":"PropertyValueSpecification","valueRequired":true,"valueName":"search_term_string"}}],"inLanguage":"fr-FR"},{"@type":"Organization","@id":"https:\/\/backup.kamolhospital.com\/fr\/#organization","name":"Kamol Hospital","url":"https:\/\/backup.kamolhospital.com\/fr\/","logo":{"@type":"ImageObject","inLanguage":"fr-FR","@id":"https:\/\/backup.kamolhospital.com\/fr\/#\/schema\/logo\/image\/","url":"https:\/\/backup.kamolhospital.com\/wp-content\/uploads\/2025\/04\/kamol-logo.svg","contentUrl":"https:\/\/backup.kamolhospital.com\/wp-content\/uploads\/2025\/04\/kamol-logo.svg","width":157,"height":51,"caption":"Kamol Hospital"},"image":{"@id":"https:\/\/backup.kamolhospital.com\/fr\/#\/schema\/logo\/image\/"}}]}},"_links":{"self":[{"href":"https:\/\/backup.kamolhospital.com\/fr\/wp-json\/wp\/v2\/pages\/52011","targetHints":{"allow":["GET"]}}],"collection":[{"href":"https:\/\/backup.kamolhospital.com\/fr\/wp-json\/wp\/v2\/pages"}],"about":[{"href":"https:\/\/backup.kamolhospital.com\/fr\/wp-json\/wp\/v2\/types\/page"}],"author":[{"embeddable":true,"href":"https:\/\/backup.kamolhospital.com\/fr\/wp-json\/wp\/v2\/users\/2"}],"replies":[{"embeddable":true,"href":"https:\/\/backup.kamolhospital.com\/fr\/wp-json\/wp\/v2\/comments?post=52011"}],"version-history":[{"count":7,"href":"https:\/\/backup.kamolhospital.com\/fr\/wp-json\/wp\/v2\/pages\/52011\/revisions"}],"predecessor-version":[{"id":85028,"href":"https:\/\/backup.kamolhospital.com\/fr\/wp-json\/wp\/v2\/pages\/52011\/revisions\/85028"}],"up":[{"embeddable":true,"href":"https:\/\/backup.kamolhospital.com\/fr\/wp-json\/wp\/v2\/pages\/41708"}],"wp:attachment":[{"href":"https:\/\/backup.kamolhospital.com\/fr\/wp-json\/wp\/v2\/media?parent=52011"}],"curies":[{"name":"wp","href":"https:\/\/api.w.org\/{rel}","templated":true}]}}