{"id":44844,"date":"2025-05-08T03:21:37","date_gmt":"2025-05-08T03:21:37","guid":{"rendered":"https:\/\/kamolhospital.com\/about-us\/"},"modified":"2025-09-09T13:55:34","modified_gmt":"2025-09-09T13:55:34","slug":"about-us","status":"publish","type":"page","link":"https:\/\/backup.kamolhospital.com\/pt-pt\/about-us\/","title":{"rendered":"Sobre n\u00f3s"},"content":{"rendered":"<p>O Kamol Cosmetic Hospital \u00e9 um hospital excepcional de cirurgia est\u00e9tica e pl\u00e1stica onde os sonhos se tornam realidade. Acreditado pela Joint Commission International, o padr\u00e3o ouro em sa\u00fade global, nossos cirurgi\u00f5es s\u00e3o reconhecidos como os mais habilidosos e experientes do setor. A expertise m\u00e9dica de classe mundial dispon\u00edvel aqui oferece uma nova vida para aqueles que cruzam suas portas.<br \/>Localizado em Bangkok, Tail\u00e2ndia, os clientes descrevem uma sensa\u00e7\u00e3o de \u201crenascimento\u201d ap\u00f3s o tratamento em nosso hospital elegantemente projetado.<\/p>\n<p>\t\t\t\t\t\t\t\t\t\t\t\t\t<img fetchpriority=\"high\" decoding=\"async\" width=\"1920\" height=\"1080\" src=\"https:\/\/kamolhospital.com\/wp-content\/uploads\/2025\/05\/08272df137e9054525c67ee980b7ab10ee74a94d-min.jpg\" alt=\"\" srcset=\"https:\/\/kamolhospital.com\/wp-content\/uploads\/2025\/05\/08272df137e9054525c67ee980b7ab10ee74a94d-min.jpg 1920w, https:\/\/kamolhospital.com\/wp-content\/uploads\/2025\/05\/08272df137e9054525c67ee980b7ab10ee74a94d-min-300x169.jpg 300w, https:\/\/kamolhospital.com\/wp-content\/uploads\/2025\/05\/08272df137e9054525c67ee980b7ab10ee74a94d-min-1024x576.jpg 1024w, https:\/\/kamolhospital.com\/wp-content\/uploads\/2025\/05\/08272df137e9054525c67ee980b7ab10ee74a94d-min-768x432.jpg 768w, https:\/\/kamolhospital.com\/wp-content\/uploads\/2025\/05\/08272df137e9054525c67ee980b7ab10ee74a94d-min-1536x864.jpg 1536w\" sizes=\"(max-width: 1920px) 100vw, 1920px\" \/>\t\t\t\t\t\t\t\t\t\t\t\t\t\t\t\t\t\t\t\t\t\t\t\t\t\t<img decoding=\"async\" width=\"74\" height=\"74\" src=\"https:\/\/kamolhospital.com\/wp-content\/uploads\/2025\/05\/Frame-204.svg\" alt=\"\" \/>\t\t\t\t\t\t\t\t\t\t\t\t\t\t\t\t\t\t\t<\/p>\n<h2>Pioneirismo em Cirurgia Est\u00e9tica e Cirurgia de Afirma\u00e7\u00e3o de G\u00eanero  desde os anos 2000<\/h2>\n<p>H\u00e1 mais de 25 anos, o Kamol Cosmetic Hospital tem o orgulho de apresentar uma das equipes cir\u00fargicas mais talentosas do mundo, liderada pelo Dr. Kamol Pansritum, que j\u00e1 realizou mais de 20.000 cirurgias de redesigna\u00e7\u00e3o sexual e cirurgias de feminiza\u00e7\u00e3o facial.<\/p>\n<p>Nossa equipe \u00e9 composta por cirurgi\u00f5es pl\u00e1sticos profissionais, anestesiologistas, ginecologistas e diversos outros especialistas altamente qualificados. Eles atuam como cirurgi\u00f5es e tamb\u00e9m como designers art\u00edsticos, trabalhando para harmonizar perfeitamente as propor\u00e7\u00f5es do seu rosto e corpo.<\/p>\n<p>\t\t\t\t\t\t\t\t\t\t\t\t\t<img decoding=\"async\" width=\"710\" height=\"862\" src=\"https:\/\/kamolhospital.com\/wp-content\/uploads\/2025\/06\/1694864135623.jpg\" alt=\"\" srcset=\"https:\/\/kamolhospital.com\/wp-content\/uploads\/2025\/06\/1694864135623.jpg 710w, https:\/\/kamolhospital.com\/wp-content\/uploads\/2025\/06\/1694864135623-247x300.jpg 247w\" sizes=\"(max-width: 710px) 100vw, 710px\" \/>\t\t\t\t\t\t\t\t\t\t\t\t\t\t\t\t\t\t\t\t\t\t\t\t\t\t<img loading=\"lazy\" decoding=\"async\" width=\"286\" height=\"287\" src=\"https:\/\/kamolhospital.com\/wp-content\/uploads\/2025\/05\/Frame-995-1.png\" alt=\"\" srcset=\"https:\/\/kamolhospital.com\/wp-content\/uploads\/2025\/05\/Frame-995-1.png 286w, https:\/\/kamolhospital.com\/wp-content\/uploads\/2025\/05\/Frame-995-1-150x150.png 150w\" sizes=\"(max-width: 286px) 100vw, 286px\" \/>\t\t\t\t\t\t\t\t\t\t\t\t\t\t\t\t\t\t\t\t\t\t\t\t\t\t<img loading=\"lazy\" decoding=\"async\" width=\"800\" height=\"601\" src=\"https:\/\/kamolhospital.com\/wp-content\/uploads\/2025\/06\/IMG_0011-1024x769.jpg\" alt=\"\" srcset=\"https:\/\/kamolhospital.com\/wp-content\/uploads\/2025\/06\/IMG_0011-1024x769.jpg 1024w, https:\/\/kamolhospital.com\/wp-content\/uploads\/2025\/06\/IMG_0011-300x225.jpg 300w, https:\/\/kamolhospital.com\/wp-content\/uploads\/2025\/06\/IMG_0011-768x577.jpg 768w, https:\/\/kamolhospital.com\/wp-content\/uploads\/2025\/06\/IMG_0011-1536x1154.jpg 1536w, https:\/\/kamolhospital.com\/wp-content\/uploads\/2025\/06\/IMG_0011-2048x1539.jpg 2048w\" sizes=\"(max-width: 800px) 100vw, 800px\" \/>\t\t\t\t\t\t\t\t\t\t\t\t\t\t\t\t\t\t\t\t\t\t\t\t\t\t<img loading=\"lazy\" decoding=\"async\" width=\"286\" height=\"287\" src=\"https:\/\/kamolhospital.com\/wp-content\/uploads\/2025\/05\/Frame-996.png\" alt=\"\" srcset=\"https:\/\/kamolhospital.com\/wp-content\/uploads\/2025\/05\/Frame-996.png 286w, https:\/\/kamolhospital.com\/wp-content\/uploads\/2025\/05\/Frame-996-150x150.png 150w\" sizes=\"(max-width: 286px) 100vw, 286px\" \/>\t\t\t\t\t\t\t\t\t\t\t\t\t\t\t\t\t\t\t\t\t\t\t\t\t\t<img loading=\"lazy\" decoding=\"async\" width=\"286\" height=\"287\" src=\"https:\/\/kamolhospital.com\/wp-content\/uploads\/2025\/05\/Frame-995.png\" alt=\"\" srcset=\"https:\/\/kamolhospital.com\/wp-content\/uploads\/2025\/05\/Frame-995.png 286w, https:\/\/kamolhospital.com\/wp-content\/uploads\/2025\/05\/Frame-995-150x150.png 150w\" sizes=\"(max-width: 286px) 100vw, 286px\" \/>\t\t\t\t\t\t\t\t\t\t\t\t\t\t\t\t\t\t\t\t\t\t\t\t\t\t<img loading=\"lazy\" decoding=\"async\" width=\"576\" height=\"1024\" src=\"https:\/\/kamolhospital.com\/wp-content\/uploads\/2025\/06\/LINE_ALBUM_Saline_250331_3-576x1024.jpg\" alt=\"\" srcset=\"https:\/\/kamolhospital.com\/wp-content\/uploads\/2025\/06\/LINE_ALBUM_Saline_250331_3-576x1024.jpg 576w, https:\/\/kamolhospital.com\/wp-content\/uploads\/2025\/06\/LINE_ALBUM_Saline_250331_3-169x300.jpg 169w, https:\/\/kamolhospital.com\/wp-content\/uploads\/2025\/06\/LINE_ALBUM_Saline_250331_3-768x1367.jpg 768w, https:\/\/kamolhospital.com\/wp-content\/uploads\/2025\/06\/LINE_ALBUM_Saline_250331_3-863x1536.jpg 863w, https:\/\/kamolhospital.com\/wp-content\/uploads\/2025\/06\/LINE_ALBUM_Saline_250331_3.jpg 1151w\" sizes=\"(max-width: 576px) 100vw, 576px\" \/>\t\t\t\t\t\t\t\t\t\t\t\t\t\t\t\t\t\t\t\t\t\t\t\t\t\t<img loading=\"lazy\" decoding=\"async\" width=\"286\" height=\"287\" src=\"https:\/\/kamolhospital.com\/wp-content\/uploads\/2025\/05\/Frame-153-1.png\" alt=\"\" srcset=\"https:\/\/kamolhospital.com\/wp-content\/uploads\/2025\/05\/Frame-153-1.png 286w, https:\/\/kamolhospital.com\/wp-content\/uploads\/2025\/05\/Frame-153-1-150x150.png 150w\" sizes=\"(max-width: 286px) 100vw, 286px\" \/>\t\t\t\t\t\t\t\t\t\t\t\t\t\t\t\t\t\t\t\t\t\t\t\t\t\t<img loading=\"lazy\" decoding=\"async\" width=\"183\" height=\"178\" src=\"https:\/\/kamolhospital.com\/wp-content\/uploads\/2025\/05\/Frame-164.jpg\" alt=\"\" \/>\t\t\t\t\t\t\t\t\t\t\t\t\t\t\t\t\t\t\t\t\t\t\t\t\t\t<img loading=\"lazy\" decoding=\"async\" width=\"800\" height=\"450\" src=\"https:\/\/kamolhospital.com\/wp-content\/uploads\/2025\/06\/LINE_ALBUM_Book_250331_2-1024x576.jpg\" alt=\"\" srcset=\"https:\/\/kamolhospital.com\/wp-content\/uploads\/2025\/06\/LINE_ALBUM_Book_250331_2-1024x576.jpg 1024w, https:\/\/kamolhospital.com\/wp-content\/uploads\/2025\/06\/LINE_ALBUM_Book_250331_2-300x169.jpg 300w, https:\/\/kamolhospital.com\/wp-content\/uploads\/2025\/06\/LINE_ALBUM_Book_250331_2-768x432.jpg 768w, https:\/\/kamolhospital.com\/wp-content\/uploads\/2025\/06\/LINE_ALBUM_Book_250331_2-1536x864.jpg 1536w, https:\/\/kamolhospital.com\/wp-content\/uploads\/2025\/06\/LINE_ALBUM_Book_250331_2.jpg 2048w\" sizes=\"(max-width: 800px) 100vw, 800px\" \/>\t\t\t\t\t\t\t\t\t\t\t\t\t\t\t\t\t\t\t\t\t\t\t\t\t\t<img loading=\"lazy\" decoding=\"async\" width=\"800\" height=\"1000\" src=\"https:\/\/kamolhospital.com\/wp-content\/uploads\/2025\/06\/50SiKIEf-819x1024.jpeg\" alt=\"\" srcset=\"https:\/\/kamolhospital.com\/wp-content\/uploads\/2025\/06\/50SiKIEf-819x1024.jpeg 819w, https:\/\/kamolhospital.com\/wp-content\/uploads\/2025\/06\/50SiKIEf-240x300.jpeg 240w, https:\/\/kamolhospital.com\/wp-content\/uploads\/2025\/06\/50SiKIEf-768x960.jpeg 768w, https:\/\/kamolhospital.com\/wp-content\/uploads\/2025\/06\/50SiKIEf-1229x1536.jpeg 1229w, https:\/\/kamolhospital.com\/wp-content\/uploads\/2025\/06\/50SiKIEf-1638x2048.jpeg 1638w, https:\/\/kamolhospital.com\/wp-content\/uploads\/2025\/06\/50SiKIEf-scaled.jpeg 2048w\" sizes=\"(max-width: 800px) 100vw, 800px\" \/>\t\t\t\t\t\t\t\t\t\t\t\t\t\t\t\t<\/p>\n<h2>Nossa miss\u00e3o<\/h2>\n<p>Oferecer cirurgias cosm\u00e9ticas e de confirma\u00e7\u00e3o de g\u00eanero de n\u00edvel mundial por meio de cuidados personalizados, t\u00e9cnicas de ponta e um compromisso inabal\u00e1vel com o bem-estar do paciente. Defendemos a inclus\u00e3o, a compaix\u00e3o e o empoderamento, ajudando cada indiv\u00edduo a se tornar a vers\u00e3o mais verdadeira de si mesmo.<\/p>\n<p>\t\t\t\t\t\t\t\t\t\t\t\t\t<img loading=\"lazy\" decoding=\"async\" width=\"1280\" height=\"720\" src=\"https:\/\/kamolhospital.com\/wp-content\/uploads\/2025\/06\/kamol-hospital-mission.jpg\" alt=\"\" srcset=\"https:\/\/kamolhospital.com\/wp-content\/uploads\/2025\/06\/kamol-hospital-mission.jpg 1280w, https:\/\/kamolhospital.com\/wp-content\/uploads\/2025\/06\/kamol-hospital-mission-300x169.jpg 300w, https:\/\/kamolhospital.com\/wp-content\/uploads\/2025\/06\/kamol-hospital-mission-1024x576.jpg 1024w, https:\/\/kamolhospital.com\/wp-content\/uploads\/2025\/06\/kamol-hospital-mission-768x432.jpg 768w\" sizes=\"(max-width: 1280px) 100vw, 1280px\" \/>\t\t\t\t\t\t\t\t\t\t\t\t\t\t\t\t\t\t\t\t\t\t\t\t\t\t<img loading=\"lazy\" decoding=\"async\" width=\"1065\" height=\"1065\" src=\"https:\/\/kamolhospital.com\/wp-content\/uploads\/2025\/08\/Dr.-Kamol-Pansritum-M.D.-_-003_cropped.jpg\" alt=\"\" srcset=\"https:\/\/kamolhospital.com\/wp-content\/uploads\/2025\/08\/Dr.-Kamol-Pansritum-M.D.-_-003_cropped.jpg 1065w, https:\/\/kamolhospital.com\/wp-content\/uploads\/2025\/08\/Dr.-Kamol-Pansritum-M.D.-_-003_cropped-300x300.jpg 300w, https:\/\/kamolhospital.com\/wp-content\/uploads\/2025\/08\/Dr.-Kamol-Pansritum-M.D.-_-003_cropped-1024x1024.jpg 1024w, https:\/\/kamolhospital.com\/wp-content\/uploads\/2025\/08\/Dr.-Kamol-Pansritum-M.D.-_-003_cropped-150x150.jpg 150w, https:\/\/kamolhospital.com\/wp-content\/uploads\/2025\/08\/Dr.-Kamol-Pansritum-M.D.-_-003_cropped-768x768.jpg 768w\" sizes=\"(max-width: 1065px) 100vw, 1065px\" \/>\t\t\t\t\t\t\t\t\t\t\t\t\t\t\t\t\t\t\t\t\t\t\t\t\t\t<img loading=\"lazy\" decoding=\"async\" width=\"1065\" height=\"1065\" src=\"https:\/\/kamolhospital.com\/wp-content\/uploads\/2025\/08\/Dr.-Kamol-Pansritum-M.D.-_-003_cropped.jpg\" alt=\"\" srcset=\"https:\/\/kamolhospital.com\/wp-content\/uploads\/2025\/08\/Dr.-Kamol-Pansritum-M.D.-_-003_cropped.jpg 1065w, https:\/\/kamolhospital.com\/wp-content\/uploads\/2025\/08\/Dr.-Kamol-Pansritum-M.D.-_-003_cropped-300x300.jpg 300w, https:\/\/kamolhospital.com\/wp-content\/uploads\/2025\/08\/Dr.-Kamol-Pansritum-M.D.-_-003_cropped-1024x1024.jpg 1024w, https:\/\/kamolhospital.com\/wp-content\/uploads\/2025\/08\/Dr.-Kamol-Pansritum-M.D.-_-003_cropped-150x150.jpg 150w, https:\/\/kamolhospital.com\/wp-content\/uploads\/2025\/08\/Dr.-Kamol-Pansritum-M.D.-_-003_cropped-768x768.jpg 768w\" sizes=\"(max-width: 1065px) 100vw, 1065px\" \/>\t\t\t\t\t\t\t\t\t\t\t\t\t\t\t\t<\/p>\n<h2>Nosso fundador<\/h2>\n<p>Liderado pelo Dr. Kamol Pansritum, um pioneiro globalmente reconhecido em procedimentos de afirma\u00e7\u00e3o de g\u00eanero, nosso hospital \u00e9 constru\u00eddo sobre d\u00e9cadas de experi\u00eancia cir\u00fargica. O Dr. Kamol e sua equipe altamente treinada de cirurgi\u00f5es certificados, enfermeiros e cuidadores realizaram milhares de procedimentos transformadores com precis\u00e3o, arte e empatia.<\/p>\n<h2>Nossa hist\u00f3ria<\/h2>\n<p>O Kamol Cosmetic Hospital come\u00e7ou com uma vis\u00e3o\u2014enraizada na empatia, na precis\u00e3o e no desejo de transformar vidas. Fundado pelo Dr. Kamol Pansritum, pioneiro em cirurgia est\u00e9tica e de afirma\u00e7\u00e3o de g\u00eanero, nossa trajet\u00f3ria teve in\u00edcio h\u00e1 mais de tr\u00eas d\u00e9cadas com um \u00fanico prop\u00f3sito: ajudar as pessoas a se sentirem verdadeiramente em casa em seus corpos.<\/p>\n<p>De origens humildes em Bangcoc, a expertise e a abordagem compassiva do Dr. Kamol atra\u00edram pacientes de toda a Tail\u00e2ndia e, mais tarde, do mundo inteiro. \u00c0 medida que as t\u00e9cnicas evolu\u00edram e a demanda cresceu, tamb\u00e9m cresceu nosso compromisso com a excel\u00eancia. Ao longo dos anos, o Kamol Cosmetic Hospital expandiu-se para se tornar um centro m\u00e9dico de classe mundial, unindo as mais recentes inova\u00e7\u00f5es cir\u00fargicas a cuidados personalizados e sinceros.<\/p>\n<p>Hoje, localizado no cora\u00e7\u00e3o de Bangcoc, o Kamol Cosmetic Hospital \u00e9 um dos principais centros mundiais em cirurgia est\u00e9tica e de afirma\u00e7\u00e3o de g\u00eanero. Nosso legado \u00e9 constru\u00eddo sobre dezenas de milhares de procedimentos bem-sucedidos, um profundo respeito pela identidade individual e a cren\u00e7a de que a transforma\u00e7\u00e3o n\u00e3o \u00e9 apenas f\u00edsica\u2014\u00e9 uma jornada poderosa de autoafirma\u00e7\u00e3o, confian\u00e7a e verdade pessoal.<\/p>\n<p>\t\t\t\t\t\t\t\t\t\t\t\t\t<img loading=\"lazy\" decoding=\"async\" width=\"120\" height=\"121\" src=\"https:\/\/kamolhospital.com\/wp-content\/uploads\/2025\/05\/Frame-910.png\" alt=\"\" \/>\t\t\t\t\t\t\t\t\t\t\t\t\t\t\t\t<\/p>\n<h4>\u2014 Dr. Kamol Pansritum<\/h4>\n<h5>Founder &amp; Leading Surgeon, Kamol Cosmetic Hospital<\/h5>\n","protected":false},"excerpt":{"rendered":"<p>O Kamol Cosmetic Hospital \u00e9 um hospital excepcional de cirurgia est\u00e9tica e pl\u00e1stica onde os sonhos se tornam realidade. Acreditado pela Joint Commission International, o padr\u00e3o ouro em sa\u00fade global, nossos cirurgi\u00f5es s\u00e3o reconhecidos como os mais habilidosos e experientes do setor. A expertise m\u00e9dica de classe mundial dispon\u00edvel aqui oferece uma nova vida para [&hellip;]<\/p>\n","protected":false},"author":2,"featured_media":0,"parent":0,"menu_order":0,"comment_status":"closed","ping_status":"closed","template":"","meta":{"_acf_changed":false,"footnotes":""},"class_list":["post-44844","page","type-page","status-publish","hentry"],"acf":[],"yoast_head":"<!-- This site is optimized with the Yoast SEO plugin v26.0 - https:\/\/yoast.com\/wordpress\/plugins\/seo\/ -->\n<title>Sobre n\u00f3s - Kamol Hospital<\/title>\n<meta name=\"robots\" content=\"noindex, follow, max-snippet:-1, max-image-preview:large, max-video-preview:-1\" \/>\n<meta property=\"og:locale\" content=\"pt_PT\" \/>\n<meta property=\"og:type\" content=\"article\" \/>\n<meta property=\"og:title\" content=\"Sobre n\u00f3s - Kamol Hospital\" \/>\n<meta property=\"og:description\" content=\"O Kamol Cosmetic Hospital \u00e9 um hospital excepcional de cirurgia est\u00e9tica e pl\u00e1stica onde os sonhos se tornam realidade. Acreditado pela Joint Commission International, o padr\u00e3o ouro em sa\u00fade global, nossos cirurgi\u00f5es s\u00e3o reconhecidos como os mais habilidosos e experientes do setor. A expertise m\u00e9dica de classe mundial dispon\u00edvel aqui oferece uma nova vida para [&hellip;]\" \/>\n<meta property=\"og:url\" content=\"https:\/\/backup.kamolhospital.com\/pt-pt\/about-us\/\" \/>\n<meta property=\"og:site_name\" content=\"Kamol Hospital\" \/>\n<meta property=\"article:modified_time\" content=\"2025-09-09T13:55:34+00:00\" \/>\n<meta property=\"og:image\" content=\"https:\/\/kamolhospital.com\/wp-content\/uploads\/2025\/05\/08272df137e9054525c67ee980b7ab10ee74a94d-min.jpg\" \/>\n<meta name=\"twitter:card\" content=\"summary_large_image\" \/>\n<meta name=\"twitter:label1\" content=\"Tempo estimado de leitura\" \/>\n\t<meta name=\"twitter:data1\" content=\"3 minutos\" \/>\n<script type=\"application\/ld+json\" class=\"yoast-schema-graph\">{\"@context\":\"https:\/\/schema.org\",\"@graph\":[{\"@type\":\"WebPage\",\"@id\":\"https:\/\/backup.kamolhospital.com\/pt-pt\/about-us\/\",\"url\":\"https:\/\/backup.kamolhospital.com\/pt-pt\/about-us\/\",\"name\":\"Sobre n\u00f3s - Kamol Hospital\",\"isPartOf\":{\"@id\":\"https:\/\/backup.kamolhospital.com\/pt-pt\/#website\"},\"primaryImageOfPage\":{\"@id\":\"https:\/\/backup.kamolhospital.com\/pt-pt\/about-us\/#primaryimage\"},\"image\":{\"@id\":\"https:\/\/backup.kamolhospital.com\/pt-pt\/about-us\/#primaryimage\"},\"thumbnailUrl\":\"https:\/\/kamolhospital.com\/wp-content\/uploads\/2025\/05\/08272df137e9054525c67ee980b7ab10ee74a94d-min.jpg\",\"datePublished\":\"2025-05-08T03:21:37+00:00\",\"dateModified\":\"2025-09-09T13:55:34+00:00\",\"breadcrumb\":{\"@id\":\"https:\/\/backup.kamolhospital.com\/pt-pt\/about-us\/#breadcrumb\"},\"inLanguage\":\"pt-PT\",\"potentialAction\":[{\"@type\":\"ReadAction\",\"target\":[\"https:\/\/backup.kamolhospital.com\/pt-pt\/about-us\/\"]}]},{\"@type\":\"ImageObject\",\"inLanguage\":\"pt-PT\",\"@id\":\"https:\/\/backup.kamolhospital.com\/pt-pt\/about-us\/#primaryimage\",\"url\":\"https:\/\/kamolhospital.com\/wp-content\/uploads\/2025\/05\/08272df137e9054525c67ee980b7ab10ee74a94d-min.jpg\",\"contentUrl\":\"https:\/\/kamolhospital.com\/wp-content\/uploads\/2025\/05\/08272df137e9054525c67ee980b7ab10ee74a94d-min.jpg\"},{\"@type\":\"BreadcrumbList\",\"@id\":\"https:\/\/backup.kamolhospital.com\/pt-pt\/about-us\/#breadcrumb\",\"itemListElement\":[{\"@type\":\"ListItem\",\"position\":1,\"name\":\"Home\",\"item\":\"https:\/\/backup.kamolhospital.com\/pt-pt\/\"},{\"@type\":\"ListItem\",\"position\":2,\"name\":\"Sobre n\u00f3s\"}]},{\"@type\":\"WebSite\",\"@id\":\"https:\/\/backup.kamolhospital.com\/pt-pt\/#website\",\"url\":\"https:\/\/backup.kamolhospital.com\/pt-pt\/\",\"name\":\"Kamol Hospital\",\"description\":\"\",\"publisher\":{\"@id\":\"https:\/\/backup.kamolhospital.com\/pt-pt\/#organization\"},\"potentialAction\":[{\"@type\":\"SearchAction\",\"target\":{\"@type\":\"EntryPoint\",\"urlTemplate\":\"https:\/\/backup.kamolhospital.com\/pt-pt\/?s={search_term_string}\"},\"query-input\":{\"@type\":\"PropertyValueSpecification\",\"valueRequired\":true,\"valueName\":\"search_term_string\"}}],\"inLanguage\":\"pt-PT\"},{\"@type\":\"Organization\",\"@id\":\"https:\/\/backup.kamolhospital.com\/pt-pt\/#organization\",\"name\":\"Kamol Hospital\",\"url\":\"https:\/\/backup.kamolhospital.com\/pt-pt\/\",\"logo\":{\"@type\":\"ImageObject\",\"inLanguage\":\"pt-PT\",\"@id\":\"https:\/\/backup.kamolhospital.com\/pt-pt\/#\/schema\/logo\/image\/\",\"url\":\"https:\/\/backup.kamolhospital.com\/wp-content\/uploads\/2025\/04\/kamol-logo.svg\",\"contentUrl\":\"https:\/\/backup.kamolhospital.com\/wp-content\/uploads\/2025\/04\/kamol-logo.svg\",\"width\":157,\"height\":51,\"caption\":\"Kamol Hospital\"},\"image\":{\"@id\":\"https:\/\/backup.kamolhospital.com\/pt-pt\/#\/schema\/logo\/image\/\"}}]}<\/script>\n<!-- \/ Yoast SEO plugin. -->","yoast_head_json":{"title":"Sobre n\u00f3s - Kamol Hospital","robots":{"index":"noindex","follow":"follow","max-snippet":"max-snippet:-1","max-image-preview":"max-image-preview:large","max-video-preview":"max-video-preview:-1"},"og_locale":"pt_PT","og_type":"article","og_title":"Sobre n\u00f3s - Kamol Hospital","og_description":"O Kamol Cosmetic Hospital \u00e9 um hospital excepcional de cirurgia est\u00e9tica e pl\u00e1stica onde os sonhos se tornam realidade. Acreditado pela Joint Commission International, o padr\u00e3o ouro em sa\u00fade global, nossos cirurgi\u00f5es s\u00e3o reconhecidos como os mais habilidosos e experientes do setor. A expertise m\u00e9dica de classe mundial dispon\u00edvel aqui oferece uma nova vida para [&hellip;]","og_url":"https:\/\/backup.kamolhospital.com\/pt-pt\/about-us\/","og_site_name":"Kamol Hospital","article_modified_time":"2025-09-09T13:55:34+00:00","og_image":[{"url":"https:\/\/kamolhospital.com\/wp-content\/uploads\/2025\/05\/08272df137e9054525c67ee980b7ab10ee74a94d-min.jpg","type":"","width":"","height":""}],"twitter_card":"summary_large_image","twitter_misc":{"Tempo estimado de leitura":"3 minutos"},"schema":{"@context":"https:\/\/schema.org","@graph":[{"@type":"WebPage","@id":"https:\/\/backup.kamolhospital.com\/pt-pt\/about-us\/","url":"https:\/\/backup.kamolhospital.com\/pt-pt\/about-us\/","name":"Sobre n\u00f3s - Kamol Hospital","isPartOf":{"@id":"https:\/\/backup.kamolhospital.com\/pt-pt\/#website"},"primaryImageOfPage":{"@id":"https:\/\/backup.kamolhospital.com\/pt-pt\/about-us\/#primaryimage"},"image":{"@id":"https:\/\/backup.kamolhospital.com\/pt-pt\/about-us\/#primaryimage"},"thumbnailUrl":"https:\/\/kamolhospital.com\/wp-content\/uploads\/2025\/05\/08272df137e9054525c67ee980b7ab10ee74a94d-min.jpg","datePublished":"2025-05-08T03:21:37+00:00","dateModified":"2025-09-09T13:55:34+00:00","breadcrumb":{"@id":"https:\/\/backup.kamolhospital.com\/pt-pt\/about-us\/#breadcrumb"},"inLanguage":"pt-PT","potentialAction":[{"@type":"ReadAction","target":["https:\/\/backup.kamolhospital.com\/pt-pt\/about-us\/"]}]},{"@type":"ImageObject","inLanguage":"pt-PT","@id":"https:\/\/backup.kamolhospital.com\/pt-pt\/about-us\/#primaryimage","url":"https:\/\/kamolhospital.com\/wp-content\/uploads\/2025\/05\/08272df137e9054525c67ee980b7ab10ee74a94d-min.jpg","contentUrl":"https:\/\/kamolhospital.com\/wp-content\/uploads\/2025\/05\/08272df137e9054525c67ee980b7ab10ee74a94d-min.jpg"},{"@type":"BreadcrumbList","@id":"https:\/\/backup.kamolhospital.com\/pt-pt\/about-us\/#breadcrumb","itemListElement":[{"@type":"ListItem","position":1,"name":"Home","item":"https:\/\/backup.kamolhospital.com\/pt-pt\/"},{"@type":"ListItem","position":2,"name":"Sobre n\u00f3s"}]},{"@type":"WebSite","@id":"https:\/\/backup.kamolhospital.com\/pt-pt\/#website","url":"https:\/\/backup.kamolhospital.com\/pt-pt\/","name":"Kamol Hospital","description":"","publisher":{"@id":"https:\/\/backup.kamolhospital.com\/pt-pt\/#organization"},"potentialAction":[{"@type":"SearchAction","target":{"@type":"EntryPoint","urlTemplate":"https:\/\/backup.kamolhospital.com\/pt-pt\/?s={search_term_string}"},"query-input":{"@type":"PropertyValueSpecification","valueRequired":true,"valueName":"search_term_string"}}],"inLanguage":"pt-PT"},{"@type":"Organization","@id":"https:\/\/backup.kamolhospital.com\/pt-pt\/#organization","name":"Kamol Hospital","url":"https:\/\/backup.kamolhospital.com\/pt-pt\/","logo":{"@type":"ImageObject","inLanguage":"pt-PT","@id":"https:\/\/backup.kamolhospital.com\/pt-pt\/#\/schema\/logo\/image\/","url":"https:\/\/backup.kamolhospital.com\/wp-content\/uploads\/2025\/04\/kamol-logo.svg","contentUrl":"https:\/\/backup.kamolhospital.com\/wp-content\/uploads\/2025\/04\/kamol-logo.svg","width":157,"height":51,"caption":"Kamol Hospital"},"image":{"@id":"https:\/\/backup.kamolhospital.com\/pt-pt\/#\/schema\/logo\/image\/"}}]}},"_links":{"self":[{"href":"https:\/\/backup.kamolhospital.com\/pt-pt\/wp-json\/wp\/v2\/pages\/44844","targetHints":{"allow":["GET"]}}],"collection":[{"href":"https:\/\/backup.kamolhospital.com\/pt-pt\/wp-json\/wp\/v2\/pages"}],"about":[{"href":"https:\/\/backup.kamolhospital.com\/pt-pt\/wp-json\/wp\/v2\/types\/page"}],"author":[{"embeddable":true,"href":"https:\/\/backup.kamolhospital.com\/pt-pt\/wp-json\/wp\/v2\/users\/2"}],"replies":[{"embeddable":true,"href":"https:\/\/backup.kamolhospital.com\/pt-pt\/wp-json\/wp\/v2\/comments?post=44844"}],"version-history":[{"count":17,"href":"https:\/\/backup.kamolhospital.com\/pt-pt\/wp-json\/wp\/v2\/pages\/44844\/revisions"}],"predecessor-version":[{"id":78649,"href":"https:\/\/backup.kamolhospital.com\/pt-pt\/wp-json\/wp\/v2\/pages\/44844\/revisions\/78649"}],"wp:attachment":[{"href":"https:\/\/backup.kamolhospital.com\/pt-pt\/wp-json\/wp\/v2\/media?parent=44844"}],"curies":[{"name":"wp","href":"https:\/\/api.w.org\/{rel}","templated":true}]}}