{"id":44864,"date":"2025-05-15T14:16:46","date_gmt":"2025-05-15T14:16:46","guid":{"rendered":"https:\/\/kamolhospital.com\/doctors\/"},"modified":"2025-09-24T02:00:21","modified_gmt":"2025-09-24T02:00:21","slug":"doctors","status":"publish","type":"page","link":"https:\/\/backup.kamolhospital.com\/pt-pt\/doctors\/","title":{"rendered":"Doutores"},"content":{"rendered":"<h1>M\u00c9DICOS<\/h1>\n<p>\t\t\t\t\tConhe\u00e7a os especialistas por tr\u00e1s de cada transforma\u00e7\u00e3o<\/p>\n<p>O Hospital Kamol \u00e9 o lar de uma equipe dedicada de cirurgi\u00f5es de classe mundial, cada um trazendo profunda experi\u00eancia, precis\u00e3o e compaix\u00e3o para cada procedimento. Com d\u00e9cadas de experi\u00eancia em cirurgia est\u00e9tica e de afirma\u00e7\u00e3o de g\u00eanero, nossos m\u00e9dicos est\u00e3o comprometidos em ajudar os pacientes a alcan\u00e7ar resultados que estejam em sintonia com seu verdadeiro eu.<\/p>\n<p>\t\t\t\t\t\t\t\t\t\t\t\t\t<img fetchpriority=\"high\" decoding=\"async\" width=\"768\" height=\"1050\" src=\"https:\/\/kamolhospital.com\/wp-content\/uploads\/2025\/08\/Dr.-Kamol-Pansritum-M.D-1-768x1050.jpg\" alt=\"\" srcset=\"https:\/\/kamolhospital.com\/wp-content\/uploads\/2025\/08\/Dr.-Kamol-Pansritum-M.D-1-768x1050.jpg 768w, https:\/\/kamolhospital.com\/wp-content\/uploads\/2025\/08\/Dr.-Kamol-Pansritum-M.D-1-220x300.jpg 220w, https:\/\/kamolhospital.com\/wp-content\/uploads\/2025\/08\/Dr.-Kamol-Pansritum-M.D-1-749x1024.jpg 749w, https:\/\/kamolhospital.com\/wp-content\/uploads\/2025\/08\/Dr.-Kamol-Pansritum-M.D-1-1124x1536.jpg 1124w, https:\/\/kamolhospital.com\/wp-content\/uploads\/2025\/08\/Dr.-Kamol-Pansritum-M.D-1-1498x2048.jpg 1498w, https:\/\/kamolhospital.com\/wp-content\/uploads\/2025\/08\/Dr.-Kamol-Pansritum-M.D-1.jpg 1658w\" sizes=\"(max-width: 768px) 100vw, 768px\" \/>\t\t\t\t\t\t\t\t\t\t\t\t\t\t\t\t<\/p>\n<h2>Conhe\u00e7a o Dr. Kamol<\/h2>\n<p>Liderado pelo Dr. Kamol Pansritum, um pioneiro globalmente reconhecido em procedimentos de afirma\u00e7\u00e3o de g\u00eanero, nosso hospital \u00e9 constru\u00eddo sobre d\u00e9cadas de experi\u00eancia cir\u00fargica. O Dr. Kamol e sua equipe altamente treinada de cirurgi\u00f5es certificados, enfermeiros e cuidadores realizaram milhares de procedimentos transformadores com precis\u00e3o, arte e empatia.<\/p>\n<p>De origens humildes em Bangcoc, a expertise e a abordagem compassiva do Dr. Kamol atra\u00edram pacientes de toda a Tail\u00e2ndia e, mais tarde, do mundo inteiro. \u00c0 medida que as t\u00e9cnicas evolu\u00edram e a demanda cresceu, tamb\u00e9m cresceu nosso compromisso com a excel\u00eancia. Ao longo dos anos, o Kamol Cosmetic Hospital expandiu-se para se tornar um centro m\u00e9dico de classe mundial, unindo as mais recentes inova\u00e7\u00f5es cir\u00fargicas a cuidados personalizados e sinceros.<\/p>\n<h2>Cirurgi\u00f5es Pl\u00e1sticos <\/h2>\n<p>Nossos cirurgi\u00f5es pl\u00e1sticos certificados unem precis\u00e3o cir\u00fargica e sensibilidade art\u00edstica para alcan\u00e7ar resultados naturais e harmoniosos. Com ampla experi\u00eancia em cirurgias est\u00e9ticas e de afirma\u00e7\u00e3o de g\u00eanero, cada procedimento \u00e9 personalizado de acordo com os objetivos e anatomia de cada paciente.<\/p>\n<h2>Cirurgi\u00f5es Gerais e Especialistas<\/h2>\n<p>Nossos cirurgi\u00f5es gerais e especialistas oferecem conhecimentos m\u00e9dicos avan\u00e7ados e focados em cada interven\u00e7\u00e3o. Seja em reconstru\u00e7\u00f5es complexas, exames de sa\u00fade ou contorno corporal, garantem seguran\u00e7a, efic\u00e1cia e cuidados m\u00e9dicos completos durante todo o processo cir\u00fargico.<\/p>\n<h2>Psiquiatras <\/h2>\n<p>Acreditamos que a sa\u00fade mental \u00e9 essencial para uma transi\u00e7\u00e3o bem-sucedida. Nossos psiquiatras especializados em afirma\u00e7\u00e3o de g\u00eanero oferecem apoio compassivo antes e depois da cirurgia, orientando cada paciente emocionalmente com respeito e compreens\u00e3o.<\/p>\n<h2>Anestesiologistas <\/h2>\n<p>Nossos anestesiologistas cuidam da sua seguran\u00e7a e conforto em todas as etapas. Avaliam sua sa\u00fade antes da cirurgia, controlam a anestesia durante o procedimento e acompanham de perto a recupera\u00e7\u00e3o com controle eficaz da dor.<\/p>\n<h2>Cardiologista e Dermatologista<\/h2>\n<p>Nosso cardiologista e dermatologista acompanham seu bem-estar geral antes, durante e ap\u00f3s a cirurgia. O cardiologista otimiza a sa\u00fade card\u00edaca para garantir seguran\u00e7a, enquanto o dermatologista cuida da pele para melhorar a apar\u00eancia e autoestima.<\/p>\n","protected":false},"excerpt":{"rendered":"<p>M\u00c9DICOS Conhe\u00e7a os especialistas por tr\u00e1s de cada transforma\u00e7\u00e3o O Hospital Kamol \u00e9 o lar de uma equipe dedicada de cirurgi\u00f5es de classe mundial, cada um trazendo profunda experi\u00eancia, precis\u00e3o e compaix\u00e3o para cada procedimento. Com d\u00e9cadas de experi\u00eancia em cirurgia est\u00e9tica e de afirma\u00e7\u00e3o de g\u00eanero, nossos m\u00e9dicos est\u00e3o comprometidos em ajudar os pacientes [&hellip;]<\/p>\n","protected":false},"author":2,"featured_media":0,"parent":0,"menu_order":0,"comment_status":"closed","ping_status":"closed","template":"","meta":{"_acf_changed":false,"footnotes":""},"class_list":["post-44864","page","type-page","status-publish","hentry"],"acf":[],"yoast_head":"<!-- This site is optimized with the Yoast SEO plugin v26.0 - https:\/\/yoast.com\/wordpress\/plugins\/seo\/ -->\n<title>Doutores - Kamol Hospital<\/title>\n<meta name=\"robots\" content=\"noindex, follow, max-snippet:-1, max-image-preview:large, max-video-preview:-1\" \/>\n<meta property=\"og:locale\" content=\"pt_PT\" \/>\n<meta property=\"og:type\" content=\"article\" \/>\n<meta property=\"og:title\" content=\"Doutores - Kamol Hospital\" \/>\n<meta property=\"og:description\" content=\"M\u00c9DICOS Conhe\u00e7a os especialistas por tr\u00e1s de cada transforma\u00e7\u00e3o O Hospital Kamol \u00e9 o lar de uma equipe dedicada de cirurgi\u00f5es de classe mundial, cada um trazendo profunda experi\u00eancia, precis\u00e3o e compaix\u00e3o para cada procedimento. Com d\u00e9cadas de experi\u00eancia em cirurgia est\u00e9tica e de afirma\u00e7\u00e3o de g\u00eanero, nossos m\u00e9dicos est\u00e3o comprometidos em ajudar os pacientes [&hellip;]\" \/>\n<meta property=\"og:url\" content=\"https:\/\/backup.kamolhospital.com\/pt-pt\/doctors\/\" \/>\n<meta property=\"og:site_name\" content=\"Kamol Hospital\" \/>\n<meta property=\"article:modified_time\" content=\"2025-09-24T02:00:21+00:00\" \/>\n<meta property=\"og:image\" content=\"https:\/\/kamolhospital.com\/wp-content\/uploads\/2025\/08\/Dr.-Kamol-Pansritum-M.D-1-768x1050.jpg\" \/>\n<meta name=\"twitter:card\" content=\"summary_large_image\" \/>\n<meta name=\"twitter:label1\" content=\"Tempo estimado de leitura\" \/>\n\t<meta name=\"twitter:data1\" content=\"2 minutos\" \/>\n<script type=\"application\/ld+json\" class=\"yoast-schema-graph\">{\"@context\":\"https:\/\/schema.org\",\"@graph\":[{\"@type\":\"WebPage\",\"@id\":\"https:\/\/backup.kamolhospital.com\/pt-pt\/doctors\/\",\"url\":\"https:\/\/backup.kamolhospital.com\/pt-pt\/doctors\/\",\"name\":\"Doutores - Kamol Hospital\",\"isPartOf\":{\"@id\":\"https:\/\/backup.kamolhospital.com\/pt-pt\/#website\"},\"primaryImageOfPage\":{\"@id\":\"https:\/\/backup.kamolhospital.com\/pt-pt\/doctors\/#primaryimage\"},\"image\":{\"@id\":\"https:\/\/backup.kamolhospital.com\/pt-pt\/doctors\/#primaryimage\"},\"thumbnailUrl\":\"https:\/\/kamolhospital.com\/wp-content\/uploads\/2025\/08\/Dr.-Kamol-Pansritum-M.D-1-768x1050.jpg\",\"datePublished\":\"2025-05-15T14:16:46+00:00\",\"dateModified\":\"2025-09-24T02:00:21+00:00\",\"breadcrumb\":{\"@id\":\"https:\/\/backup.kamolhospital.com\/pt-pt\/doctors\/#breadcrumb\"},\"inLanguage\":\"pt-PT\",\"potentialAction\":[{\"@type\":\"ReadAction\",\"target\":[\"https:\/\/backup.kamolhospital.com\/pt-pt\/doctors\/\"]}]},{\"@type\":\"ImageObject\",\"inLanguage\":\"pt-PT\",\"@id\":\"https:\/\/backup.kamolhospital.com\/pt-pt\/doctors\/#primaryimage\",\"url\":\"https:\/\/kamolhospital.com\/wp-content\/uploads\/2025\/08\/Dr.-Kamol-Pansritum-M.D-1-768x1050.jpg\",\"contentUrl\":\"https:\/\/kamolhospital.com\/wp-content\/uploads\/2025\/08\/Dr.-Kamol-Pansritum-M.D-1-768x1050.jpg\"},{\"@type\":\"BreadcrumbList\",\"@id\":\"https:\/\/backup.kamolhospital.com\/pt-pt\/doctors\/#breadcrumb\",\"itemListElement\":[{\"@type\":\"ListItem\",\"position\":1,\"name\":\"Home\",\"item\":\"https:\/\/backup.kamolhospital.com\/pt-pt\/\"},{\"@type\":\"ListItem\",\"position\":2,\"name\":\"Doutores\"}]},{\"@type\":\"WebSite\",\"@id\":\"https:\/\/backup.kamolhospital.com\/pt-pt\/#website\",\"url\":\"https:\/\/backup.kamolhospital.com\/pt-pt\/\",\"name\":\"Kamol Hospital\",\"description\":\"\",\"publisher\":{\"@id\":\"https:\/\/backup.kamolhospital.com\/pt-pt\/#organization\"},\"potentialAction\":[{\"@type\":\"SearchAction\",\"target\":{\"@type\":\"EntryPoint\",\"urlTemplate\":\"https:\/\/backup.kamolhospital.com\/pt-pt\/?s={search_term_string}\"},\"query-input\":{\"@type\":\"PropertyValueSpecification\",\"valueRequired\":true,\"valueName\":\"search_term_string\"}}],\"inLanguage\":\"pt-PT\"},{\"@type\":\"Organization\",\"@id\":\"https:\/\/backup.kamolhospital.com\/pt-pt\/#organization\",\"name\":\"Kamol Hospital\",\"url\":\"https:\/\/backup.kamolhospital.com\/pt-pt\/\",\"logo\":{\"@type\":\"ImageObject\",\"inLanguage\":\"pt-PT\",\"@id\":\"https:\/\/backup.kamolhospital.com\/pt-pt\/#\/schema\/logo\/image\/\",\"url\":\"https:\/\/backup.kamolhospital.com\/wp-content\/uploads\/2025\/04\/kamol-logo.svg\",\"contentUrl\":\"https:\/\/backup.kamolhospital.com\/wp-content\/uploads\/2025\/04\/kamol-logo.svg\",\"width\":157,\"height\":51,\"caption\":\"Kamol Hospital\"},\"image\":{\"@id\":\"https:\/\/backup.kamolhospital.com\/pt-pt\/#\/schema\/logo\/image\/\"}}]}<\/script>\n<!-- \/ Yoast SEO plugin. -->","yoast_head_json":{"title":"Doutores - Kamol Hospital","robots":{"index":"noindex","follow":"follow","max-snippet":"max-snippet:-1","max-image-preview":"max-image-preview:large","max-video-preview":"max-video-preview:-1"},"og_locale":"pt_PT","og_type":"article","og_title":"Doutores - Kamol Hospital","og_description":"M\u00c9DICOS Conhe\u00e7a os especialistas por tr\u00e1s de cada transforma\u00e7\u00e3o O Hospital Kamol \u00e9 o lar de uma equipe dedicada de cirurgi\u00f5es de classe mundial, cada um trazendo profunda experi\u00eancia, precis\u00e3o e compaix\u00e3o para cada procedimento. Com d\u00e9cadas de experi\u00eancia em cirurgia est\u00e9tica e de afirma\u00e7\u00e3o de g\u00eanero, nossos m\u00e9dicos est\u00e3o comprometidos em ajudar os pacientes [&hellip;]","og_url":"https:\/\/backup.kamolhospital.com\/pt-pt\/doctors\/","og_site_name":"Kamol Hospital","article_modified_time":"2025-09-24T02:00:21+00:00","og_image":[{"url":"https:\/\/kamolhospital.com\/wp-content\/uploads\/2025\/08\/Dr.-Kamol-Pansritum-M.D-1-768x1050.jpg","type":"","width":"","height":""}],"twitter_card":"summary_large_image","twitter_misc":{"Tempo estimado de leitura":"2 minutos"},"schema":{"@context":"https:\/\/schema.org","@graph":[{"@type":"WebPage","@id":"https:\/\/backup.kamolhospital.com\/pt-pt\/doctors\/","url":"https:\/\/backup.kamolhospital.com\/pt-pt\/doctors\/","name":"Doutores - Kamol Hospital","isPartOf":{"@id":"https:\/\/backup.kamolhospital.com\/pt-pt\/#website"},"primaryImageOfPage":{"@id":"https:\/\/backup.kamolhospital.com\/pt-pt\/doctors\/#primaryimage"},"image":{"@id":"https:\/\/backup.kamolhospital.com\/pt-pt\/doctors\/#primaryimage"},"thumbnailUrl":"https:\/\/kamolhospital.com\/wp-content\/uploads\/2025\/08\/Dr.-Kamol-Pansritum-M.D-1-768x1050.jpg","datePublished":"2025-05-15T14:16:46+00:00","dateModified":"2025-09-24T02:00:21+00:00","breadcrumb":{"@id":"https:\/\/backup.kamolhospital.com\/pt-pt\/doctors\/#breadcrumb"},"inLanguage":"pt-PT","potentialAction":[{"@type":"ReadAction","target":["https:\/\/backup.kamolhospital.com\/pt-pt\/doctors\/"]}]},{"@type":"ImageObject","inLanguage":"pt-PT","@id":"https:\/\/backup.kamolhospital.com\/pt-pt\/doctors\/#primaryimage","url":"https:\/\/kamolhospital.com\/wp-content\/uploads\/2025\/08\/Dr.-Kamol-Pansritum-M.D-1-768x1050.jpg","contentUrl":"https:\/\/kamolhospital.com\/wp-content\/uploads\/2025\/08\/Dr.-Kamol-Pansritum-M.D-1-768x1050.jpg"},{"@type":"BreadcrumbList","@id":"https:\/\/backup.kamolhospital.com\/pt-pt\/doctors\/#breadcrumb","itemListElement":[{"@type":"ListItem","position":1,"name":"Home","item":"https:\/\/backup.kamolhospital.com\/pt-pt\/"},{"@type":"ListItem","position":2,"name":"Doutores"}]},{"@type":"WebSite","@id":"https:\/\/backup.kamolhospital.com\/pt-pt\/#website","url":"https:\/\/backup.kamolhospital.com\/pt-pt\/","name":"Kamol Hospital","description":"","publisher":{"@id":"https:\/\/backup.kamolhospital.com\/pt-pt\/#organization"},"potentialAction":[{"@type":"SearchAction","target":{"@type":"EntryPoint","urlTemplate":"https:\/\/backup.kamolhospital.com\/pt-pt\/?s={search_term_string}"},"query-input":{"@type":"PropertyValueSpecification","valueRequired":true,"valueName":"search_term_string"}}],"inLanguage":"pt-PT"},{"@type":"Organization","@id":"https:\/\/backup.kamolhospital.com\/pt-pt\/#organization","name":"Kamol Hospital","url":"https:\/\/backup.kamolhospital.com\/pt-pt\/","logo":{"@type":"ImageObject","inLanguage":"pt-PT","@id":"https:\/\/backup.kamolhospital.com\/pt-pt\/#\/schema\/logo\/image\/","url":"https:\/\/backup.kamolhospital.com\/wp-content\/uploads\/2025\/04\/kamol-logo.svg","contentUrl":"https:\/\/backup.kamolhospital.com\/wp-content\/uploads\/2025\/04\/kamol-logo.svg","width":157,"height":51,"caption":"Kamol Hospital"},"image":{"@id":"https:\/\/backup.kamolhospital.com\/pt-pt\/#\/schema\/logo\/image\/"}}]}},"_links":{"self":[{"href":"https:\/\/backup.kamolhospital.com\/pt-pt\/wp-json\/wp\/v2\/pages\/44864","targetHints":{"allow":["GET"]}}],"collection":[{"href":"https:\/\/backup.kamolhospital.com\/pt-pt\/wp-json\/wp\/v2\/pages"}],"about":[{"href":"https:\/\/backup.kamolhospital.com\/pt-pt\/wp-json\/wp\/v2\/types\/page"}],"author":[{"embeddable":true,"href":"https:\/\/backup.kamolhospital.com\/pt-pt\/wp-json\/wp\/v2\/users\/2"}],"replies":[{"embeddable":true,"href":"https:\/\/backup.kamolhospital.com\/pt-pt\/wp-json\/wp\/v2\/comments?post=44864"}],"version-history":[{"count":27,"href":"https:\/\/backup.kamolhospital.com\/pt-pt\/wp-json\/wp\/v2\/pages\/44864\/revisions"}],"predecessor-version":[{"id":80454,"href":"https:\/\/backup.kamolhospital.com\/pt-pt\/wp-json\/wp\/v2\/pages\/44864\/revisions\/80454"}],"wp:attachment":[{"href":"https:\/\/backup.kamolhospital.com\/pt-pt\/wp-json\/wp\/v2\/media?parent=44864"}],"curies":[{"name":"wp","href":"https:\/\/api.w.org\/{rel}","templated":true}]}}