{"id":46210,"date":"2025-05-15T17:24:07","date_gmt":"2025-05-15T17:24:07","guid":{"rendered":"https:\/\/kamolhospital.com\/testimonials\/"},"modified":"2025-09-10T04:36:22","modified_gmt":"2025-09-10T04:36:22","slug":"testimonials","status":"publish","type":"page","link":"https:\/\/backup.kamolhospital.com\/pt-pt\/testimonials\/","title":{"rendered":"Depoimentos"},"content":{"rendered":"<h1> DEPOIMENTOS<\/h1>\n<p>\t\t\t\t\t Hist\u00f3rias reais, transforma\u00e7\u00f5es reais<\/p>\n<p>No Hospital Kamol, cada procedimento tem o poder de transformar uma vida. Seja na recupera\u00e7\u00e3o de um trauma, na melhoria da apar\u00eancia ou na afirma\u00e7\u00e3o da identidade, as jornadas de nossos pacientes s\u00e3o profundamente pessoais. Aqui, alguns deles compartilham como suas experi\u00eancias com o Dr. Kamol e sua equipe abriram portas, trouxeram confian\u00e7a e mudaram suas vidas de maneiras inimagin\u00e1veis.<\/p>\n<h2>Depoimentos de Cirurgia de Homem para Mulher<\/h2>\n<p>\t\t\t\t\t\t\t\t\t\t<a role=\"button\"><br \/>\n\t\t\t\t<svg aria-hidden=\"true\" viewBox=\"0 0 448 512\" xmlns=\"http:\/\/www.w3.org\/2000\/svg\"><path d=\"M190.5 66.9l22.2-22.2c9.4-9.4 24.6-9.4 33.9 0L441 239c9.4 9.4 9.4 24.6 0 33.9L246.6 467.3c-9.4 9.4-24.6 9.4-33.9 0l-22.2-22.2c-9.5-9.5-9.3-25 .4-34.3L311.4 296H24c-13.3 0-24-10.7-24-24v-32c0-13.3 10.7-24 24-24h287.4L190.9 101.2c-9.8-9.3-10-24.8-.4-34.3z\"><\/path><\/svg><br \/>\n\t\t\t\t\t\t\t\t\tVer tudo<br \/>\n\t\t\t\t\t<\/a><\/p>\n<h2>Depoimentos de Cirurgia de Mulher para Homem<\/h2>\n<p>\t\t\t\t\t\t\t\t\t\t<a role=\"button\"><br \/>\n\t\t\t\t<svg aria-hidden=\"true\" viewBox=\"0 0 448 512\" xmlns=\"http:\/\/www.w3.org\/2000\/svg\"><path d=\"M190.5 66.9l22.2-22.2c9.4-9.4 24.6-9.4 33.9 0L441 239c9.4 9.4 9.4 24.6 0 33.9L246.6 467.3c-9.4 9.4-24.6 9.4-33.9 0l-22.2-22.2c-9.5-9.5-9.3-25 .4-34.3L311.4 296H24c-13.3 0-24-10.7-24-24v-32c0-13.3 10.7-24 24-24h287.4L190.9 101.2c-9.8-9.3-10-24.8-.4-34.3z\"><\/path><\/svg><br \/>\n\t\t\t\t\t\t\t\t\tVer tudo<br \/>\n\t\t\t\t\t<\/a><\/p>\n<h2>Depoimentos de Outros Procedimentos<\/h2>\n<p>\t\t\t\t\t\t\t\t\t\t<a role=\"button\"><br \/>\n\t\t\t\t<svg aria-hidden=\"true\" viewBox=\"0 0 448 512\" xmlns=\"http:\/\/www.w3.org\/2000\/svg\"><path d=\"M190.5 66.9l22.2-22.2c9.4-9.4 24.6-9.4 33.9 0L441 239c9.4 9.4 9.4 24.6 0 33.9L246.6 467.3c-9.4 9.4-24.6 9.4-33.9 0l-22.2-22.2c-9.5-9.5-9.3-25 .4-34.3L311.4 296H24c-13.3 0-24-10.7-24-24v-32c0-13.3 10.7-24 24-24h287.4L190.9 101.2c-9.8-9.3-10-24.8-.4-34.3z\"><\/path><\/svg><br \/>\n\t\t\t\t\t\t\t\t\tVer tudo<br \/>\n\t\t\t\t\t<\/a><\/p>\n","protected":false},"excerpt":{"rendered":"<p>DEPOIMENTOS Hist\u00f3rias reais, transforma\u00e7\u00f5es reais No Hospital Kamol, cada procedimento tem o poder de transformar uma vida. Seja na recupera\u00e7\u00e3o de um trauma, na melhoria da apar\u00eancia ou na afirma\u00e7\u00e3o da identidade, as jornadas de nossos pacientes s\u00e3o profundamente pessoais. Aqui, alguns deles compartilham como suas experi\u00eancias com o Dr. Kamol e sua equipe abriram [&hellip;]<\/p>\n","protected":false},"author":2,"featured_media":0,"parent":0,"menu_order":0,"comment_status":"closed","ping_status":"closed","template":"","meta":{"_acf_changed":false,"footnotes":""},"class_list":["post-46210","page","type-page","status-publish","hentry"],"acf":[],"yoast_head":"<!-- This site is optimized with the Yoast SEO plugin v26.0 - https:\/\/yoast.com\/wordpress\/plugins\/seo\/ -->\n<title>Depoimentos - Kamol Hospital<\/title>\n<meta name=\"robots\" content=\"noindex, follow, max-snippet:-1, max-image-preview:large, max-video-preview:-1\" \/>\n<meta property=\"og:locale\" content=\"pt_PT\" \/>\n<meta property=\"og:type\" content=\"article\" \/>\n<meta property=\"og:title\" content=\"Depoimentos - Kamol Hospital\" \/>\n<meta property=\"og:description\" content=\"DEPOIMENTOS Hist\u00f3rias reais, transforma\u00e7\u00f5es reais No Hospital Kamol, cada procedimento tem o poder de transformar uma vida. Seja na recupera\u00e7\u00e3o de um trauma, na melhoria da apar\u00eancia ou na afirma\u00e7\u00e3o da identidade, as jornadas de nossos pacientes s\u00e3o profundamente pessoais. Aqui, alguns deles compartilham como suas experi\u00eancias com o Dr. Kamol e sua equipe abriram [&hellip;]\" \/>\n<meta property=\"og:url\" content=\"https:\/\/backup.kamolhospital.com\/pt-pt\/testimonials\/\" \/>\n<meta property=\"og:site_name\" content=\"Kamol Hospital\" \/>\n<meta property=\"article:modified_time\" content=\"2025-09-10T04:36:22+00:00\" \/>\n<meta name=\"twitter:card\" content=\"summary_large_image\" \/>\n<script type=\"application\/ld+json\" class=\"yoast-schema-graph\">{\"@context\":\"https:\/\/schema.org\",\"@graph\":[{\"@type\":\"WebPage\",\"@id\":\"https:\/\/backup.kamolhospital.com\/pt-pt\/testimonials\/\",\"url\":\"https:\/\/backup.kamolhospital.com\/pt-pt\/testimonials\/\",\"name\":\"Depoimentos - Kamol Hospital\",\"isPartOf\":{\"@id\":\"https:\/\/backup.kamolhospital.com\/pt-pt\/#website\"},\"datePublished\":\"2025-05-15T17:24:07+00:00\",\"dateModified\":\"2025-09-10T04:36:22+00:00\",\"breadcrumb\":{\"@id\":\"https:\/\/backup.kamolhospital.com\/pt-pt\/testimonials\/#breadcrumb\"},\"inLanguage\":\"pt-PT\",\"potentialAction\":[{\"@type\":\"ReadAction\",\"target\":[\"https:\/\/backup.kamolhospital.com\/pt-pt\/testimonials\/\"]}]},{\"@type\":\"BreadcrumbList\",\"@id\":\"https:\/\/backup.kamolhospital.com\/pt-pt\/testimonials\/#breadcrumb\",\"itemListElement\":[{\"@type\":\"ListItem\",\"position\":1,\"name\":\"Home\",\"item\":\"https:\/\/backup.kamolhospital.com\/pt-pt\/\"},{\"@type\":\"ListItem\",\"position\":2,\"name\":\"Depoimentos\"}]},{\"@type\":\"WebSite\",\"@id\":\"https:\/\/backup.kamolhospital.com\/pt-pt\/#website\",\"url\":\"https:\/\/backup.kamolhospital.com\/pt-pt\/\",\"name\":\"Kamol Hospital\",\"description\":\"\",\"publisher\":{\"@id\":\"https:\/\/backup.kamolhospital.com\/pt-pt\/#organization\"},\"potentialAction\":[{\"@type\":\"SearchAction\",\"target\":{\"@type\":\"EntryPoint\",\"urlTemplate\":\"https:\/\/backup.kamolhospital.com\/pt-pt\/?s={search_term_string}\"},\"query-input\":{\"@type\":\"PropertyValueSpecification\",\"valueRequired\":true,\"valueName\":\"search_term_string\"}}],\"inLanguage\":\"pt-PT\"},{\"@type\":\"Organization\",\"@id\":\"https:\/\/backup.kamolhospital.com\/pt-pt\/#organization\",\"name\":\"Kamol Hospital\",\"url\":\"https:\/\/backup.kamolhospital.com\/pt-pt\/\",\"logo\":{\"@type\":\"ImageObject\",\"inLanguage\":\"pt-PT\",\"@id\":\"https:\/\/backup.kamolhospital.com\/pt-pt\/#\/schema\/logo\/image\/\",\"url\":\"https:\/\/backup.kamolhospital.com\/wp-content\/uploads\/2025\/04\/kamol-logo.svg\",\"contentUrl\":\"https:\/\/backup.kamolhospital.com\/wp-content\/uploads\/2025\/04\/kamol-logo.svg\",\"width\":157,\"height\":51,\"caption\":\"Kamol Hospital\"},\"image\":{\"@id\":\"https:\/\/backup.kamolhospital.com\/pt-pt\/#\/schema\/logo\/image\/\"}}]}<\/script>\n<!-- \/ Yoast SEO plugin. -->","yoast_head_json":{"title":"Depoimentos - Kamol Hospital","robots":{"index":"noindex","follow":"follow","max-snippet":"max-snippet:-1","max-image-preview":"max-image-preview:large","max-video-preview":"max-video-preview:-1"},"og_locale":"pt_PT","og_type":"article","og_title":"Depoimentos - Kamol Hospital","og_description":"DEPOIMENTOS Hist\u00f3rias reais, transforma\u00e7\u00f5es reais No Hospital Kamol, cada procedimento tem o poder de transformar uma vida. Seja na recupera\u00e7\u00e3o de um trauma, na melhoria da apar\u00eancia ou na afirma\u00e7\u00e3o da identidade, as jornadas de nossos pacientes s\u00e3o profundamente pessoais. Aqui, alguns deles compartilham como suas experi\u00eancias com o Dr. Kamol e sua equipe abriram [&hellip;]","og_url":"https:\/\/backup.kamolhospital.com\/pt-pt\/testimonials\/","og_site_name":"Kamol Hospital","article_modified_time":"2025-09-10T04:36:22+00:00","twitter_card":"summary_large_image","schema":{"@context":"https:\/\/schema.org","@graph":[{"@type":"WebPage","@id":"https:\/\/backup.kamolhospital.com\/pt-pt\/testimonials\/","url":"https:\/\/backup.kamolhospital.com\/pt-pt\/testimonials\/","name":"Depoimentos - Kamol Hospital","isPartOf":{"@id":"https:\/\/backup.kamolhospital.com\/pt-pt\/#website"},"datePublished":"2025-05-15T17:24:07+00:00","dateModified":"2025-09-10T04:36:22+00:00","breadcrumb":{"@id":"https:\/\/backup.kamolhospital.com\/pt-pt\/testimonials\/#breadcrumb"},"inLanguage":"pt-PT","potentialAction":[{"@type":"ReadAction","target":["https:\/\/backup.kamolhospital.com\/pt-pt\/testimonials\/"]}]},{"@type":"BreadcrumbList","@id":"https:\/\/backup.kamolhospital.com\/pt-pt\/testimonials\/#breadcrumb","itemListElement":[{"@type":"ListItem","position":1,"name":"Home","item":"https:\/\/backup.kamolhospital.com\/pt-pt\/"},{"@type":"ListItem","position":2,"name":"Depoimentos"}]},{"@type":"WebSite","@id":"https:\/\/backup.kamolhospital.com\/pt-pt\/#website","url":"https:\/\/backup.kamolhospital.com\/pt-pt\/","name":"Kamol Hospital","description":"","publisher":{"@id":"https:\/\/backup.kamolhospital.com\/pt-pt\/#organization"},"potentialAction":[{"@type":"SearchAction","target":{"@type":"EntryPoint","urlTemplate":"https:\/\/backup.kamolhospital.com\/pt-pt\/?s={search_term_string}"},"query-input":{"@type":"PropertyValueSpecification","valueRequired":true,"valueName":"search_term_string"}}],"inLanguage":"pt-PT"},{"@type":"Organization","@id":"https:\/\/backup.kamolhospital.com\/pt-pt\/#organization","name":"Kamol Hospital","url":"https:\/\/backup.kamolhospital.com\/pt-pt\/","logo":{"@type":"ImageObject","inLanguage":"pt-PT","@id":"https:\/\/backup.kamolhospital.com\/pt-pt\/#\/schema\/logo\/image\/","url":"https:\/\/backup.kamolhospital.com\/wp-content\/uploads\/2025\/04\/kamol-logo.svg","contentUrl":"https:\/\/backup.kamolhospital.com\/wp-content\/uploads\/2025\/04\/kamol-logo.svg","width":157,"height":51,"caption":"Kamol Hospital"},"image":{"@id":"https:\/\/backup.kamolhospital.com\/pt-pt\/#\/schema\/logo\/image\/"}}]}},"_links":{"self":[{"href":"https:\/\/backup.kamolhospital.com\/pt-pt\/wp-json\/wp\/v2\/pages\/46210","targetHints":{"allow":["GET"]}}],"collection":[{"href":"https:\/\/backup.kamolhospital.com\/pt-pt\/wp-json\/wp\/v2\/pages"}],"about":[{"href":"https:\/\/backup.kamolhospital.com\/pt-pt\/wp-json\/wp\/v2\/types\/page"}],"author":[{"embeddable":true,"href":"https:\/\/backup.kamolhospital.com\/pt-pt\/wp-json\/wp\/v2\/users\/2"}],"replies":[{"embeddable":true,"href":"https:\/\/backup.kamolhospital.com\/pt-pt\/wp-json\/wp\/v2\/comments?post=46210"}],"version-history":[{"count":15,"href":"https:\/\/backup.kamolhospital.com\/pt-pt\/wp-json\/wp\/v2\/pages\/46210\/revisions"}],"predecessor-version":[{"id":79115,"href":"https:\/\/backup.kamolhospital.com\/pt-pt\/wp-json\/wp\/v2\/pages\/46210\/revisions\/79115"}],"wp:attachment":[{"href":"https:\/\/backup.kamolhospital.com\/pt-pt\/wp-json\/wp\/v2\/media?parent=46210"}],"curies":[{"name":"wp","href":"https:\/\/api.w.org\/{rel}","templated":true}]}}