{"id":52015,"date":"2025-06-11T03:26:10","date_gmt":"2025-06-11T03:26:10","guid":{"rendered":"https:\/\/kamolhospital.com\/kamol-trip\/pre-arrival\/"},"modified":"2025-10-01T14:02:15","modified_gmt":"2025-10-01T14:02:15","slug":"pre-arrival","status":"publish","type":"page","link":"https:\/\/backup.kamolhospital.com\/pt-pt\/kamol-trip\/pre-arrival\/","title":{"rendered":"Antes da chegada"},"content":{"rendered":"<p>VIAGEM M\u00c9DICA\t\t\t\t\t Comece a sua jornada aqui<\/p>\n<p>Sendo uma das mais novas instala\u00e7\u00f5es m\u00e9dicas constru\u00eddas para esse fim no mundo, o Hospital Kamol foi projetado do zero para oferecer conforto e conveni\u00eancia aos pacientes.<\/p>\n<p>HOSPITAL KAMOL<\/p>\n<p>No Hospital de Cirurgia Est\u00e9tica Kamol, oferecemos cirurgias est\u00e9ticas e de afirma\u00e7\u00e3o de g\u00eanero avan\u00e7adas, com os mais altos padr\u00f5es de seguran\u00e7a e cuidados. Explore nossos servi\u00e7os abrangentes e encontre a melhor op\u00e7\u00e3o para voc\u00ea.<\/p>\n<ul>\n<li>\n\t\t\t\t\t\t\t\t\t\t\t<a href=\"#prepare\"><br \/>\n\t\t\t\t\t\t\t\t\t\t\t1 Preparar um relat\u00f3rio m\u00e9dico<br \/>\n\t\t\t\t\t\t\t\t\t\t\t<\/a>\n\t\t\t\t\t\t\t\t\t<\/li>\n<li>\n\t\t\t\t\t\t\t\t\t\t\t<a href=\"#pre-operative\"><br \/>\n\t\t\t\t\t\t\t\t\t\t\t2Prepara\u00e7\u00e3o pr\u00e9-operat\u00f3ria<br \/>\n\t\t\t\t\t\t\t\t\t\t\t<\/a>\n\t\t\t\t\t\t\t\t\t<\/li>\n<li>\n\t\t\t\t\t\t\t\t\t\t\t<a href=\"#visa\"><br \/>\n\t\t\t\t\t\t\t\t\t\t\t3 Requisitos de visto para viajar \u00e0 Tail\u00e2ndia<br \/>\n\t\t\t\t\t\t\t\t\t\t\t<\/a>\n\t\t\t\t\t\t\t\t\t<\/li>\n<\/ul>\n<p>\t\t\t\thttps:\/\/www.youtube.com\/watch?v=L7R76eOB3Io\t\t\t\t\t\t\t\t\t\t\t\t\t<img fetchpriority=\"high\" decoding=\"async\" width=\"2048\" height=\"1365\" src=\"https:\/\/www.kamolhospital.com\/wp-content\/uploads\/2025\/06\/945dcb1af2d9cc604260741f5842ac8020560930.jpg\" alt=\"\" srcset=\"https:\/\/www.kamolhospital.com\/wp-content\/uploads\/2025\/06\/945dcb1af2d9cc604260741f5842ac8020560930.jpg 2048w, https:\/\/www.kamolhospital.com\/wp-content\/uploads\/2025\/06\/945dcb1af2d9cc604260741f5842ac8020560930-300x200.jpg 300w, https:\/\/www.kamolhospital.com\/wp-content\/uploads\/2025\/06\/945dcb1af2d9cc604260741f5842ac8020560930-1024x683.jpg 1024w, https:\/\/www.kamolhospital.com\/wp-content\/uploads\/2025\/06\/945dcb1af2d9cc604260741f5842ac8020560930-768x512.jpg 768w, https:\/\/www.kamolhospital.com\/wp-content\/uploads\/2025\/06\/945dcb1af2d9cc604260741f5842ac8020560930-1536x1024.jpg 1536w\" sizes=\"(max-width: 2048px) 100vw, 2048px\" \/>\t\t\t\t\t\t\t\t\t\t\t\t\t\t\t\t1\t\t\t\t\t<\/p>\n<h2> Preparar um relat\u00f3rio m\u00e9dico<br \/>\n<\/h2>\n<p>O seu relat\u00f3rio m\u00e9dico \u00e9 um registro dos tratamentos anteriores realizados por m\u00e9dicos e hospitais. Os relat\u00f3rios podem variar em detalhes e extens\u00e3o, dependendo do hist\u00f3rico m\u00e9dico de cada paciente. No entanto, em geral, todos cont\u00eam informa\u00e7\u00f5es comuns, como exame f\u00edsico geral, bem como exame f\u00edsico pr\u00e9-anest\u00e9sico focado, incluindo avalia\u00e7\u00e3o das vias a\u00e9reas, pulm\u00f5es e cora\u00e7\u00e3o, com documenta\u00e7\u00e3o dos sinais vitais. Outras informa\u00e7\u00f5es m\u00e9dicas, como vis\u00e3o, audi\u00e7\u00e3o e respostas do sistema nervoso, tamb\u00e9m podem ser solicitadas. Qualquer achado anormal inesperado no exame f\u00edsico deve ser investigado antes da cirurgia eletiva.<\/p>\n<h3>Exames gerais<\/h3>\n<article dir=\"auto\" tabindex=\"-1\" data-turn-id=\"02afea86-503c-4874-acb2-90a0a4ed37a7\" data-testid=\"conversation-turn-37\" data-scroll-anchor=\"false\" data-turn=\"user\">\n<ul>\n<li style=\"font-weight: 400;\" aria-level=\"1\">Hemograma completo (CBC)<\/li>\n<li style=\"font-weight: 400;\" aria-level=\"1\">Eletr\u00f3litos<\/li>\n<li style=\"font-weight: 400;\" aria-level=\"1\">Teste de HIV<\/li>\n<li style=\"font-weight: 400;\" aria-level=\"1\">Triagem de hepatite<\/li>\n<li style=\"font-weight: 400;\" aria-level=\"1\">Radiografia de t\u00f3rax<\/li>\n<\/ul>\n<\/article>\n<p>Um exame de sangue ser\u00e1 realizado para verificar o seu estado geral de sa\u00fade, e provavelmente ser\u00e1 feito tamb\u00e9m um eletrocardiograma (ECG), no qual eletrodos s\u00e3o colocados no peito para medir a fun\u00e7\u00e3o card\u00edaca. Se houver qualquer preocupa\u00e7\u00e3o com os pulm\u00f5es, pode ser necess\u00e1ria uma radiografia de t\u00f3rax.<\/p>\n<p><b>Exame obrigat\u00f3rio antes da cirurgia de redesigna\u00e7\u00e3o sexual<\/b><\/p>\n<p><b><\/b> \u00c9 necess\u00e1ria uma avalia\u00e7\u00e3o psicol\u00f3gica para determinar se existem quest\u00f5es de sa\u00fade mental que possam influenciar o estado emocional da pessoa e para avaliar a sua prontid\u00e3o para enfrentar as tens\u00f5es f\u00edsicas e emocionais do processo de transi\u00e7\u00e3o. Ap\u00f3s a avalia\u00e7\u00e3o, deve ser apresentada uma carta de um psiquiatra.<\/p>\n<p>\t\t\t\t\t\t\t\t\t\t\t\t\t<img decoding=\"async\" width=\"1280\" height=\"720\" src=\"https:\/\/www.kamolhospital.com\/wp-content\/uploads\/2025\/06\/0d4df3c350395141fb53c8d5079f9f2e6777ff82-1.jpg\" alt=\"\" srcset=\"https:\/\/www.kamolhospital.com\/wp-content\/uploads\/2025\/06\/0d4df3c350395141fb53c8d5079f9f2e6777ff82-1.jpg 1280w, https:\/\/www.kamolhospital.com\/wp-content\/uploads\/2025\/06\/0d4df3c350395141fb53c8d5079f9f2e6777ff82-1-300x169.jpg 300w, https:\/\/www.kamolhospital.com\/wp-content\/uploads\/2025\/06\/0d4df3c350395141fb53c8d5079f9f2e6777ff82-1-1024x576.jpg 1024w, https:\/\/www.kamolhospital.com\/wp-content\/uploads\/2025\/06\/0d4df3c350395141fb53c8d5079f9f2e6777ff82-1-768x432.jpg 768w\" sizes=\"(max-width: 1280px) 100vw, 1280px\" \/>\t\t\t\t\t\t\t\t\t\t\t\t\t\t\t\t2\t\t\t\t\t<\/p>\n<h2>Prepara\u00e7\u00e3o pr\u00e9-operat\u00f3ria<\/h2>\n<p data-start=\"0\" data-end=\"172\">Procedimentos diferentes exigem diferentes prepara\u00e7\u00f5es pr\u00e9-operat\u00f3rias. Selecione o procedimento de interesse e a sua idade para ver mais informa\u00e7\u00f5es.<\/p>\n<p data-start=\"174\" data-end=\"231\" data-is-last-node=\"\" data-is-only-node=\"\"><b>Nota<\/b><\/p>\n<ul>\n<li style=\"font-weight: 400;\" aria-level=\"1\">LA = Anestesia local<\/li>\n<li data-start=\"174\" data-end=\"231\">GA = Anestesia geral<\/li>\n<\/ul>\n<p>    <form id=\"kmt-filter\">\n\t\t<div class=\"custom-select-wrapper\">\n        <select id=\"kmt_procedure\" name=\"kmt_procedure\">\n            <option value=\"\">Select Procedure<\/option>\n            <option value=\"abdominal-etching\">Abdominal etching<\/option><option value=\"blepharoplasty-eyelid-surgery-la-ga\">Blepharoplasty (eyelid surgery) [LA\/GA]<\/option><option value=\"breast-augmentation\">Breast augmentation<\/option><option value=\"breast-lift\">Breast lift<\/option><option value=\"breast-reconstruction\">Breast reconstruction<\/option><option value=\"brow-bone-shaving-bossing\">Brow bone shaving\/bossing<\/option><option value=\"buttock-augmentation\">Buttock augmentation<\/option><option value=\"cheek-augmentation-reduction\">Cheek augmentation\/reduction<\/option><option value=\"chin-contouring\">Chin contouring<\/option><option value=\"cleft-lip-and-palate-repair\">Cleft lip and palate repair<\/option><option value=\"eyebrow-lift\">Eyebrow lift<\/option><option value=\"face-and-neck-lift\">Face and neck lift<\/option><option value=\"fat-transfer\">Fat transfer<\/option><option value=\"forehead-contouring\">Forehead contouring<\/option><option value=\"forehead-lift\">Forehead lift<\/option><option value=\"full-metoidioplasty-package-metoidioplasty-vaginectomy-urethral-lengthening-scrotoplasty-with-implants\">Full Metoidioplasty package- Metoidioplasty- Vaginectomy- Urethral lengthening- Scrotoplasty with implants<\/option><option value=\"hairline-lowering\">Hairline lowering<\/option><option value=\"hip-augmentation\">Hip augmentation<\/option><option value=\"hypospadia\">Hypospadia<\/option><option value=\"jaw-contouring\">Jaw contouring<\/option><option value=\"labiaplasty-without-vagina\">Labiaplasty without vagina<\/option><option value=\"lip-lift-la-ga\">Lip lift [LA\/GA]<\/option><option value=\"lipectomy\">Lipectomy<\/option><option value=\"liposuction\">Liposuction<\/option><option value=\"male-to-female-mtf-breast-augmentation\">Male-to-Female (MTF) breast augmentation<\/option><option value=\"mastectomy\">Mastectomy<\/option><option value=\"metoidioplasty-or-simple-release\">Metoidioplasty or simple release<\/option><option value=\"nipple-areolar-correction\">Nipple\/Areolar correction<\/option><option value=\"oophorectomy-and-hysterectomy\">Oophorectomy and Hysterectomy<\/option><option value=\"other-reconstructions\">Other reconstructions<\/option><option value=\"otoplasty-cosmetic-ear-surgery-la-ga\">Otoplasty (cosmetic ear surgery) [LA\/GA]<\/option><option value=\"pectoral-implant\">Pectoral implant<\/option><option value=\"penile-implant\">Penile implant<\/option><option value=\"phalloplasty\">Phalloplasty<\/option><option value=\"rhinoplasty-nose-reconstruction-la-ga\">Rhinoplasty (nose reconstruction) [LA\/GA]<\/option><option value=\"scar-revision\">Scar revision<\/option><option value=\"scrotoplasty-with-testicular-implants\">Scrotoplasty with testicular implants<\/option><option value=\"sex-reassignment-surgery-srs-correction\">Sex reassignment surgery (SRS) correction<\/option><option value=\"tracheal-shave-adams-apple-surgery-la-ga\">Tracheal shave (Adam\u2019s apple surgery) [LA\/GA]<\/option><option value=\"urethral-lengthening\">Urethral lengthening<\/option><option value=\"vaginal-atresia\">Vaginal atresia<\/option><option value=\"vaginal-closure\">Vaginal closure<\/option><option value=\"vaginoplasty-with-colon-technique\">Vaginoplasty with colon technique<\/option><option value=\"vaginoplasty-with-skin-graft-technique\">Vaginoplasty with skin graft technique<\/option><option value=\"voice-feminization-surgery\">Voice feminization surgery<\/option>        <\/select>\n\t\t\t<i class=\"fas fa-chevron-down\"><\/i>\n\t\t<\/div>\n\t\t<div class=\"custom-select-wrapper\">\n        <select id=\"kmt_age\" name=\"kmt_age\">\n            <option value=\"\">Select Age<\/option>\n            <option value=\"35-39-years-old\">35 - 39 years old<\/option><option value=\"40-49-years-old\">40 - 49 years old<\/option><option value=\"40-49-years-old-with-underlying-diseases-or-50-years-old-and-above\">40 - 49 years old with underlying diseases, or 50 years old and above<\/option><option value=\"below-35-years-old\">Below 35 years old<\/option>\t\t\t<i class=\"fas fa-chevron-down\"><\/i>\n        <\/select><i class=\"fas fa-chevron-down\"><\/i>\n\t\t<\/div>\n    <\/form>\n    <div id=\"kmt-results\" style=\"display:none;\"><\/div>\t\t\t\t\t\t\t\t\t\t\t\t\t<img decoding=\"async\" width=\"656\" height=\"438\" src=\"https:\/\/www.kamolhospital.com\/wp-content\/uploads\/2025\/06\/8d4b413e18eace.jpg\" alt=\"\" srcset=\"https:\/\/www.kamolhospital.com\/wp-content\/uploads\/2025\/06\/8d4b413e18eace.jpg 656w, https:\/\/www.kamolhospital.com\/wp-content\/uploads\/2025\/06\/8d4b413e18eace-300x200.jpg 300w\" sizes=\"(max-width: 656px) 100vw, 656px\" \/>\t\t\t\t\t\t\t\t\t\t\t\t\t\t\t\t3\t\t\t\t\t<\/p>\n<h2> Requisitos de visto para viajar \u00e0 Tail\u00e2ndia<\/h2>\n<p>Certifique-se de que possui o visto exigido para a sua estadia na Tail\u00e2ndia. Se n\u00e3o tiver certeza, consulte a Embaixada Real da Tail\u00e2ndia em seu pa\u00eds ou visite o site oficial.<\/p>\n<p><b>Isen\u00e7\u00e3o de visto para viajantes dos EUA e Canad\u00e1 (30 dias)<\/b><\/p>\n<ul>\n<li style=\"font-weight: 400;\" aria-level=\"1\">A viagem deve ser exclusivamente para turismo.<\/li>\n<li style=\"font-weight: 400;\" aria-level=\"1\">\u00c9 necess\u00e1rio ter uma passagem de retorno confirmada dentro de 30 dias.<\/li>\n<li style=\"font-weight: 400;\" aria-level=\"1\">Deve portar 10.000 THB (indiv\u00edduos) ou 20.000 THB (fam\u00edlias) em dinheiro.<\/li>\n<li style=\"font-weight: 400;\" aria-level=\"1\">\u00c9 permitido levar at\u00e9 50.000 THB em dinheiro; moeda estrangeira acima de 20.000 USD deve ser declarada.<\/li>\n<li style=\"font-weight: 400;\" aria-level=\"1\">A entrada est\u00e1 sujeita \u00e0 discri\u00e7\u00e3o dos oficiais de imigra\u00e7\u00e3o tailandeses.<\/li>\n<\/ul>\n<p><b>Extens\u00f5es de visto e reentrada<\/b><\/p>\n<ul>\n<li style=\"font-weight: 400;\" aria-level=\"1\">A isen\u00e7\u00e3o de visto n\u00e3o pode ser prorrogada, mas os viajantes podem sair e reentrar por via a\u00e9rea. As travessias por fronteira terrestre podem n\u00e3o se qualificar.<\/li>\n<li style=\"font-weight: 400;\" aria-level=\"1\">Um visto m\u00e9dico pode ser prorrogado pelo hospital.<\/li>\n<\/ul>\n<ul>\n<li>\n\t\t\t\t\t\t\t<svg xmlns=\"http:\/\/www.w3.org\/2000\/svg\" width=\"36\" height=\"37\" viewBox=\"0 0 36 37\" fill=\"none\"><rect y=\"0.0722656\" width=\"36\" height=\"36\" rx=\"18\" fill=\"#CDE0F9\"><\/rect><g clip-path=\"url(#clip0_1104_54389)\"><path d=\"M18.0003 21.4054V18.0721M18.0003 14.7388H18.0087M26.3337 18.0721C26.3337 22.6745 22.6027 26.4054 18.0003 26.4054C13.398 26.4054 9.66699 22.6745 9.66699 18.0721C9.66699 13.4697 13.398 9.73877 18.0003 9.73877C22.6027 9.73877 26.3337 13.4697 26.3337 18.0721Z\" stroke=\"#4675B1\" stroke-width=\"2\" stroke-linecap=\"round\" stroke-linejoin=\"round\"><\/path><\/g><defs><clipPath id=\"clip0_1104_54389\"><rect width=\"20\" height=\"20\" fill=\"white\" transform=\"translate(8 8.07227)\"><\/rect><\/clipPath><\/defs><\/svg><br \/>\n\t\t\t\t\t\t\t\t\t\tGuarde o cart\u00e3o de sa\u00edda da imigra\u00e7\u00e3o \u2014 ele \u00e9 obrigat\u00f3rio para deixar a Tail\u00e2ndia.\n\t\t\t\t\t\t\t\t\t<\/li>\n<li>\n\t\t\t\t\t\t\t<svg xmlns=\"http:\/\/www.w3.org\/2000\/svg\" width=\"36\" height=\"37\" viewBox=\"0 0 36 37\" fill=\"none\"><rect y=\"0.0722656\" width=\"36\" height=\"36\" rx=\"18\" fill=\"#CDE0F9\"><\/rect><g clip-path=\"url(#clip0_1104_54393)\"><path d=\"M16.3335 18.9057C16.6914 19.3842 17.148 19.7801 17.6723 20.0665C18.1967 20.353 18.7765 20.5233 19.3724 20.566C19.9684 20.6087 20.5665 20.5227 21.1263 20.3139C21.6861 20.1051 22.1945 19.7783 22.6169 19.3557L25.1169 16.8557C25.8759 16.0699 26.2958 15.0174 26.2863 13.9249C26.2769 12.8324 25.8387 11.7874 25.0661 11.0148C24.2936 10.2423 23.2485 9.80408 22.156 9.79459C21.0636 9.7851 20.011 10.2051 19.2252 10.9641L17.7919 12.3891M19.6668 17.2391C19.309 16.7606 18.8524 16.3648 18.328 16.0783C17.8037 15.7918 17.2239 15.6215 16.628 15.5788C16.032 15.5361 15.4338 15.6221 14.874 15.8309C14.3142 16.0397 13.8059 16.3665 13.3835 16.7891L10.8835 19.2891C10.1245 20.0749 9.70453 21.1274 9.71402 22.2199C9.72352 23.3124 10.1617 24.3575 10.9343 25.13C11.7068 25.9025 12.7518 26.3407 13.8443 26.3502C14.9368 26.3597 15.9893 25.9397 16.7752 25.1807L18.2002 23.7557\" stroke=\"#4675B1\" stroke-width=\"2\" stroke-linecap=\"round\" stroke-linejoin=\"round\"><\/path><\/g><defs><clipPath id=\"clip0_1104_54393\"><rect width=\"20\" height=\"20\" fill=\"white\" transform=\"translate(8 8.07227)\"><\/rect><\/clipPath><\/defs><\/svg><br \/>\n\t\t\t\t\t\t\t\t\t\tMais informa\u00e7\u00f5es: <a href=\"http:\/\/www.mfa.go.th\/main\/en\/services\/4908\/15405-General-information.html\" style=\"color:#fff;text-decoration:underline\"> Site da Imigra\u00e7\u00e3o da Tail\u00e2ndia.<\/a>\n\t\t\t\t\t\t\t\t\t<\/li>\n<\/ul>\n<p>\t\t\t\t\t\t\t\t\t\t\t\t<a role=\"button\"><br \/>\n\t\t\t\t\t\t\t\t\tAnterior<br \/>\n\t\t\t\t\t<\/a><br \/>\n\t\t\t\t\t\t\t\t\t\t\t\t\t\t<a role=\"button\"><br \/>\n\t\t\t\t\t\t\t\t\tpr\u00f3ximo<br \/>\n\t\t\t\t\t<\/a><\/p>\n","protected":false},"excerpt":{"rendered":"<p>VIAGEM M\u00c9DICA Comece a sua jornada aqui Sendo uma das mais novas instala\u00e7\u00f5es m\u00e9dicas constru\u00eddas para esse fim no mundo, o Hospital Kamol foi projetado do zero para oferecer conforto e conveni\u00eancia aos pacientes. HOSPITAL KAMOL No Hospital de Cirurgia Est\u00e9tica Kamol, oferecemos cirurgias est\u00e9ticas e de afirma\u00e7\u00e3o de g\u00eanero avan\u00e7adas, com os mais altos [&hellip;]<\/p>\n","protected":false},"author":2,"featured_media":0,"parent":41712,"menu_order":0,"comment_status":"closed","ping_status":"closed","template":"","meta":{"_acf_changed":false,"footnotes":""},"class_list":["post-52015","page","type-page","status-publish","hentry"],"acf":[],"yoast_head":"<!-- This site is optimized with the Yoast SEO plugin v26.0 - https:\/\/yoast.com\/wordpress\/plugins\/seo\/ -->\n<title>Antes da chegada - Kamol Hospital<\/title>\n<meta name=\"robots\" content=\"noindex, follow, max-snippet:-1, max-image-preview:large, max-video-preview:-1\" \/>\n<meta property=\"og:locale\" content=\"pt_PT\" \/>\n<meta property=\"og:type\" content=\"article\" \/>\n<meta property=\"og:title\" content=\"Antes da chegada - Kamol Hospital\" \/>\n<meta property=\"og:description\" content=\"VIAGEM M\u00c9DICA Comece a sua jornada aqui Sendo uma das mais novas instala\u00e7\u00f5es m\u00e9dicas constru\u00eddas para esse fim no mundo, o Hospital Kamol foi projetado do zero para oferecer conforto e conveni\u00eancia aos pacientes. HOSPITAL KAMOL No Hospital de Cirurgia Est\u00e9tica Kamol, oferecemos cirurgias est\u00e9ticas e de afirma\u00e7\u00e3o de g\u00eanero avan\u00e7adas, com os mais altos [&hellip;]\" \/>\n<meta property=\"og:url\" content=\"https:\/\/backup.kamolhospital.com\/pt-pt\/kamol-trip\/pre-arrival\/\" \/>\n<meta property=\"og:site_name\" content=\"Kamol Hospital\" \/>\n<meta property=\"article:modified_time\" content=\"2025-10-01T14:02:15+00:00\" \/>\n<meta property=\"og:image\" content=\"https:\/\/www.kamolhospital.com\/wp-content\/uploads\/2025\/06\/945dcb1af2d9cc604260741f5842ac8020560930.jpg\" \/>\n<meta name=\"twitter:card\" content=\"summary_large_image\" \/>\n<meta name=\"twitter:label1\" content=\"Tempo estimado de leitura\" \/>\n\t<meta name=\"twitter:data1\" content=\"3 minutos\" \/>\n<script type=\"application\/ld+json\" class=\"yoast-schema-graph\">{\"@context\":\"https:\/\/schema.org\",\"@graph\":[{\"@type\":\"WebPage\",\"@id\":\"https:\/\/backup.kamolhospital.com\/pt-pt\/kamol-trip\/pre-arrival\/\",\"url\":\"https:\/\/backup.kamolhospital.com\/pt-pt\/kamol-trip\/pre-arrival\/\",\"name\":\"Antes da chegada - Kamol Hospital\",\"isPartOf\":{\"@id\":\"https:\/\/backup.kamolhospital.com\/pt-pt\/#website\"},\"primaryImageOfPage\":{\"@id\":\"https:\/\/backup.kamolhospital.com\/pt-pt\/kamol-trip\/pre-arrival\/#primaryimage\"},\"image\":{\"@id\":\"https:\/\/backup.kamolhospital.com\/pt-pt\/kamol-trip\/pre-arrival\/#primaryimage\"},\"thumbnailUrl\":\"https:\/\/www.kamolhospital.com\/wp-content\/uploads\/2025\/06\/945dcb1af2d9cc604260741f5842ac8020560930.jpg\",\"datePublished\":\"2025-06-11T03:26:10+00:00\",\"dateModified\":\"2025-10-01T14:02:15+00:00\",\"breadcrumb\":{\"@id\":\"https:\/\/backup.kamolhospital.com\/pt-pt\/kamol-trip\/pre-arrival\/#breadcrumb\"},\"inLanguage\":\"pt-PT\",\"potentialAction\":[{\"@type\":\"ReadAction\",\"target\":[\"https:\/\/backup.kamolhospital.com\/pt-pt\/kamol-trip\/pre-arrival\/\"]}]},{\"@type\":\"ImageObject\",\"inLanguage\":\"pt-PT\",\"@id\":\"https:\/\/backup.kamolhospital.com\/pt-pt\/kamol-trip\/pre-arrival\/#primaryimage\",\"url\":\"https:\/\/www.kamolhospital.com\/wp-content\/uploads\/2025\/06\/945dcb1af2d9cc604260741f5842ac8020560930.jpg\",\"contentUrl\":\"https:\/\/www.kamolhospital.com\/wp-content\/uploads\/2025\/06\/945dcb1af2d9cc604260741f5842ac8020560930.jpg\"},{\"@type\":\"BreadcrumbList\",\"@id\":\"https:\/\/backup.kamolhospital.com\/pt-pt\/kamol-trip\/pre-arrival\/#breadcrumb\",\"itemListElement\":[{\"@type\":\"ListItem\",\"position\":1,\"name\":\"Home\",\"item\":\"https:\/\/backup.kamolhospital.com\/pt-pt\/\"},{\"@type\":\"ListItem\",\"position\":2,\"name\":\"Kamol Trip\",\"item\":\"https:\/\/backup.kamolhospital.com\/pt-pt\/kamol-trip\/\"},{\"@type\":\"ListItem\",\"position\":3,\"name\":\"Antes da chegada\"}]},{\"@type\":\"WebSite\",\"@id\":\"https:\/\/backup.kamolhospital.com\/pt-pt\/#website\",\"url\":\"https:\/\/backup.kamolhospital.com\/pt-pt\/\",\"name\":\"Kamol Hospital\",\"description\":\"\",\"publisher\":{\"@id\":\"https:\/\/backup.kamolhospital.com\/pt-pt\/#organization\"},\"potentialAction\":[{\"@type\":\"SearchAction\",\"target\":{\"@type\":\"EntryPoint\",\"urlTemplate\":\"https:\/\/backup.kamolhospital.com\/pt-pt\/?s={search_term_string}\"},\"query-input\":{\"@type\":\"PropertyValueSpecification\",\"valueRequired\":true,\"valueName\":\"search_term_string\"}}],\"inLanguage\":\"pt-PT\"},{\"@type\":\"Organization\",\"@id\":\"https:\/\/backup.kamolhospital.com\/pt-pt\/#organization\",\"name\":\"Kamol Hospital\",\"url\":\"https:\/\/backup.kamolhospital.com\/pt-pt\/\",\"logo\":{\"@type\":\"ImageObject\",\"inLanguage\":\"pt-PT\",\"@id\":\"https:\/\/backup.kamolhospital.com\/pt-pt\/#\/schema\/logo\/image\/\",\"url\":\"https:\/\/backup.kamolhospital.com\/wp-content\/uploads\/2025\/04\/kamol-logo.svg\",\"contentUrl\":\"https:\/\/backup.kamolhospital.com\/wp-content\/uploads\/2025\/04\/kamol-logo.svg\",\"width\":157,\"height\":51,\"caption\":\"Kamol Hospital\"},\"image\":{\"@id\":\"https:\/\/backup.kamolhospital.com\/pt-pt\/#\/schema\/logo\/image\/\"}}]}<\/script>\n<!-- \/ Yoast SEO plugin. -->","yoast_head_json":{"title":"Antes da chegada - Kamol Hospital","robots":{"index":"noindex","follow":"follow","max-snippet":"max-snippet:-1","max-image-preview":"max-image-preview:large","max-video-preview":"max-video-preview:-1"},"og_locale":"pt_PT","og_type":"article","og_title":"Antes da chegada - Kamol Hospital","og_description":"VIAGEM M\u00c9DICA Comece a sua jornada aqui Sendo uma das mais novas instala\u00e7\u00f5es m\u00e9dicas constru\u00eddas para esse fim no mundo, o Hospital Kamol foi projetado do zero para oferecer conforto e conveni\u00eancia aos pacientes. HOSPITAL KAMOL No Hospital de Cirurgia Est\u00e9tica Kamol, oferecemos cirurgias est\u00e9ticas e de afirma\u00e7\u00e3o de g\u00eanero avan\u00e7adas, com os mais altos [&hellip;]","og_url":"https:\/\/backup.kamolhospital.com\/pt-pt\/kamol-trip\/pre-arrival\/","og_site_name":"Kamol Hospital","article_modified_time":"2025-10-01T14:02:15+00:00","og_image":[{"url":"https:\/\/www.kamolhospital.com\/wp-content\/uploads\/2025\/06\/945dcb1af2d9cc604260741f5842ac8020560930.jpg","type":"","width":"","height":""}],"twitter_card":"summary_large_image","twitter_misc":{"Tempo estimado de leitura":"3 minutos"},"schema":{"@context":"https:\/\/schema.org","@graph":[{"@type":"WebPage","@id":"https:\/\/backup.kamolhospital.com\/pt-pt\/kamol-trip\/pre-arrival\/","url":"https:\/\/backup.kamolhospital.com\/pt-pt\/kamol-trip\/pre-arrival\/","name":"Antes da chegada - Kamol Hospital","isPartOf":{"@id":"https:\/\/backup.kamolhospital.com\/pt-pt\/#website"},"primaryImageOfPage":{"@id":"https:\/\/backup.kamolhospital.com\/pt-pt\/kamol-trip\/pre-arrival\/#primaryimage"},"image":{"@id":"https:\/\/backup.kamolhospital.com\/pt-pt\/kamol-trip\/pre-arrival\/#primaryimage"},"thumbnailUrl":"https:\/\/www.kamolhospital.com\/wp-content\/uploads\/2025\/06\/945dcb1af2d9cc604260741f5842ac8020560930.jpg","datePublished":"2025-06-11T03:26:10+00:00","dateModified":"2025-10-01T14:02:15+00:00","breadcrumb":{"@id":"https:\/\/backup.kamolhospital.com\/pt-pt\/kamol-trip\/pre-arrival\/#breadcrumb"},"inLanguage":"pt-PT","potentialAction":[{"@type":"ReadAction","target":["https:\/\/backup.kamolhospital.com\/pt-pt\/kamol-trip\/pre-arrival\/"]}]},{"@type":"ImageObject","inLanguage":"pt-PT","@id":"https:\/\/backup.kamolhospital.com\/pt-pt\/kamol-trip\/pre-arrival\/#primaryimage","url":"https:\/\/www.kamolhospital.com\/wp-content\/uploads\/2025\/06\/945dcb1af2d9cc604260741f5842ac8020560930.jpg","contentUrl":"https:\/\/www.kamolhospital.com\/wp-content\/uploads\/2025\/06\/945dcb1af2d9cc604260741f5842ac8020560930.jpg"},{"@type":"BreadcrumbList","@id":"https:\/\/backup.kamolhospital.com\/pt-pt\/kamol-trip\/pre-arrival\/#breadcrumb","itemListElement":[{"@type":"ListItem","position":1,"name":"Home","item":"https:\/\/backup.kamolhospital.com\/pt-pt\/"},{"@type":"ListItem","position":2,"name":"Kamol Trip","item":"https:\/\/backup.kamolhospital.com\/pt-pt\/kamol-trip\/"},{"@type":"ListItem","position":3,"name":"Antes da chegada"}]},{"@type":"WebSite","@id":"https:\/\/backup.kamolhospital.com\/pt-pt\/#website","url":"https:\/\/backup.kamolhospital.com\/pt-pt\/","name":"Kamol Hospital","description":"","publisher":{"@id":"https:\/\/backup.kamolhospital.com\/pt-pt\/#organization"},"potentialAction":[{"@type":"SearchAction","target":{"@type":"EntryPoint","urlTemplate":"https:\/\/backup.kamolhospital.com\/pt-pt\/?s={search_term_string}"},"query-input":{"@type":"PropertyValueSpecification","valueRequired":true,"valueName":"search_term_string"}}],"inLanguage":"pt-PT"},{"@type":"Organization","@id":"https:\/\/backup.kamolhospital.com\/pt-pt\/#organization","name":"Kamol Hospital","url":"https:\/\/backup.kamolhospital.com\/pt-pt\/","logo":{"@type":"ImageObject","inLanguage":"pt-PT","@id":"https:\/\/backup.kamolhospital.com\/pt-pt\/#\/schema\/logo\/image\/","url":"https:\/\/backup.kamolhospital.com\/wp-content\/uploads\/2025\/04\/kamol-logo.svg","contentUrl":"https:\/\/backup.kamolhospital.com\/wp-content\/uploads\/2025\/04\/kamol-logo.svg","width":157,"height":51,"caption":"Kamol Hospital"},"image":{"@id":"https:\/\/backup.kamolhospital.com\/pt-pt\/#\/schema\/logo\/image\/"}}]}},"_links":{"self":[{"href":"https:\/\/backup.kamolhospital.com\/pt-pt\/wp-json\/wp\/v2\/pages\/52015","targetHints":{"allow":["GET"]}}],"collection":[{"href":"https:\/\/backup.kamolhospital.com\/pt-pt\/wp-json\/wp\/v2\/pages"}],"about":[{"href":"https:\/\/backup.kamolhospital.com\/pt-pt\/wp-json\/wp\/v2\/types\/page"}],"author":[{"embeddable":true,"href":"https:\/\/backup.kamolhospital.com\/pt-pt\/wp-json\/wp\/v2\/users\/2"}],"replies":[{"embeddable":true,"href":"https:\/\/backup.kamolhospital.com\/pt-pt\/wp-json\/wp\/v2\/comments?post=52015"}],"version-history":[{"count":13,"href":"https:\/\/backup.kamolhospital.com\/pt-pt\/wp-json\/wp\/v2\/pages\/52015\/revisions"}],"predecessor-version":[{"id":85031,"href":"https:\/\/backup.kamolhospital.com\/pt-pt\/wp-json\/wp\/v2\/pages\/52015\/revisions\/85031"}],"up":[{"embeddable":true,"href":"https:\/\/backup.kamolhospital.com\/pt-pt\/wp-json\/wp\/v2\/pages\/41712"}],"wp:attachment":[{"href":"https:\/\/backup.kamolhospital.com\/pt-pt\/wp-json\/wp\/v2\/media?parent=52015"}],"curies":[{"name":"wp","href":"https:\/\/api.w.org\/{rel}","templated":true}]}}